{"id":22331,"date":"2023-01-28T17:07:49","date_gmt":"2023-01-28T16:07:49","guid":{"rendered":"https:\/\/rondino.fr\/produit\/pasarela-de-madera-de-gran-longitud-ancho-de-paso-150-m\/"},"modified":"2026-03-17T14:28:39","modified_gmt":"2026-03-17T13:28:39","slug":"pasarela-de-madera-de-gran-longitud-ancho-de-paso-150-m","status":"publish","type":"product","link":"https:\/\/rondino.fr\/es\/produit\/pasarela-de-madera-de-gran-longitud-ancho-de-paso-150-m\/","title":{"rendered":"PASARELA DE MADERA DE GRAN LONGITUD &#8211; Ancho de paso 1,50 m"},"content":{"rendered":"","protected":false},"excerpt":{"rendered":"","protected":false},"featured_media":10895,"template":"","meta":[],"product_brand":[],"product_cat":[1698],"product_tag":[],"class_list":{"0":"post-22331","1":"product","2":"type-product","3":"status-publish","4":"has-post-thumbnail","6":"product_cat-wood-footbridges","7":"pa_longueur-14-00-m","8":"pa_longueur-13-00-m","9":"pa_longueur-12-00-m","10":"pa_longueur-11-00-m","11":"pa_longueur-10-00-m","12":"pa_longueur-9-00-m","13":"pa_variantes-640160-pasarela-de-madera-laminada-encolada-long-1400-m","14":"pa_variantes-640-150-pasarela-de-madera-laminada-encolada-long-1300-m","15":"pa_variantes-640140-pasarela-de-madera-laminada-encolada-long-1200-m","16":"pa_variantes-640130-pasarela-de-madera-laminada-encolada-long-1100-m","17":"pa_variantes-640-120-pasarela-de-madera-laminada-encolada-long-1000-m","18":"pa_variantes-640110-pasarela-de-madera-laminada-encolada-long-900-m","20":"first","21":"outofstock","22":"shipping-taxable","23":"purchasable","24":"product-type-variable","25":"has-default-attributes"},"yoast_head":"<!-- This site is optimized with the Yoast SEO Premium plugin v27.2 (Yoast SEO v27.4) - https:\/\/yoast.com\/product\/yoast-seo-premium-wordpress\/ -->\n<title>PASARELA DE MADERA DE GRAN LONGITUD - Ancho de paso 1,50 m - Rondino<\/title>\n<meta name=\"description\" content=\"Pasarela de madera de pino clase 4 de gran longitud con un ancho de 1,50 m, perfecta para cruzar zonas extensas en espacios exteriores p\u00fablicos.\" \/>\n<meta name=\"robots\" content=\"index, follow, max-snippet:-1, max-image-preview:large, max-video-preview:-1\" \/>\n<link rel=\"canonical\" href=\"https:\/\/rondino.fr\/es\/produit\/pasarela-de-madera-de-gran-longitud-ancho-de-paso-150-m\/\" \/>\n<meta property=\"og:locale\" content=\"es_ES\" \/>\n<meta property=\"og:type\" content=\"article\" \/>\n<meta property=\"og:title\" content=\"PASARELA DE MADERA DE GRAN LONGITUD - Ancho de paso 1,50 m\" \/>\n<meta property=\"og:description\" content=\"Pasarela de madera de pino clase 4 de gran longitud con un ancho de 1,50 m, perfecta para cruzar zonas extensas en espacios exteriores p\u00fablicos.\" \/>\n<meta property=\"og:url\" content=\"https:\/\/rondino.fr\/es\/produit\/pasarela-de-madera-de-gran-longitud-ancho-de-paso-150-m\/\" \/>\n<meta property=\"og:site_name\" content=\"Rondino\" \/>\n<meta property=\"article:publisher\" content=\"https:\/\/www.facebook.com\/gaillardrondino\/\" \/>\n<meta property=\"article:modified_time\" content=\"2026-03-17T13:28:39+00:00\" \/>\n<meta property=\"og:image\" content=\"https:\/\/rondino.fr\/wp-content\/uploads\/2024\/01\/640110-1-1.jpg\" \/>\n\t<meta property=\"og:image:width\" content=\"800\" \/>\n\t<meta property=\"og:image:height\" content=\"600\" \/>\n\t<meta property=\"og:image:type\" content=\"image\/jpeg\" \/>\n<meta name=\"twitter:card\" content=\"summary_large_image\" \/>\n<meta name=\"twitter:label1\" content=\"Disponibilidad\" \/>\n\t<meta name=\"twitter:data1\" content=\"Sin existencias\" \/>\n<script type=\"application\/ld+json\" class=\"yoast-schema-graph\">{\"@context\":\"https:\\\/\\\/schema.org\",\"@graph\":[{\"@type\":\"WebPage\",\"@id\":\"https:\\\/\\\/rondino.fr\\\/es\\\/produit\\\/pasarela-de-madera-de-gran-longitud-ancho-de-paso-150-m\\\/\",\"url\":\"https:\\\/\\\/rondino.fr\\\/es\\\/produit\\\/pasarela-de-madera-de-gran-longitud-ancho-de-paso-150-m\\\/\",\"name\":\"PASARELA DE MADERA DE GRAN LONGITUD - Ancho de paso 1,50 m - Rondino\",\"isPartOf\":{\"@id\":\"https:\\\/\\\/rondino.fr\\\/es\\\/#website\"},\"primaryImageOfPage\":{\"@id\":\"https:\\\/\\\/rondino.fr\\\/es\\\/produit\\\/pasarela-de-madera-de-gran-longitud-ancho-de-paso-150-m\\\/#primaryimage\"},\"image\":{\"@id\":\"https:\\\/\\\/rondino.fr\\\/es\\\/produit\\\/pasarela-de-madera-de-gran-longitud-ancho-de-paso-150-m\\\/#primaryimage\"},\"thumbnailUrl\":\"https:\\\/\\\/rondino.fr\\\/wp-content\\\/uploads\\\/2024\\\/01\\\/640110-1-1.jpg\",\"datePublished\":\"2023-01-28T16:07:49+00:00\",\"dateModified\":\"2026-03-17T13:28:39+00:00\",\"description\":\"Pasarela de madera de pino clase 4 de gran longitud con un ancho de 1,50 m, perfecta para cruzar zonas extensas en espacios exteriores p\u00fablicos.\",\"breadcrumb\":{\"@id\":\"https:\\\/\\\/rondino.fr\\\/es\\\/produit\\\/pasarela-de-madera-de-gran-longitud-ancho-de-paso-150-m\\\/#breadcrumb\"},\"inLanguage\":\"es\",\"potentialAction\":[{\"@type\":\"ReadAction\",\"target\":[\"https:\\\/\\\/rondino.fr\\\/es\\\/produit\\\/pasarela-de-madera-de-gran-longitud-ancho-de-paso-150-m\\\/\"]}]},{\"@type\":\"ImageObject\",\"inLanguage\":\"es\",\"@id\":\"https:\\\/\\\/rondino.fr\\\/es\\\/produit\\\/pasarela-de-madera-de-gran-longitud-ancho-de-paso-150-m\\\/#primaryimage\",\"url\":\"https:\\\/\\\/rondino.fr\\\/wp-content\\\/uploads\\\/2024\\\/01\\\/640110-1-1.jpg\",\"contentUrl\":\"https:\\\/\\\/rondino.fr\\\/wp-content\\\/uploads\\\/2024\\\/01\\\/640110-1-1.jpg\",\"width\":800,\"height\":600,\"caption\":\"Pasarela peatonal de madera de pino clase 4, dise\u00f1ada para facilitar el acceso y la circulaci\u00f3n en espacios exteriores p\u00fablicos, como parques y senderos - RONDINO.\"},{\"@type\":\"BreadcrumbList\",\"@id\":\"https:\\\/\\\/rondino.fr\\\/es\\\/produit\\\/pasarela-de-madera-de-gran-longitud-ancho-de-paso-150-m\\\/#breadcrumb\",\"itemListElement\":[{\"@type\":\"ListItem\",\"position\":1,\"name\":\"Accueil\",\"item\":\"https:\\\/\\\/rondino.fr\\\/es\\\/inicio\\\/\"},{\"@type\":\"ListItem\",\"position\":2,\"name\":\"Productos\",\"item\":\"https:\\\/\\\/rondino.fr\\\/es\\\/shop\\\/\"},{\"@type\":\"ListItem\",\"position\":3,\"name\":\"PASARELA DE MADERA DE GRAN LONGITUD &#8211; Ancho de paso 1,50 m\"}]},{\"@type\":\"WebSite\",\"@id\":\"https:\\\/\\\/rondino.fr\\\/es\\\/#website\",\"url\":\"https:\\\/\\\/rondino.fr\\\/es\\\/\",\"name\":\"Rondino\",\"description\":\"La solution bois pour vos am\u00e9nagements ext\u00e9rieurs et routiers\",\"publisher\":{\"@id\":\"https:\\\/\\\/rondino.fr\\\/es\\\/#organization\"},\"potentialAction\":[{\"@type\":\"SearchAction\",\"target\":{\"@type\":\"EntryPoint\",\"urlTemplate\":\"https:\\\/\\\/rondino.fr\\\/es\\\/?s={search_term_string}\"},\"query-input\":{\"@type\":\"PropertyValueSpecification\",\"valueRequired\":true,\"valueName\":\"search_term_string\"}}],\"inLanguage\":\"es\"},{\"@type\":\"Organization\",\"@id\":\"https:\\\/\\\/rondino.fr\\\/es\\\/#organization\",\"name\":\"Rondino\",\"url\":\"https:\\\/\\\/rondino.fr\\\/es\\\/\",\"logo\":{\"@type\":\"ImageObject\",\"inLanguage\":\"es\",\"@id\":\"https:\\\/\\\/rondino.fr\\\/es\\\/#\\\/schema\\\/logo\\\/image\\\/\",\"url\":\"https:\\\/\\\/rondino.fr\\\/wp-content\\\/uploads\\\/2023\\\/06\\\/Rondino-Logo.png\",\"contentUrl\":\"https:\\\/\\\/rondino.fr\\\/wp-content\\\/uploads\\\/2023\\\/06\\\/Rondino-Logo.png\",\"width\":394,\"height\":132,\"caption\":\"Rondino\"},\"image\":{\"@id\":\"https:\\\/\\\/rondino.fr\\\/es\\\/#\\\/schema\\\/logo\\\/image\\\/\"},\"sameAs\":[\"https:\\\/\\\/www.facebook.com\\\/gaillardrondino\\\/\",\"https:\\\/\\\/www.linkedin.com\\\/company\\\/rondino\",\"https:\\\/\\\/www.instagram.com\\\/rondino.fr\\\/\"],\"email\":\"info@rondino.fr\",\"legalName\":\"GAILLARD RONDINO\",\"numberOfEmployees\":{\"@type\":\"QuantitativeValue\",\"minValue\":\"51\",\"maxValue\":\"200\"}}]}<\/script>\n<meta property=\"og:availability\" content=\"out of stock\" \/>\n<meta property=\"product:availability\" content=\"out of stock\" \/>\n<meta property=\"product:retailer_item_id\" content=\"640 110 | 640 120 | 640 130 | 640 140 | 640 150 | 640 160\" \/>\n<meta property=\"product:condition\" content=\"new\" \/>\n<!-- \/ Yoast SEO Premium plugin. -->","yoast_head_json":{"title":"PASARELA DE MADERA DE GRAN LONGITUD - Ancho de paso 1,50 m - Rondino","description":"Pasarela de madera de pino clase 4 de gran longitud con un ancho de 1,50 m, perfecta para cruzar zonas extensas en espacios exteriores p\u00fablicos.","robots":{"index":"index","follow":"follow","max-snippet":"max-snippet:-1","max-image-preview":"max-image-preview:large","max-video-preview":"max-video-preview:-1"},"canonical":"https:\/\/rondino.fr\/es\/produit\/pasarela-de-madera-de-gran-longitud-ancho-de-paso-150-m\/","og_locale":"es_ES","og_type":"article","og_title":"PASARELA DE MADERA DE GRAN LONGITUD - Ancho de paso 1,50 m","og_description":"Pasarela de madera de pino clase 4 de gran longitud con un ancho de 1,50 m, perfecta para cruzar zonas extensas en espacios exteriores p\u00fablicos.","og_url":"https:\/\/rondino.fr\/es\/produit\/pasarela-de-madera-de-gran-longitud-ancho-de-paso-150-m\/","og_site_name":"Rondino","article_publisher":"https:\/\/www.facebook.com\/gaillardrondino\/","article_modified_time":"2026-03-17T13:28:39+00:00","og_image":[{"width":800,"height":600,"url":"https:\/\/rondino.fr\/wp-content\/uploads\/2024\/01\/640110-1-1.jpg","type":"image\/jpeg"}],"twitter_card":"summary_large_image","twitter_misc":{"Disponibilidad":"Sin existencias"},"schema":{"@context":"https:\/\/schema.org","@graph":[{"@type":"WebPage","@id":"https:\/\/rondino.fr\/es\/produit\/pasarela-de-madera-de-gran-longitud-ancho-de-paso-150-m\/","url":"https:\/\/rondino.fr\/es\/produit\/pasarela-de-madera-de-gran-longitud-ancho-de-paso-150-m\/","name":"PASARELA DE MADERA DE GRAN LONGITUD - Ancho de paso 1,50 m - Rondino","isPartOf":{"@id":"https:\/\/rondino.fr\/es\/#website"},"primaryImageOfPage":{"@id":"https:\/\/rondino.fr\/es\/produit\/pasarela-de-madera-de-gran-longitud-ancho-de-paso-150-m\/#primaryimage"},"image":{"@id":"https:\/\/rondino.fr\/es\/produit\/pasarela-de-madera-de-gran-longitud-ancho-de-paso-150-m\/#primaryimage"},"thumbnailUrl":"https:\/\/rondino.fr\/wp-content\/uploads\/2024\/01\/640110-1-1.jpg","datePublished":"2023-01-28T16:07:49+00:00","dateModified":"2026-03-17T13:28:39+00:00","description":"Pasarela de madera de pino clase 4 de gran longitud con un ancho de 1,50 m, perfecta para cruzar zonas extensas en espacios exteriores p\u00fablicos.","breadcrumb":{"@id":"https:\/\/rondino.fr\/es\/produit\/pasarela-de-madera-de-gran-longitud-ancho-de-paso-150-m\/#breadcrumb"},"inLanguage":"es","potentialAction":[{"@type":"ReadAction","target":["https:\/\/rondino.fr\/es\/produit\/pasarela-de-madera-de-gran-longitud-ancho-de-paso-150-m\/"]}]},{"@type":"ImageObject","inLanguage":"es","@id":"https:\/\/rondino.fr\/es\/produit\/pasarela-de-madera-de-gran-longitud-ancho-de-paso-150-m\/#primaryimage","url":"https:\/\/rondino.fr\/wp-content\/uploads\/2024\/01\/640110-1-1.jpg","contentUrl":"https:\/\/rondino.fr\/wp-content\/uploads\/2024\/01\/640110-1-1.jpg","width":800,"height":600,"caption":"Pasarela peatonal de madera de pino clase 4, dise\u00f1ada para facilitar el acceso y la circulaci\u00f3n en espacios exteriores p\u00fablicos, como parques y senderos - RONDINO."},{"@type":"BreadcrumbList","@id":"https:\/\/rondino.fr\/es\/produit\/pasarela-de-madera-de-gran-longitud-ancho-de-paso-150-m\/#breadcrumb","itemListElement":[{"@type":"ListItem","position":1,"name":"Accueil","item":"https:\/\/rondino.fr\/es\/inicio\/"},{"@type":"ListItem","position":2,"name":"Productos","item":"https:\/\/rondino.fr\/es\/shop\/"},{"@type":"ListItem","position":3,"name":"PASARELA DE MADERA DE GRAN LONGITUD &#8211; Ancho de paso 1,50 m"}]},{"@type":"WebSite","@id":"https:\/\/rondino.fr\/es\/#website","url":"https:\/\/rondino.fr\/es\/","name":"Rondino","description":"La solution bois pour vos am\u00e9nagements ext\u00e9rieurs et routiers","publisher":{"@id":"https:\/\/rondino.fr\/es\/#organization"},"potentialAction":[{"@type":"SearchAction","target":{"@type":"EntryPoint","urlTemplate":"https:\/\/rondino.fr\/es\/?s={search_term_string}"},"query-input":{"@type":"PropertyValueSpecification","valueRequired":true,"valueName":"search_term_string"}}],"inLanguage":"es"},{"@type":"Organization","@id":"https:\/\/rondino.fr\/es\/#organization","name":"Rondino","url":"https:\/\/rondino.fr\/es\/","logo":{"@type":"ImageObject","inLanguage":"es","@id":"https:\/\/rondino.fr\/es\/#\/schema\/logo\/image\/","url":"https:\/\/rondino.fr\/wp-content\/uploads\/2023\/06\/Rondino-Logo.png","contentUrl":"https:\/\/rondino.fr\/wp-content\/uploads\/2023\/06\/Rondino-Logo.png","width":394,"height":132,"caption":"Rondino"},"image":{"@id":"https:\/\/rondino.fr\/es\/#\/schema\/logo\/image\/"},"sameAs":["https:\/\/www.facebook.com\/gaillardrondino\/","https:\/\/www.linkedin.com\/company\/rondino","https:\/\/www.instagram.com\/rondino.fr\/"],"email":"info@rondino.fr","legalName":"GAILLARD RONDINO","numberOfEmployees":{"@type":"QuantitativeValue","minValue":"51","maxValue":"200"}}]},"og_availability":"out of stock","product_availability":"out of stock","product_retailer_item_id":"640 110 | 640 120 | 640 130 | 640 140 | 640 150 | 640 160","product_condition":"new"},"_links":{"self":[{"href":"https:\/\/rondino.fr\/es\/wp-json\/wp\/v2\/product\/22331","targetHints":{"allow":["GET"]}}],"collection":[{"href":"https:\/\/rondino.fr\/es\/wp-json\/wp\/v2\/product"}],"about":[{"href":"https:\/\/rondino.fr\/es\/wp-json\/wp\/v2\/types\/product"}],"version-history":[{"count":1,"href":"https:\/\/rondino.fr\/es\/wp-json\/wp\/v2\/product\/22331\/revisions"}],"predecessor-version":[{"id":22349,"href":"https:\/\/rondino.fr\/es\/wp-json\/wp\/v2\/product\/22331\/revisions\/22349"}],"wp:featuredmedia":[{"embeddable":true,"href":"https:\/\/rondino.fr\/es\/wp-json\/wp\/v2\/media\/10895"}],"wp:attachment":[{"href":"https:\/\/rondino.fr\/es\/wp-json\/wp\/v2\/media?parent=22331"}],"wp:term":[{"taxonomy":"product_brand","embeddable":true,"href":"https:\/\/rondino.fr\/es\/wp-json\/wp\/v2\/product_brand?post=22331"},{"taxonomy":"product_cat","embeddable":true,"href":"https:\/\/rondino.fr\/es\/wp-json\/wp\/v2\/product_cat?post=22331"},{"taxonomy":"product_tag","embeddable":true,"href":"https:\/\/rondino.fr\/es\/wp-json\/wp\/v2\/product_tag?post=22331"}],"curies":[{"name":"wp","href":"https:\/\/api.w.org\/{rel}","templated":true}]}}