{"id":22196,"date":"2023-01-27T17:38:40","date_gmt":"2023-01-27T16:38:40","guid":{"rendered":"https:\/\/rondino.fr\/produit\/large-span-wood-footbridge-passage-width-2-00-m\/"},"modified":"2026-03-09T11:37:58","modified_gmt":"2026-03-09T10:37:58","slug":"large-span-wood-footbridge-passage-width-2-00-m","status":"publish","type":"product","link":"https:\/\/rondino.fr\/es\/produit\/large-span-wood-footbridge-passage-width-2-00-m\/","title":{"rendered":"PASARELA DE MADERA DE GRAN LONGITUD &#8211; Anchura de paso 2,00 m"},"content":{"rendered":"\t\t<div data-elementor-type=\"product-post\" data-elementor-id=\"22196\" class=\"elementor elementor-22196 elementor-10901\" data-elementor-post-type=\"product\">\n\t\t\t\t\t\t<section class=\"elementor-section elementor-top-section elementor-element elementor-element-9ed8923 elementor-section-boxed elementor-section-height-default elementor-section-height-default\" data-id=\"9ed8923\" data-element_type=\"section\" data-e-type=\"section\">\n\t\t\t\t\t\t<div class=\"elementor-container elementor-column-gap-default\">\n\t\t\t\t\t<div class=\"elementor-column elementor-col-50 elementor-top-column elementor-element elementor-element-f04bf0f\" data-id=\"f04bf0f\" data-element_type=\"column\" data-e-type=\"column\">\n\t\t\t<div class=\"elementor-widget-wrap elementor-element-populated\">\n\t\t\t\t\t\t<div class=\"elementor-element elementor-element-3993b73 elementor-widget elementor-widget-image\" data-id=\"3993b73\" data-element_type=\"widget\" data-e-type=\"widget\" data-widget_type=\"image.default\">\n\t\t\t\t<div class=\"elementor-widget-container\">\n\t\t\t\t\t\t\t\t\t\t\t\t\t\t\t<img fetchpriority=\"high\" decoding=\"async\" width=\"800\" height=\"600\" src=\"https:\/\/rondino.fr\/wp-content\/uploads\/2024\/01\/640210-1.jpg\" class=\"attachment-large size-large wp-image-22197\" alt=\"Passerelle pi\u00e9tonne en bois pin classe 4 pour l\u2019am\u00e9nagement ext\u00e9rieur des espaces publics\" srcset=\"https:\/\/rondino.fr\/wp-content\/uploads\/2024\/01\/640210-1.jpg 800w, https:\/\/rondino.fr\/wp-content\/uploads\/2024\/01\/640210-1-522x392.jpg 522w, https:\/\/rondino.fr\/wp-content\/uploads\/2024\/01\/640210-1-512x384.jpg 512w, https:\/\/rondino.fr\/wp-content\/uploads\/2024\/01\/640210-1-768x576.jpg 768w\" sizes=\"(max-width: 800px) 100vw, 800px\" \/>\t\t\t\t\t\t\t\t\t\t\t\t\t\t\t<\/div>\n\t\t\t\t<\/div>\n\t\t\t\t\t<\/div>\n\t\t<\/div>\n\t\t\t\t<div class=\"elementor-column elementor-col-50 elementor-top-column elementor-element elementor-element-2508335\" data-id=\"2508335\" data-element_type=\"column\" data-e-type=\"column\">\n\t\t\t<div class=\"elementor-widget-wrap elementor-element-populated\">\n\t\t\t\t\t\t<div class=\"elementor-element elementor-element-ac6a657 elementor-widget elementor-widget-image\" data-id=\"ac6a657\" data-element_type=\"widget\" data-e-type=\"widget\" data-widget_type=\"image.default\">\n\t\t\t\t<div class=\"elementor-widget-container\">\n\t\t\t\t\t\t\t\t\t\t\t\t\t\t\t<img decoding=\"async\" width=\"800\" height=\"600\" src=\"https:\/\/rondino.fr\/wp-content\/uploads\/2024\/01\/640210-3.jpg\" class=\"attachment-large size-large wp-image-22199\" alt=\"Passerelle pi\u00e9tonne en bois pin classe 4 pour l\u2019am\u00e9nagement ext\u00e9rieur des espaces publics\" srcset=\"https:\/\/rondino.fr\/wp-content\/uploads\/2024\/01\/640210-3.jpg 800w, https:\/\/rondino.fr\/wp-content\/uploads\/2024\/01\/640210-3-522x392.jpg 522w, https:\/\/rondino.fr\/wp-content\/uploads\/2024\/01\/640210-3-512x384.jpg 512w, https:\/\/rondino.fr\/wp-content\/uploads\/2024\/01\/640210-3-768x576.jpg 768w\" sizes=\"(max-width: 800px) 100vw, 800px\" \/>\t\t\t\t\t\t\t\t\t\t\t\t\t\t\t<\/div>\n\t\t\t\t<\/div>\n\t\t\t\t\t<\/div>\n\t\t<\/div>\n\t\t\t\t\t<\/div>\n\t\t<\/section>\n\t\t\t\t<\/div>\n\t\t","protected":false},"excerpt":{"rendered":"","protected":false},"featured_media":22198,"template":"","meta":[],"product_brand":[],"product_cat":[1698],"product_tag":[],"class_list":{"0":"post-22196","1":"product","2":"type-product","3":"status-publish","4":"has-post-thumbnail","6":"product_cat-wood-footbridges","7":"pa_longueur-9-00-m","8":"pa_longueur-10-00-m","9":"pa_longueur-11-00-m","10":"pa_longueur-12-00-m","11":"pa_longueur-13-00-m","12":"pa_longueur-14-00-m","13":"pa_variantes-640210-glulam-wood-footbridge-lg-9-00-m","14":"pa_variantes-640220-glulam-wood-footbridge-lg-10-00-m","15":"pa_variantes-640230-glulam-wood-footbridge-lg-11-00-m","16":"pa_variantes-640240-glulam-wood-footbridge-lg-12-00-m","17":"pa_variantes-640250-glulam-wood-footbridge-lg-13-00-m","18":"pa_variantes-640260-glulam-wood-footbridge-lg-14-00-m","20":"first","21":"instock","22":"shipping-taxable","23":"purchasable","24":"product-type-variable","25":"has-default-attributes"},"yoast_head":"<!-- This site is optimized with the Yoast SEO Premium plugin v27.4 (Yoast SEO v27.4) - https:\/\/yoast.com\/product\/yoast-seo-premium-wordpress\/ -->\n<title>PASARELA DE MADERA DE GRAN LONGITUD - Anchura de paso 2,00 m - Rondino<\/title>\n<meta name=\"description\" content=\"Pasarela de madera de pino clase 4 de gran longitud con anchura de 2,00 m, adaptada para pasos peatonales amplios en espacios exteriores p\u00fablicos.\" \/>\n<meta name=\"robots\" content=\"index, follow, max-snippet:-1, max-image-preview:large, max-video-preview:-1\" \/>\n<link rel=\"canonical\" href=\"https:\/\/rondino.fr\/es\/produit\/large-span-wood-footbridge-passage-width-2-00-m\/\" \/>\n<meta property=\"og:locale\" content=\"es_ES\" \/>\n<meta property=\"og:type\" content=\"article\" \/>\n<meta property=\"og:title\" content=\"PASARELA DE MADERA DE GRAN LONGITUD - Anchura de paso 2,00 m\" \/>\n<meta property=\"og:description\" content=\"Pasarela de madera de pino clase 4 de gran longitud con anchura de 2,00 m, adaptada para pasos peatonales amplios en espacios exteriores p\u00fablicos.\" \/>\n<meta property=\"og:url\" content=\"https:\/\/rondino.fr\/es\/produit\/large-span-wood-footbridge-passage-width-2-00-m\/\" \/>\n<meta property=\"og:site_name\" content=\"Rondino\" \/>\n<meta property=\"article:publisher\" content=\"https:\/\/www.facebook.com\/gaillardrondino\/\" \/>\n<meta property=\"article:modified_time\" content=\"2026-03-09T10:37:58+00:00\" \/>\n<meta property=\"og:image\" content=\"https:\/\/rondino.fr\/wp-content\/uploads\/2024\/01\/640210-2.jpg\" \/>\n\t<meta property=\"og:image:width\" content=\"800\" \/>\n\t<meta property=\"og:image:height\" content=\"600\" \/>\n\t<meta property=\"og:image:type\" content=\"image\/jpeg\" \/>\n<meta name=\"twitter:card\" content=\"summary_large_image\" \/>\n<meta name=\"twitter:label1\" content=\"Disponibilidad\" \/>\n\t<meta name=\"twitter:data1\" content=\"Disponible\" \/>\n<script type=\"application\/ld+json\" class=\"yoast-schema-graph\">{\"@context\":\"https:\\\/\\\/schema.org\",\"@graph\":[{\"@type\":\"WebPage\",\"@id\":\"https:\\\/\\\/rondino.fr\\\/es\\\/produit\\\/large-span-wood-footbridge-passage-width-2-00-m\\\/\",\"url\":\"https:\\\/\\\/rondino.fr\\\/es\\\/produit\\\/large-span-wood-footbridge-passage-width-2-00-m\\\/\",\"name\":\"PASARELA DE MADERA DE GRAN LONGITUD - Anchura de paso 2,00 m - Rondino\",\"isPartOf\":{\"@id\":\"https:\\\/\\\/rondino.fr\\\/es\\\/#website\"},\"primaryImageOfPage\":{\"@id\":\"https:\\\/\\\/rondino.fr\\\/es\\\/produit\\\/large-span-wood-footbridge-passage-width-2-00-m\\\/#primaryimage\"},\"image\":{\"@id\":\"https:\\\/\\\/rondino.fr\\\/es\\\/produit\\\/large-span-wood-footbridge-passage-width-2-00-m\\\/#primaryimage\"},\"thumbnailUrl\":\"https:\\\/\\\/rondino.fr\\\/wp-content\\\/uploads\\\/2024\\\/01\\\/640210-2.jpg\",\"datePublished\":\"2023-01-27T16:38:40+00:00\",\"dateModified\":\"2026-03-09T10:37:58+00:00\",\"description\":\"Pasarela de madera de pino clase 4 de gran longitud con anchura de 2,00 m, adaptada para pasos peatonales amplios en espacios exteriores p\u00fablicos.\",\"breadcrumb\":{\"@id\":\"https:\\\/\\\/rondino.fr\\\/es\\\/produit\\\/large-span-wood-footbridge-passage-width-2-00-m\\\/#breadcrumb\"},\"inLanguage\":\"es\",\"potentialAction\":[{\"@type\":\"ReadAction\",\"target\":[\"https:\\\/\\\/rondino.fr\\\/es\\\/produit\\\/large-span-wood-footbridge-passage-width-2-00-m\\\/\"]}]},{\"@type\":\"ImageObject\",\"inLanguage\":\"es\",\"@id\":\"https:\\\/\\\/rondino.fr\\\/es\\\/produit\\\/large-span-wood-footbridge-passage-width-2-00-m\\\/#primaryimage\",\"url\":\"https:\\\/\\\/rondino.fr\\\/wp-content\\\/uploads\\\/2024\\\/01\\\/640210-2.jpg\",\"contentUrl\":\"https:\\\/\\\/rondino.fr\\\/wp-content\\\/uploads\\\/2024\\\/01\\\/640210-2.jpg\",\"width\":800,\"height\":600,\"caption\":\"Pasarela peatonal de madera de pino clase 4, dise\u00f1ada para facilitar el acceso y la circulaci\u00f3n en espacios exteriores p\u00fablicos, como parques y senderos - RONDINO.\"},{\"@type\":\"BreadcrumbList\",\"@id\":\"https:\\\/\\\/rondino.fr\\\/es\\\/produit\\\/large-span-wood-footbridge-passage-width-2-00-m\\\/#breadcrumb\",\"itemListElement\":[{\"@type\":\"ListItem\",\"position\":1,\"name\":\"Accueil\",\"item\":\"https:\\\/\\\/rondino.fr\\\/es\\\/inicio\\\/\"},{\"@type\":\"ListItem\",\"position\":2,\"name\":\"Productos\",\"item\":\"https:\\\/\\\/rondino.fr\\\/es\\\/shop\\\/\"},{\"@type\":\"ListItem\",\"position\":3,\"name\":\"PASARELA DE MADERA DE GRAN LONGITUD &#8211; Anchura de paso 2,00 m\"}]},{\"@type\":\"WebSite\",\"@id\":\"https:\\\/\\\/rondino.fr\\\/es\\\/#website\",\"url\":\"https:\\\/\\\/rondino.fr\\\/es\\\/\",\"name\":\"Rondino\",\"description\":\"La solution bois pour vos am\u00e9nagements ext\u00e9rieurs et routiers\",\"publisher\":{\"@id\":\"https:\\\/\\\/rondino.fr\\\/es\\\/#organization\"},\"potentialAction\":[{\"@type\":\"SearchAction\",\"target\":{\"@type\":\"EntryPoint\",\"urlTemplate\":\"https:\\\/\\\/rondino.fr\\\/es\\\/?s={search_term_string}\"},\"query-input\":{\"@type\":\"PropertyValueSpecification\",\"valueRequired\":true,\"valueName\":\"search_term_string\"}}],\"inLanguage\":\"es\"},{\"@type\":\"Organization\",\"@id\":\"https:\\\/\\\/rondino.fr\\\/es\\\/#organization\",\"name\":\"Rondino\",\"url\":\"https:\\\/\\\/rondino.fr\\\/es\\\/\",\"logo\":{\"@type\":\"ImageObject\",\"inLanguage\":\"es\",\"@id\":\"https:\\\/\\\/rondino.fr\\\/es\\\/#\\\/schema\\\/logo\\\/image\\\/\",\"url\":\"https:\\\/\\\/rondino.fr\\\/wp-content\\\/uploads\\\/2023\\\/06\\\/Rondino-Logo.png\",\"contentUrl\":\"https:\\\/\\\/rondino.fr\\\/wp-content\\\/uploads\\\/2023\\\/06\\\/Rondino-Logo.png\",\"width\":394,\"height\":132,\"caption\":\"Rondino\"},\"image\":{\"@id\":\"https:\\\/\\\/rondino.fr\\\/es\\\/#\\\/schema\\\/logo\\\/image\\\/\"},\"sameAs\":[\"https:\\\/\\\/www.facebook.com\\\/gaillardrondino\\\/\",\"https:\\\/\\\/www.linkedin.com\\\/company\\\/rondino\",\"https:\\\/\\\/www.instagram.com\\\/rondino.fr\\\/\"],\"email\":\"info@rondino.fr\",\"legalName\":\"GAILLARD RONDINO\",\"numberOfEmployees\":{\"@type\":\"QuantitativeValue\",\"minValue\":\"51\",\"maxValue\":\"200\"}}]}<\/script>\n<meta property=\"og:availability\" content=\"instock\" \/>\n<meta property=\"product:availability\" content=\"instock\" \/>\n<meta property=\"product:retailer_item_id\" content=\"640 210 | 640 220 | 640 230 | 640 240 | 640 250 | 640 260\" \/>\n<meta property=\"product:condition\" content=\"new\" \/>\n<!-- \/ Yoast SEO Premium plugin. -->","yoast_head_json":{"title":"PASARELA DE MADERA DE GRAN LONGITUD - Anchura de paso 2,00 m - Rondino","description":"Pasarela de madera de pino clase 4 de gran longitud con anchura de 2,00 m, adaptada para pasos peatonales amplios en espacios exteriores p\u00fablicos.","robots":{"index":"index","follow":"follow","max-snippet":"max-snippet:-1","max-image-preview":"max-image-preview:large","max-video-preview":"max-video-preview:-1"},"canonical":"https:\/\/rondino.fr\/es\/produit\/large-span-wood-footbridge-passage-width-2-00-m\/","og_locale":"es_ES","og_type":"article","og_title":"PASARELA DE MADERA DE GRAN LONGITUD - Anchura de paso 2,00 m","og_description":"Pasarela de madera de pino clase 4 de gran longitud con anchura de 2,00 m, adaptada para pasos peatonales amplios en espacios exteriores p\u00fablicos.","og_url":"https:\/\/rondino.fr\/es\/produit\/large-span-wood-footbridge-passage-width-2-00-m\/","og_site_name":"Rondino","article_publisher":"https:\/\/www.facebook.com\/gaillardrondino\/","article_modified_time":"2026-03-09T10:37:58+00:00","og_image":[{"width":800,"height":600,"url":"https:\/\/rondino.fr\/wp-content\/uploads\/2024\/01\/640210-2.jpg","type":"image\/jpeg"}],"twitter_card":"summary_large_image","twitter_misc":{"Disponibilidad":"Disponible"},"schema":{"@context":"https:\/\/schema.org","@graph":[{"@type":"WebPage","@id":"https:\/\/rondino.fr\/es\/produit\/large-span-wood-footbridge-passage-width-2-00-m\/","url":"https:\/\/rondino.fr\/es\/produit\/large-span-wood-footbridge-passage-width-2-00-m\/","name":"PASARELA DE MADERA DE GRAN LONGITUD - Anchura de paso 2,00 m - Rondino","isPartOf":{"@id":"https:\/\/rondino.fr\/es\/#website"},"primaryImageOfPage":{"@id":"https:\/\/rondino.fr\/es\/produit\/large-span-wood-footbridge-passage-width-2-00-m\/#primaryimage"},"image":{"@id":"https:\/\/rondino.fr\/es\/produit\/large-span-wood-footbridge-passage-width-2-00-m\/#primaryimage"},"thumbnailUrl":"https:\/\/rondino.fr\/wp-content\/uploads\/2024\/01\/640210-2.jpg","datePublished":"2023-01-27T16:38:40+00:00","dateModified":"2026-03-09T10:37:58+00:00","description":"Pasarela de madera de pino clase 4 de gran longitud con anchura de 2,00 m, adaptada para pasos peatonales amplios en espacios exteriores p\u00fablicos.","breadcrumb":{"@id":"https:\/\/rondino.fr\/es\/produit\/large-span-wood-footbridge-passage-width-2-00-m\/#breadcrumb"},"inLanguage":"es","potentialAction":[{"@type":"ReadAction","target":["https:\/\/rondino.fr\/es\/produit\/large-span-wood-footbridge-passage-width-2-00-m\/"]}]},{"@type":"ImageObject","inLanguage":"es","@id":"https:\/\/rondino.fr\/es\/produit\/large-span-wood-footbridge-passage-width-2-00-m\/#primaryimage","url":"https:\/\/rondino.fr\/wp-content\/uploads\/2024\/01\/640210-2.jpg","contentUrl":"https:\/\/rondino.fr\/wp-content\/uploads\/2024\/01\/640210-2.jpg","width":800,"height":600,"caption":"Pasarela peatonal de madera de pino clase 4, dise\u00f1ada para facilitar el acceso y la circulaci\u00f3n en espacios exteriores p\u00fablicos, como parques y senderos - RONDINO."},{"@type":"BreadcrumbList","@id":"https:\/\/rondino.fr\/es\/produit\/large-span-wood-footbridge-passage-width-2-00-m\/#breadcrumb","itemListElement":[{"@type":"ListItem","position":1,"name":"Accueil","item":"https:\/\/rondino.fr\/es\/inicio\/"},{"@type":"ListItem","position":2,"name":"Productos","item":"https:\/\/rondino.fr\/es\/shop\/"},{"@type":"ListItem","position":3,"name":"PASARELA DE MADERA DE GRAN LONGITUD &#8211; Anchura de paso 2,00 m"}]},{"@type":"WebSite","@id":"https:\/\/rondino.fr\/es\/#website","url":"https:\/\/rondino.fr\/es\/","name":"Rondino","description":"La solution bois pour vos am\u00e9nagements ext\u00e9rieurs et routiers","publisher":{"@id":"https:\/\/rondino.fr\/es\/#organization"},"potentialAction":[{"@type":"SearchAction","target":{"@type":"EntryPoint","urlTemplate":"https:\/\/rondino.fr\/es\/?s={search_term_string}"},"query-input":{"@type":"PropertyValueSpecification","valueRequired":true,"valueName":"search_term_string"}}],"inLanguage":"es"},{"@type":"Organization","@id":"https:\/\/rondino.fr\/es\/#organization","name":"Rondino","url":"https:\/\/rondino.fr\/es\/","logo":{"@type":"ImageObject","inLanguage":"es","@id":"https:\/\/rondino.fr\/es\/#\/schema\/logo\/image\/","url":"https:\/\/rondino.fr\/wp-content\/uploads\/2023\/06\/Rondino-Logo.png","contentUrl":"https:\/\/rondino.fr\/wp-content\/uploads\/2023\/06\/Rondino-Logo.png","width":394,"height":132,"caption":"Rondino"},"image":{"@id":"https:\/\/rondino.fr\/es\/#\/schema\/logo\/image\/"},"sameAs":["https:\/\/www.facebook.com\/gaillardrondino\/","https:\/\/www.linkedin.com\/company\/rondino","https:\/\/www.instagram.com\/rondino.fr\/"],"email":"info@rondino.fr","legalName":"GAILLARD RONDINO","numberOfEmployees":{"@type":"QuantitativeValue","minValue":"51","maxValue":"200"}}]},"og_availability":"instock","product_availability":"instock","product_retailer_item_id":"640 210 | 640 220 | 640 230 | 640 240 | 640 250 | 640 260","product_condition":"new"},"_links":{"self":[{"href":"https:\/\/rondino.fr\/es\/wp-json\/wp\/v2\/product\/22196","targetHints":{"allow":["GET"]}}],"collection":[{"href":"https:\/\/rondino.fr\/es\/wp-json\/wp\/v2\/product"}],"about":[{"href":"https:\/\/rondino.fr\/es\/wp-json\/wp\/v2\/types\/product"}],"version-history":[{"count":5,"href":"https:\/\/rondino.fr\/es\/wp-json\/wp\/v2\/product\/22196\/revisions"}],"predecessor-version":[{"id":22219,"href":"https:\/\/rondino.fr\/es\/wp-json\/wp\/v2\/product\/22196\/revisions\/22219"}],"wp:featuredmedia":[{"embeddable":true,"href":"https:\/\/rondino.fr\/es\/wp-json\/wp\/v2\/media\/22198"}],"wp:attachment":[{"href":"https:\/\/rondino.fr\/es\/wp-json\/wp\/v2\/media?parent=22196"}],"wp:term":[{"taxonomy":"product_brand","embeddable":true,"href":"https:\/\/rondino.fr\/es\/wp-json\/wp\/v2\/product_brand?post=22196"},{"taxonomy":"product_cat","embeddable":true,"href":"https:\/\/rondino.fr\/es\/wp-json\/wp\/v2\/product_cat?post=22196"},{"taxonomy":"product_tag","embeddable":true,"href":"https:\/\/rondino.fr\/es\/wp-json\/wp\/v2\/product_tag?post=22196"}],"curies":[{"name":"wp","href":"https:\/\/api.w.org\/{rel}","templated":true}]}}