{"id":22262,"date":"2024-09-18T14:55:41","date_gmt":"2024-09-18T12:55:41","guid":{"rendered":"https:\/\/rondino.fr\/norma-en1317\/"},"modified":"2026-03-09T15:10:38","modified_gmt":"2026-03-09T14:10:38","slug":"norma-en1317","status":"publish","type":"page","link":"https:\/\/rondino.fr\/es\/norma-en1317\/","title":{"rendered":"NORMA EN1317"},"content":{"rendered":"\t\t<div data-elementor-type=\"wp-page\" data-elementor-id=\"22262\" class=\"elementor elementor-22262 elementor-15031\" data-elementor-post-type=\"page\">\n\t\t\t\t<div class=\"elementor-element elementor-element-dfcb622 e-flex e-con-boxed e-con e-parent\" data-id=\"dfcb622\" data-element_type=\"container\" data-e-type=\"container\">\n\t\t\t\t\t<div class=\"e-con-inner\">\n\t\t\t\t<div class=\"elementor-element elementor-element-cbcb9bc elementor-widget elementor-widget-spacer\" data-id=\"cbcb9bc\" data-element_type=\"widget\" data-e-type=\"widget\" data-widget_type=\"spacer.default\">\n\t\t\t\t<div class=\"elementor-widget-container\">\n\t\t\t\t\t\t\t<div class=\"elementor-spacer\">\n\t\t\t<div class=\"elementor-spacer-inner\"><\/div>\n\t\t<\/div>\n\t\t\t\t\t\t<\/div>\n\t\t\t\t<\/div>\n\t\t\t\t\t<\/div>\n\t\t\t\t<\/div>\n\t\t<div class=\"elementor-element elementor-element-a605b3e e-flex e-con-boxed e-con e-parent\" data-id=\"a605b3e\" data-element_type=\"container\" data-e-type=\"container\">\n\t\t\t\t\t<div class=\"e-con-inner\">\n\t\t\t\t<div class=\"elementor-element elementor-element-ca97a85 elementor-widget elementor-widget-heading\" data-id=\"ca97a85\" data-element_type=\"widget\" data-e-type=\"widget\" data-widget_type=\"heading.default\">\n\t\t\t\t<div class=\"elementor-widget-container\">\n\t\t\t\t\t<h1 class=\"elementor-heading-title elementor-size-default\">NORMA EN1317<\/h1>\t\t\t\t<\/div>\n\t\t\t\t<\/div>\n\t\t\t\t\t<\/div>\n\t\t\t\t<\/div>\n\t\t<div class=\"elementor-element elementor-element-50433c2 e-con-full e-flex e-con e-parent\" data-id=\"50433c2\" data-element_type=\"container\" data-e-type=\"container\">\n\t\t\t\t<div class=\"elementor-element elementor-element-2cdf9c4 elementor-widget elementor-widget-text-editor\" data-id=\"2cdf9c4\" data-element_type=\"widget\" data-e-type=\"widget\" data-widget_type=\"text-editor.default\">\n\t\t\t\t<div class=\"elementor-widget-container\">\n\t\t\t\t\t\t\t\t\t<p>Las barreras de seguridad deben cumplir con la norma EN1317 y deben estar certificadas CE por un organismo certificador autorizado (ASCQUER o equivalente).<\/p><p>El marcado CE garantiza la conformidad del producto con la norma EN1317 en t\u00e9rminos de criterios de rendimiento y trazabilidad. El marcado CE no garantiza la calidad del producto en t\u00e9rminos de durabilidad; solo el fabricante est\u00e1 autorizado a ofrecer su propia garant\u00eda. Rondino ofrece productos de seguridad de alta durabilidad. Nuestras maderas son de pino clase 4 y el acero de alto rendimiento est\u00e1 galvanizado en caliente para una calidad \u00f3ptima.  <\/p>\t\t\t\t\t\t\t\t<\/div>\n\t\t\t\t<\/div>\n\t\t\t\t<\/div>\n\t\t<div class=\"elementor-element elementor-element-54934e9 e-con-full e-flex e-con e-parent\" data-id=\"54934e9\" data-element_type=\"container\" data-e-type=\"container\">\n\t\t\t\t<div class=\"elementor-element elementor-element-e0efab5 elementor-widget elementor-widget-heading\" data-id=\"e0efab5\" data-element_type=\"widget\" data-e-type=\"widget\" data-widget_type=\"heading.default\">\n\t\t\t\t<div class=\"elementor-widget-container\">\n\t\t\t\t\t<h2 class=\"elementor-heading-title elementor-size-default\">Los Sistemas de Contenci\u00f3n Vial (DRR) se eval\u00faan seg\u00fan 3 criterios. <\/h2>\t\t\t\t<\/div>\n\t\t\t\t<\/div>\n\t\t\t\t<div class=\"elementor-element elementor-element-32691fe elementor-widget elementor-widget-heading\" data-id=\"32691fe\" data-element_type=\"widget\" data-e-type=\"widget\" data-widget_type=\"heading.default\">\n\t\t\t\t<div class=\"elementor-widget-container\">\n\t\t\t\t\t<h3 class=\"elementor-heading-title elementor-size-default\">A) Nivel de contenci\u00f3n<\/h3>\t\t\t\t<\/div>\n\t\t\t\t<\/div>\n\t\t\t\t<div class=\"elementor-element elementor-element-9a43c32 elementor-widget elementor-widget-image\" data-id=\"9a43c32\" data-element_type=\"widget\" data-e-type=\"widget\" data-widget_type=\"image.default\">\n\t\t\t\t<div class=\"elementor-widget-container\">\n\t\t\t\t\t\t\t\t\t\t\t\t\t\t\t<img fetchpriority=\"high\" decoding=\"async\" width=\"618\" height=\"376\" src=\"https:\/\/rondino.fr\/wp-content\/uploads\/2024\/12\/niveau-retenue.png\" class=\"attachment-large size-large wp-image-22265\" alt=\"Nivel de contenci\u00f3n de las barreras de seguridad\" srcset=\"https:\/\/rondino.fr\/wp-content\/uploads\/2024\/12\/niveau-retenue.png 618w, https:\/\/rondino.fr\/wp-content\/uploads\/2024\/12\/niveau-retenue-512x312.png 512w, https:\/\/rondino.fr\/wp-content\/uploads\/2024\/12\/niveau-retenue-522x318.png 522w\" sizes=\"(max-width: 618px) 100vw, 618px\" \/>\t\t\t\t\t\t\t\t\t\t\t\t\t\t\t<\/div>\n\t\t\t\t<\/div>\n\t\t\t\t<div class=\"elementor-element elementor-element-fb2ea97 elementor-widget elementor-widget-heading\" data-id=\"fb2ea97\" data-element_type=\"widget\" data-e-type=\"widget\" data-widget_type=\"heading.default\">\n\t\t\t\t<div class=\"elementor-widget-container\">\n\t\t\t\t\t<h3 class=\"elementor-heading-title elementor-size-default\">B) \u00cdndice de severidad del impacto<br><\/h3>\t\t\t\t<\/div>\n\t\t\t\t<\/div>\n\t\t\t\t<div class=\"elementor-element elementor-element-ccabf44 elementor-widget elementor-widget-text-editor\" data-id=\"ccabf44\" data-element_type=\"widget\" data-e-type=\"widget\" data-widget_type=\"text-editor.default\">\n\t\t\t\t<div class=\"elementor-widget-container\">\n\t\t\t\t\t\t\t\t\t<p>El \u00edndice ASI (Acceleration Severity Index) mide la severidad del impacto para los ocupantes del veh\u00edculo.<br>El nivel A ofrece el mejor nivel de seguridad.<\/p>\t\t\t\t\t\t\t\t<\/div>\n\t\t\t\t<\/div>\n\t\t\t\t<div class=\"elementor-element elementor-element-960be0d elementor-widget elementor-widget-html\" data-id=\"960be0d\" data-element_type=\"widget\" data-e-type=\"widget\" id=\"table-glissiere\" data-widget_type=\"html.default\">\n\t\t\t\t<div class=\"elementor-widget-container\">\n\t\t\t\t\t<table>\r\n  <tr style=\"color:#f57921; text-align:center\">\r\n    <td style=\"text-align:center; padding:5px\">CLASE<\/td>\r\n<td style=\"text-align:center; padding:5px\">ASI<\/td>\r\n<td style=\"text-align:center; padding:5px\">VALOR<\/td>\r\n  <\/tr>\r\n  <tr>\r\n    <td style=\"text-align:center; padding:5px\">A<\/td>\r\n<td style=\"text-align:center; padding:5px\">BAJO<\/td>\r\n<td style=\"text-align:center; padding:5px\">ASI \u2264 1,0<\/td>\r\n  <\/tr>\r\n  <tr>\r\n    <td style=\"text-align:center; padding:5px\">B<\/td>\r\n<td style=\"text-align:center; padding:5px\">MEDIO<\/td>\r\n<td style=\"text-align:center; padding:5px\">1 &lt; ASI \u2264 1,4<\/td>\r\n  <\/tr>\r\n   <tr>\r\n    <td style=\"text-align:center; padding:5px\">C<\/td>\r\n<td style=\"text-align:center; padding:5px\">ALTO<\/td>\r\n<td style=\"text-align:center; padding:5px\">1,4 &lt; ASI \u2264 1,9<\/td>\r\n  <\/tr> \r\n<\/table>\t\t\t\t<\/div>\n\t\t\t\t<\/div>\n\t\t\t\t<div class=\"elementor-element elementor-element-bb15570 elementor-widget elementor-widget-heading\" data-id=\"bb15570\" data-element_type=\"widget\" data-e-type=\"widget\" data-widget_type=\"heading.default\">\n\t\t\t\t<div class=\"elementor-widget-container\">\n\t\t\t\t\t<h3 class=\"elementor-heading-title elementor-size-default\">C) Deformaci\u00f3n del dispositivo<\/h3>\t\t\t\t<\/div>\n\t\t\t\t<\/div>\n\t\t\t\t<div class=\"elementor-element elementor-element-fb8fc14 elementor-widget elementor-widget-text-editor\" data-id=\"fb8fc14\" data-element_type=\"widget\" data-e-type=\"widget\" data-widget_type=\"text-editor.default\">\n\t\t\t\t<div class=\"elementor-widget-container\">\n\t\t\t\t\t\t\t\t\t<p>Ancho de funcionamiento (Wn), deflexi\u00f3n din\u00e1mica (Dn), intrusi\u00f3n del veh\u00edculo (Vin)<\/p>\t\t\t\t\t\t\t\t<\/div>\n\t\t\t\t<\/div>\n\t\t\t\t<div class=\"elementor-element elementor-element-2c549c8 elementor-widget elementor-widget-image\" data-id=\"2c549c8\" data-element_type=\"widget\" data-e-type=\"widget\" data-widget_type=\"image.default\">\n\t\t\t\t<div class=\"elementor-widget-container\">\n\t\t\t\t\t\t\t\t\t\t\t\t\t\t\t<img decoding=\"async\" width=\"284\" height=\"131\" src=\"https:\/\/rondino.fr\/wp-content\/uploads\/2025\/01\/deformation-dispositif-min.png\" class=\"attachment-large size-large wp-image-22266\" alt=\"Norme dispositif de d\u00e9formation pour glissi\u00e8re de s\u00e9curit\u00e9 en bois et m\u00e9tal.\" \/>\t\t\t\t\t\t\t\t\t\t\t\t\t\t\t<\/div>\n\t\t\t\t<\/div>\n\t\t\t\t<div class=\"elementor-element elementor-element-0fc4f5a elementor-widget elementor-widget-heading\" data-id=\"0fc4f5a\" data-element_type=\"widget\" data-e-type=\"widget\" data-widget_type=\"heading.default\">\n\t\t\t\t<div class=\"elementor-widget-container\">\n\t\t\t\t\t<h3 class=\"elementor-heading-title elementor-size-default\">D) Intrusi\u00f3n del veh\u00edculo (VIn)<\/h3>\t\t\t\t<\/div>\n\t\t\t\t<\/div>\n\t\t\t\t<div class=\"elementor-element elementor-element-78b8b3f elementor-widget elementor-widget-text-editor\" data-id=\"78b8b3f\" data-element_type=\"widget\" data-e-type=\"widget\" data-widget_type=\"text-editor.default\">\n\t\t\t\t<div class=\"elementor-widget-container\">\n\t\t\t\t\t\t\t\t\t<p>La intrusi\u00f3n del veh\u00edculo representa la posici\u00f3n lateral din\u00e1mica m\u00e1xima del veh\u00edculo con respecto al lado de la barrera expuesto a la circulaci\u00f3n. <br>La norma europea clasifica los valores de Vi en diferentes clases, de VI1 a VI9.v<\/p>\t\t\t\t\t\t\t\t<\/div>\n\t\t\t\t<\/div>\n\t\t\t\t<\/div>\n\t\t<div class=\"elementor-element elementor-element-99fafaf e-con-full e-flex e-con e-parent\" data-id=\"99fafaf\" data-element_type=\"container\" data-e-type=\"container\">\n\t\t<div class=\"elementor-element elementor-element-0f738eb e-con-full e-flex e-con e-child\" data-id=\"0f738eb\" data-element_type=\"container\" data-e-type=\"container\">\n\t\t\t\t<div class=\"elementor-element elementor-element-86928ac elementor-widget elementor-widget-html\" data-id=\"86928ac\" data-element_type=\"widget\" data-e-type=\"widget\" data-widget_type=\"html.default\">\n\t\t\t\t<div class=\"elementor-widget-container\">\n\t\t\t\t\t<table style=\"margin-bottom:0\">\r\n  <tr style=\"color:#f57921\">\r\n    <td style=\"padding:5px\">Clases de niveles de intrusi\u00f3n \r\ndel veh\u00edculo normalizadas<\/td>\r\n<td style=\"padding:5px\">Niveles de intrusi\u00f3n del veh\u00edculo \r\nnormalizados (m)<\/td>\r\n  <\/tr>\r\n  <tr>\r\n    <td style=\"padding:5px\">VI1<\/td>\r\n<td style=\"padding:5px\">VIn \u2264 0,6<\/td>\r\n  <\/tr>\r\n  <tr>\r\n    <td style=\"padding:5px\">VI2<\/td>\r\n<td style=\"padding:5px\">VIn \u2264 0,8<\/td>\r\n  <\/tr>\r\n   <tr>\r\n    <td style=\"padding:5px\">VI3<\/td>\r\n<td style=\"padding:5px\">VIn \u2264 1,0<\/td>\r\n  <\/tr>\r\n  <tr>\r\n    <td style=\"padding:5px\">VI4<\/td>\r\n<td style=\"padding:5px\">VIn \u2264 1,3<\/td>\r\n  <\/tr>\r\n  <tr>\r\n    <td style=\"padding:5px\">VI5<\/td>\r\n<td style=\"padding:5px\">VIn \u2264 1,7<\/td>\r\n  <\/tr>\r\n  <tr>\r\n    <td style=\"padding:5px\">VI6<\/td>\r\n<td style=\"padding:5px\">VIn \u2264 2,1<\/td>\r\n  <\/tr>\r\n  <tr>\r\n    <td style=\"padding:5px\">VI7<\/td>\r\n<td style=\"padding:5px\">VIn \u2264 2,5<\/td>\r\n  <\/tr>\r\n  <tr>\r\n    <td style=\"padding:5px\">VI8<\/td>\r\n<td style=\"padding:5px\">VIn \u2264 3,5<\/td>\r\n  <\/tr>\r\n  <tr>\r\n    <td style=\"padding:5px\">VI9<\/td>\r\n<td style=\"padding:5px\">VIn \u2265 3,5<\/td>\r\n  <\/tr>\r\n<\/table>\t\t\t\t<\/div>\n\t\t\t\t<\/div>\n\t\t\t\t<\/div>\n\t\t<div class=\"elementor-element elementor-element-3d2e8df e-con-full e-flex e-con e-child\" data-id=\"3d2e8df\" data-element_type=\"container\" data-e-type=\"container\">\n\t\t\t\t<div class=\"elementor-element elementor-element-e30d42b elementor-widget elementor-widget-image\" data-id=\"e30d42b\" data-element_type=\"widget\" data-e-type=\"widget\" data-widget_type=\"image.default\">\n\t\t\t\t<div class=\"elementor-widget-container\">\n\t\t\t\t\t\t\t\t\t\t\t\t\t\t\t<img decoding=\"async\" width=\"701\" height=\"421\" src=\"https:\/\/rondino.fr\/wp-content\/uploads\/2024\/09\/intrusion-vehicule.png\" class=\"attachment-full size-full wp-image-22264\" alt=\"norma de intrusi\u00f3n del veh\u00edculo\" srcset=\"https:\/\/rondino.fr\/wp-content\/uploads\/2024\/09\/intrusion-vehicule.png 701w, https:\/\/rondino.fr\/wp-content\/uploads\/2024\/09\/intrusion-vehicule-512x307.png 512w, https:\/\/rondino.fr\/wp-content\/uploads\/2024\/09\/intrusion-vehicule-522x313.png 522w\" sizes=\"(max-width: 701px) 100vw, 701px\" \/>\t\t\t\t\t\t\t\t\t\t\t\t\t\t\t<\/div>\n\t\t\t\t<\/div>\n\t\t\t\t<\/div>\n\t\t\t\t<\/div>\n\t\t<div class=\"elementor-element elementor-element-040e008 e-flex e-con-boxed e-con e-parent\" data-id=\"040e008\" data-element_type=\"container\" data-e-type=\"container\">\n\t\t\t\t\t<div class=\"e-con-inner\">\n\t\t\t\t<div class=\"elementor-element elementor-element-012d020 elementor-widget elementor-widget-text-editor\" data-id=\"012d020\" data-element_type=\"widget\" data-e-type=\"widget\" data-widget_type=\"text-editor.default\">\n\t\t\t\t<div class=\"elementor-widget-container\">\n\t\t\t\t\t\t\t\t\t<p>NOTA 1: En casos particulares, puede especificarse una clase de nivel de intrusi\u00f3n del veh\u00edculo inferior a VI1.<br><br><br><\/p><p>NOTA 2: La deflexi\u00f3n din\u00e1mica, el ancho de funcionamiento y la intrusi\u00f3n del veh\u00edculo permiten determinar las condiciones de implantaci\u00f3n de las barreras de seguridad y tambi\u00e9n definir las distancias que deben respetarse frente a los obst\u00e1culos.v<\/p><p><strong>RONDINO es miembro de la Comisi\u00f3n Francesa de Normalizaci\u00f3n en el BNTRA \u2013 Sistemas de Contenci\u00f3n Vial (DRR).<\/strong><br><br><strong>RONDINO tambi\u00e9n participa en el grupo de trabajo de la Comisi\u00f3n Europea TC226\/WG1 para la elaboraci\u00f3n y revisi\u00f3n de las normas europeas EN1317.<\/strong><\/p>\t\t\t\t\t\t\t\t<\/div>\n\t\t\t\t<\/div>\n\t\t\t\t\t<\/div>\n\t\t\t\t<\/div>\n\t\t\t\t<\/div>\n\t\t","protected":false},"excerpt":{"rendered":"<p>NORMA EN1317 Las barreras de seguridad deben cumplir con la norma EN1317 y deben estar certificadas CE por un organismo certificador autorizado (ASCQUER o equivalente). El marcado CE garantiza la conformidad del producto con la norma EN1317 en t\u00e9rminos de criterios de rendimiento y trazabilidad. El marcado CE no garantiza la calidad del producto en [&hellip;]<\/p>\n","protected":false},"author":1,"featured_media":0,"parent":0,"menu_order":0,"comment_status":"closed","ping_status":"closed","template":"elementor_header_footer","meta":{"footnotes":""},"class_list":["post-22262","page","type-page","status-publish","hentry"],"yoast_head":"<!-- This site is optimized with the Yoast SEO Premium plugin v27.4 (Yoast SEO v27.4) - https:\/\/yoast.com\/product\/yoast-seo-premium-wordpress\/ -->\n<title>NORMA EN1317 - Rondino<\/title>\n<meta name=\"robots\" content=\"index, follow, max-snippet:-1, max-image-preview:large, max-video-preview:-1\" \/>\n<link rel=\"canonical\" href=\"https:\/\/rondino.fr\/es\/norma-en1317\/\" \/>\n<meta property=\"og:locale\" content=\"es_ES\" \/>\n<meta property=\"og:type\" content=\"article\" \/>\n<meta property=\"og:title\" content=\"NORMA EN1317\" \/>\n<meta property=\"og:description\" content=\"NORMA EN1317 Las barreras de seguridad deben cumplir con la norma EN1317 y deben estar certificadas CE por un organismo certificador autorizado (ASCQUER o equivalente). El marcado CE garantiza la conformidad del producto con la norma EN1317 en t\u00e9rminos de criterios de rendimiento y trazabilidad. El marcado CE no garantiza la calidad del producto en [&hellip;]\" \/>\n<meta property=\"og:url\" content=\"https:\/\/rondino.fr\/es\/norma-en1317\/\" \/>\n<meta property=\"og:site_name\" content=\"Rondino\" \/>\n<meta property=\"article:publisher\" content=\"https:\/\/www.facebook.com\/gaillardrondino\/\" \/>\n<meta property=\"article:modified_time\" content=\"2026-03-09T14:10:38+00:00\" \/>\n<meta property=\"og:image\" content=\"https:\/\/rondino.fr\/wp-content\/uploads\/2024\/12\/niveau-retenue.png\" \/>\n\t<meta property=\"og:image:width\" content=\"618\" \/>\n\t<meta property=\"og:image:height\" content=\"376\" \/>\n\t<meta property=\"og:image:type\" content=\"image\/png\" \/>\n<meta name=\"twitter:card\" content=\"summary_large_image\" \/>\n<meta name=\"twitter:label1\" content=\"Tiempo de lectura\" \/>\n\t<meta name=\"twitter:data1\" content=\"2 minutos\" \/>\n<script type=\"application\/ld+json\" class=\"yoast-schema-graph\">{\"@context\":\"https:\\\/\\\/schema.org\",\"@graph\":[{\"@type\":\"WebPage\",\"@id\":\"https:\\\/\\\/rondino.fr\\\/es\\\/norma-en1317\\\/\",\"url\":\"https:\\\/\\\/rondino.fr\\\/es\\\/norma-en1317\\\/\",\"name\":\"NORMA EN1317 - Rondino\",\"isPartOf\":{\"@id\":\"https:\\\/\\\/rondino.fr\\\/es\\\/#website\"},\"primaryImageOfPage\":{\"@id\":\"https:\\\/\\\/rondino.fr\\\/es\\\/norma-en1317\\\/#primaryimage\"},\"image\":{\"@id\":\"https:\\\/\\\/rondino.fr\\\/es\\\/norma-en1317\\\/#primaryimage\"},\"thumbnailUrl\":\"https:\\\/\\\/rondino.fr\\\/wp-content\\\/uploads\\\/2024\\\/12\\\/niveau-retenue.png\",\"datePublished\":\"2024-09-18T12:55:41+00:00\",\"dateModified\":\"2026-03-09T14:10:38+00:00\",\"breadcrumb\":{\"@id\":\"https:\\\/\\\/rondino.fr\\\/es\\\/norma-en1317\\\/#breadcrumb\"},\"inLanguage\":\"es\",\"potentialAction\":[{\"@type\":\"ReadAction\",\"target\":[\"https:\\\/\\\/rondino.fr\\\/es\\\/norma-en1317\\\/\"]}]},{\"@type\":\"ImageObject\",\"inLanguage\":\"es\",\"@id\":\"https:\\\/\\\/rondino.fr\\\/es\\\/norma-en1317\\\/#primaryimage\",\"url\":\"https:\\\/\\\/rondino.fr\\\/wp-content\\\/uploads\\\/2024\\\/12\\\/niveau-retenue.png\",\"contentUrl\":\"https:\\\/\\\/rondino.fr\\\/wp-content\\\/uploads\\\/2024\\\/12\\\/niveau-retenue.png\"},{\"@type\":\"BreadcrumbList\",\"@id\":\"https:\\\/\\\/rondino.fr\\\/es\\\/norma-en1317\\\/#breadcrumb\",\"itemListElement\":[{\"@type\":\"ListItem\",\"position\":1,\"name\":\"Accueil\",\"item\":\"https:\\\/\\\/rondino.fr\\\/es\\\/inicio\\\/\"},{\"@type\":\"ListItem\",\"position\":2,\"name\":\"NORMA EN1317\"}]},{\"@type\":\"WebSite\",\"@id\":\"https:\\\/\\\/rondino.fr\\\/es\\\/#website\",\"url\":\"https:\\\/\\\/rondino.fr\\\/es\\\/\",\"name\":\"Rondino\",\"description\":\"La solution bois pour vos am\u00e9nagements ext\u00e9rieurs et routiers\",\"publisher\":{\"@id\":\"https:\\\/\\\/rondino.fr\\\/es\\\/#organization\"},\"potentialAction\":[{\"@type\":\"SearchAction\",\"target\":{\"@type\":\"EntryPoint\",\"urlTemplate\":\"https:\\\/\\\/rondino.fr\\\/es\\\/?s={search_term_string}\"},\"query-input\":{\"@type\":\"PropertyValueSpecification\",\"valueRequired\":true,\"valueName\":\"search_term_string\"}}],\"inLanguage\":\"es\"},{\"@type\":\"Organization\",\"@id\":\"https:\\\/\\\/rondino.fr\\\/es\\\/#organization\",\"name\":\"Rondino\",\"url\":\"https:\\\/\\\/rondino.fr\\\/es\\\/\",\"logo\":{\"@type\":\"ImageObject\",\"inLanguage\":\"es\",\"@id\":\"https:\\\/\\\/rondino.fr\\\/es\\\/#\\\/schema\\\/logo\\\/image\\\/\",\"url\":\"https:\\\/\\\/rondino.fr\\\/wp-content\\\/uploads\\\/2023\\\/06\\\/Rondino-Logo.png\",\"contentUrl\":\"https:\\\/\\\/rondino.fr\\\/wp-content\\\/uploads\\\/2023\\\/06\\\/Rondino-Logo.png\",\"width\":394,\"height\":132,\"caption\":\"Rondino\"},\"image\":{\"@id\":\"https:\\\/\\\/rondino.fr\\\/es\\\/#\\\/schema\\\/logo\\\/image\\\/\"},\"sameAs\":[\"https:\\\/\\\/www.facebook.com\\\/gaillardrondino\\\/\",\"https:\\\/\\\/www.linkedin.com\\\/company\\\/rondino\",\"https:\\\/\\\/www.instagram.com\\\/rondino.fr\\\/\"],\"email\":\"info@rondino.fr\",\"legalName\":\"GAILLARD RONDINO\",\"numberOfEmployees\":{\"@type\":\"QuantitativeValue\",\"minValue\":\"51\",\"maxValue\":\"200\"}}]}<\/script>\n<!-- \/ Yoast SEO Premium plugin. -->","yoast_head_json":{"title":"NORMA EN1317 - Rondino","robots":{"index":"index","follow":"follow","max-snippet":"max-snippet:-1","max-image-preview":"max-image-preview:large","max-video-preview":"max-video-preview:-1"},"canonical":"https:\/\/rondino.fr\/es\/norma-en1317\/","og_locale":"es_ES","og_type":"article","og_title":"NORMA EN1317","og_description":"NORMA EN1317 Las barreras de seguridad deben cumplir con la norma EN1317 y deben estar certificadas CE por un organismo certificador autorizado (ASCQUER o equivalente). El marcado CE garantiza la conformidad del producto con la norma EN1317 en t\u00e9rminos de criterios de rendimiento y trazabilidad. El marcado CE no garantiza la calidad del producto en [&hellip;]","og_url":"https:\/\/rondino.fr\/es\/norma-en1317\/","og_site_name":"Rondino","article_publisher":"https:\/\/www.facebook.com\/gaillardrondino\/","article_modified_time":"2026-03-09T14:10:38+00:00","og_image":[{"width":618,"height":376,"url":"https:\/\/rondino.fr\/wp-content\/uploads\/2024\/12\/niveau-retenue.png","type":"image\/png"}],"twitter_card":"summary_large_image","twitter_misc":{"Tiempo de lectura":"2 minutos"},"schema":{"@context":"https:\/\/schema.org","@graph":[{"@type":"WebPage","@id":"https:\/\/rondino.fr\/es\/norma-en1317\/","url":"https:\/\/rondino.fr\/es\/norma-en1317\/","name":"NORMA EN1317 - Rondino","isPartOf":{"@id":"https:\/\/rondino.fr\/es\/#website"},"primaryImageOfPage":{"@id":"https:\/\/rondino.fr\/es\/norma-en1317\/#primaryimage"},"image":{"@id":"https:\/\/rondino.fr\/es\/norma-en1317\/#primaryimage"},"thumbnailUrl":"https:\/\/rondino.fr\/wp-content\/uploads\/2024\/12\/niveau-retenue.png","datePublished":"2024-09-18T12:55:41+00:00","dateModified":"2026-03-09T14:10:38+00:00","breadcrumb":{"@id":"https:\/\/rondino.fr\/es\/norma-en1317\/#breadcrumb"},"inLanguage":"es","potentialAction":[{"@type":"ReadAction","target":["https:\/\/rondino.fr\/es\/norma-en1317\/"]}]},{"@type":"ImageObject","inLanguage":"es","@id":"https:\/\/rondino.fr\/es\/norma-en1317\/#primaryimage","url":"https:\/\/rondino.fr\/wp-content\/uploads\/2024\/12\/niveau-retenue.png","contentUrl":"https:\/\/rondino.fr\/wp-content\/uploads\/2024\/12\/niveau-retenue.png"},{"@type":"BreadcrumbList","@id":"https:\/\/rondino.fr\/es\/norma-en1317\/#breadcrumb","itemListElement":[{"@type":"ListItem","position":1,"name":"Accueil","item":"https:\/\/rondino.fr\/es\/inicio\/"},{"@type":"ListItem","position":2,"name":"NORMA EN1317"}]},{"@type":"WebSite","@id":"https:\/\/rondino.fr\/es\/#website","url":"https:\/\/rondino.fr\/es\/","name":"Rondino","description":"La solution bois pour vos am\u00e9nagements ext\u00e9rieurs et routiers","publisher":{"@id":"https:\/\/rondino.fr\/es\/#organization"},"potentialAction":[{"@type":"SearchAction","target":{"@type":"EntryPoint","urlTemplate":"https:\/\/rondino.fr\/es\/?s={search_term_string}"},"query-input":{"@type":"PropertyValueSpecification","valueRequired":true,"valueName":"search_term_string"}}],"inLanguage":"es"},{"@type":"Organization","@id":"https:\/\/rondino.fr\/es\/#organization","name":"Rondino","url":"https:\/\/rondino.fr\/es\/","logo":{"@type":"ImageObject","inLanguage":"es","@id":"https:\/\/rondino.fr\/es\/#\/schema\/logo\/image\/","url":"https:\/\/rondino.fr\/wp-content\/uploads\/2023\/06\/Rondino-Logo.png","contentUrl":"https:\/\/rondino.fr\/wp-content\/uploads\/2023\/06\/Rondino-Logo.png","width":394,"height":132,"caption":"Rondino"},"image":{"@id":"https:\/\/rondino.fr\/es\/#\/schema\/logo\/image\/"},"sameAs":["https:\/\/www.facebook.com\/gaillardrondino\/","https:\/\/www.linkedin.com\/company\/rondino","https:\/\/www.instagram.com\/rondino.fr\/"],"email":"info@rondino.fr","legalName":"GAILLARD RONDINO","numberOfEmployees":{"@type":"QuantitativeValue","minValue":"51","maxValue":"200"}}]}},"_links":{"self":[{"href":"https:\/\/rondino.fr\/es\/wp-json\/wp\/v2\/pages\/22262","targetHints":{"allow":["GET"]}}],"collection":[{"href":"https:\/\/rondino.fr\/es\/wp-json\/wp\/v2\/pages"}],"about":[{"href":"https:\/\/rondino.fr\/es\/wp-json\/wp\/v2\/types\/page"}],"author":[{"embeddable":true,"href":"https:\/\/rondino.fr\/es\/wp-json\/wp\/v2\/users\/1"}],"replies":[{"embeddable":true,"href":"https:\/\/rondino.fr\/es\/wp-json\/wp\/v2\/comments?post=22262"}],"version-history":[{"count":1,"href":"https:\/\/rondino.fr\/es\/wp-json\/wp\/v2\/pages\/22262\/revisions"}],"predecessor-version":[{"id":22267,"href":"https:\/\/rondino.fr\/es\/wp-json\/wp\/v2\/pages\/22262\/revisions\/22267"}],"wp:attachment":[{"href":"https:\/\/rondino.fr\/es\/wp-json\/wp\/v2\/media?parent=22262"}],"curies":[{"name":"wp","href":"https:\/\/api.w.org\/{rel}","templated":true}]}}