{"id":22259,"date":"2024-09-13T14:14:40","date_gmt":"2024-09-13T12:14:40","guid":{"rendered":"https:\/\/rondino.fr\/marca-ce\/"},"modified":"2026-03-09T14:57:52","modified_gmt":"2026-03-09T13:57:52","slug":"marca-ce","status":"publish","type":"page","link":"https:\/\/rondino.fr\/es\/marca-ce\/","title":{"rendered":"MARCA CE"},"content":{"rendered":"\t\t<div data-elementor-type=\"wp-page\" data-elementor-id=\"22259\" class=\"elementor elementor-22259 elementor-14981\" data-elementor-post-type=\"page\">\n\t\t\t\t<div class=\"elementor-element elementor-element-dfcb622 e-flex e-con-boxed e-con e-parent\" data-id=\"dfcb622\" data-element_type=\"container\" data-e-type=\"container\">\n\t\t\t\t\t<div class=\"e-con-inner\">\n\t\t\t\t<div class=\"elementor-element elementor-element-cbcb9bc elementor-widget elementor-widget-spacer\" data-id=\"cbcb9bc\" data-element_type=\"widget\" data-e-type=\"widget\" data-widget_type=\"spacer.default\">\n\t\t\t\t<div class=\"elementor-widget-container\">\n\t\t\t\t\t\t\t<div class=\"elementor-spacer\">\n\t\t\t<div class=\"elementor-spacer-inner\"><\/div>\n\t\t<\/div>\n\t\t\t\t\t\t<\/div>\n\t\t\t\t<\/div>\n\t\t\t\t\t<\/div>\n\t\t\t\t<\/div>\n\t\t<div class=\"elementor-element elementor-element-a605b3e e-flex e-con-boxed e-con e-parent\" data-id=\"a605b3e\" data-element_type=\"container\" data-e-type=\"container\">\n\t\t\t\t\t<div class=\"e-con-inner\">\n\t\t\t\t<div class=\"elementor-element elementor-element-ca97a85 elementor-widget elementor-widget-heading\" data-id=\"ca97a85\" data-element_type=\"widget\" data-e-type=\"widget\" data-widget_type=\"heading.default\">\n\t\t\t\t<div class=\"elementor-widget-container\">\n\t\t\t\t\t<h1 class=\"elementor-heading-title elementor-size-default\">MARCA CE<\/h1>\t\t\t\t<\/div>\n\t\t\t\t<\/div>\n\t\t\t\t\t<\/div>\n\t\t\t\t<\/div>\n\t\t<div class=\"elementor-element elementor-element-0257370 e-flex e-con-boxed e-con e-parent\" data-id=\"0257370\" data-element_type=\"container\" data-e-type=\"container\">\n\t\t\t\t\t<div class=\"e-con-inner\">\n\t\t<div class=\"elementor-element elementor-element-9d0d160 e-con-full e-flex e-con e-child\" data-id=\"9d0d160\" data-element_type=\"container\" data-e-type=\"container\">\n\t\t\t\t<div class=\"elementor-element elementor-element-1ee9a58 elementor-widget elementor-widget-image\" data-id=\"1ee9a58\" data-element_type=\"widget\" data-e-type=\"widget\" data-widget_type=\"image.default\">\n\t\t\t\t<div class=\"elementor-widget-container\">\n\t\t\t\t\t\t\t\t\t\t\t\t\t\t\t<img fetchpriority=\"high\" decoding=\"async\" width=\"600\" height=\"449\" src=\"https:\/\/rondino.fr\/wp-content\/uploads\/2024\/12\/marquage-ce-min.png\" class=\"attachment-large size-large wp-image-22260\" alt=\"marquage ce\" srcset=\"https:\/\/rondino.fr\/wp-content\/uploads\/2024\/12\/marquage-ce-min.png 600w, https:\/\/rondino.fr\/wp-content\/uploads\/2024\/12\/marquage-ce-min-512x383.png 512w, https:\/\/rondino.fr\/wp-content\/uploads\/2024\/12\/marquage-ce-min-522x391.png 522w\" sizes=\"(max-width: 600px) 100vw, 600px\" \/>\t\t\t\t\t\t\t\t\t\t\t\t\t\t\t<\/div>\n\t\t\t\t<\/div>\n\t\t\t\t<\/div>\n\t\t<div class=\"elementor-element elementor-element-a0a341c e-con-full e-flex e-con e-child\" data-id=\"a0a341c\" data-element_type=\"container\" data-e-type=\"container\">\n\t\t\t\t<div class=\"elementor-element elementor-element-9a3993b elementor-widget elementor-widget-text-editor\" data-id=\"9a3993b\" data-element_type=\"widget\" data-e-type=\"widget\" data-widget_type=\"text-editor.default\">\n\t\t\t\t<div class=\"elementor-widget-container\">\n\t\t\t\t\t\t\t\t\t<p>Nuestras barreras de seguridad est\u00e1n certificadas CE seg\u00fan la norma europea EN1317.<br>Certificaci\u00f3n CE otorgada por ASCQUER.<img decoding=\"async\" class=\"size-full wp-image-14788 alignright\" src=\"https:\/\/rondino.fr\/wp-content\/uploads\/2024\/09\/CE-1.png\" alt=\"CE\" width=\"85\" height=\"60\"><br>El marcado CE garantiza la conformidad del producto seg\u00fan:<br>\u2022 Un nivel de contenci\u00f3n<br>\u2022 Criterios de rendimiento<br>El marcado CE asegura la trazabilidad y el marcado del producto.<img decoding=\"async\" class=\"size-full wp-image-14787 alignright\" src=\"https:\/\/rondino.fr\/wp-content\/uploads\/2024\/09\/ascquer.png\" alt=\"ascquer\" width=\"152\" height=\"60\"><br>El marcado CE no garantiza la calidad del producto en t\u00e9rminos de durabilidad. Solo el fabricante est\u00e1 autorizado a ofrecer su propia garant\u00eda. Rondino ofrece productos de seguridad de alta durabilidad. Nuestras maderas son de pino Clase 4 y el acero de alto rendimiento est\u00e1 galvanizado en caliente para una mayor durabilidad.   <br><br><\/p>\t\t\t\t\t\t\t\t<\/div>\n\t\t\t\t<\/div>\n\t\t\t\t<div class=\"elementor-element elementor-element-a3b0d6f elementor-align-center elementor-widget elementor-widget-button\" data-id=\"a3b0d6f\" data-element_type=\"widget\" data-e-type=\"widget\" data-widget_type=\"button.default\">\n\t\t\t\t<div class=\"elementor-widget-container\">\n\t\t\t\t\t\t\t\t\t<div class=\"elementor-button-wrapper\">\n\t\t\t\t\t<a class=\"elementor-button elementor-button-link elementor-size-sm\" href=\"#\">\n\t\t\t\t\t\t<span class=\"elementor-button-content-wrapper\">\n\t\t\t\t\t\t\t\t\t<span class=\"elementor-button-text\">Declaraci\u00f3n de prestaciones (DoP) disponible bajo solicitud.<\/span>\n\t\t\t\t\t<\/span>\n\t\t\t\t\t<\/a>\n\t\t\t\t<\/div>\n\t\t\t\t\t\t\t\t<\/div>\n\t\t\t\t<\/div>\n\t\t\t\t<\/div>\n\t\t\t\t\t<\/div>\n\t\t\t\t<\/div>\n\t\t<div class=\"elementor-element elementor-element-54934e9 e-flex e-con-boxed e-con e-parent\" data-id=\"54934e9\" data-element_type=\"container\" data-e-type=\"container\">\n\t\t\t\t\t<div class=\"e-con-inner\">\n\t\t\t\t<div class=\"elementor-element elementor-element-e0efab5 elementor-widget elementor-widget-heading\" data-id=\"e0efab5\" data-element_type=\"widget\" data-e-type=\"widget\" data-widget_type=\"heading.default\">\n\t\t\t\t<div class=\"elementor-widget-container\">\n\t\t\t\t\t<h2 class=\"elementor-heading-title elementor-size-default\">DECLARACI\u00d3N DE PRESTACIONES (DoP)<\/h2>\t\t\t\t<\/div>\n\t\t\t\t<\/div>\n\t\t\t\t<div class=\"elementor-element elementor-element-29023f4 elementor-widget elementor-widget-text-editor\" data-id=\"29023f4\" data-element_type=\"widget\" data-e-type=\"widget\" data-widget_type=\"text-editor.default\">\n\t\t\t\t<div class=\"elementor-widget-container\">\n\t\t\t\t\t\t\t\t\t<p>El Reglamento de Productos de Construcci\u00f3n (RPC) establece que, para poder comercializar en el mercado de la Uni\u00f3n Europea un producto de construcci\u00f3n cubierto por una norma armonizada, el fabricante debe elaborar una Declaraci\u00f3n de Prestaciones (DoP) y colocar el marcado CE en el producto en cuesti\u00f3n.<\/p><p>Al elaborar la declaraci\u00f3n de prestaciones y colocar el marcado CE, el fabricante asume la responsabilidad de la conformidad de su producto con las prestaciones declaradas.<\/p>\t\t\t\t\t\t\t\t<\/div>\n\t\t\t\t<\/div>\n\t\t\t\t\t<\/div>\n\t\t\t\t<\/div>\n\t\t\t\t<\/div>\n\t\t","protected":false},"excerpt":{"rendered":"<p>MARCA CE Nuestras barreras de seguridad est\u00e1n certificadas CE seg\u00fan la norma europea EN1317.Certificaci\u00f3n CE otorgada por ASCQUER.El marcado CE garantiza la conformidad del producto seg\u00fan:\u2022 Un nivel de contenci\u00f3n\u2022 Criterios de rendimientoEl marcado CE asegura la trazabilidad y el marcado del producto.El marcado CE no garantiza la calidad del producto en t\u00e9rminos de durabilidad. [&hellip;]<\/p>\n","protected":false},"author":1,"featured_media":0,"parent":0,"menu_order":0,"comment_status":"closed","ping_status":"closed","template":"elementor_header_footer","meta":{"footnotes":""},"class_list":["post-22259","page","type-page","status-publish","hentry"],"yoast_head":"<!-- This site is optimized with the Yoast SEO Premium plugin v27.4 (Yoast SEO v27.4) - https:\/\/yoast.com\/product\/yoast-seo-premium-wordpress\/ -->\n<title>MARCA CE - Rondino<\/title>\n<meta name=\"robots\" content=\"index, follow, max-snippet:-1, max-image-preview:large, max-video-preview:-1\" \/>\n<link rel=\"canonical\" href=\"https:\/\/rondino.fr\/es\/marca-ce\/\" \/>\n<meta property=\"og:locale\" content=\"es_ES\" \/>\n<meta property=\"og:type\" content=\"article\" \/>\n<meta property=\"og:title\" content=\"MARCA CE\" \/>\n<meta property=\"og:description\" content=\"MARCA CE Nuestras barreras de seguridad est\u00e1n certificadas CE seg\u00fan la norma europea EN1317.Certificaci\u00f3n CE otorgada por ASCQUER.El marcado CE garantiza la conformidad del producto seg\u00fan:\u2022 Un nivel de contenci\u00f3n\u2022 Criterios de rendimientoEl marcado CE asegura la trazabilidad y el marcado del producto.El marcado CE no garantiza la calidad del producto en t\u00e9rminos de durabilidad. [&hellip;]\" \/>\n<meta property=\"og:url\" content=\"https:\/\/rondino.fr\/es\/marca-ce\/\" \/>\n<meta property=\"og:site_name\" content=\"Rondino\" \/>\n<meta property=\"article:publisher\" content=\"https:\/\/www.facebook.com\/gaillardrondino\/\" \/>\n<meta property=\"article:modified_time\" content=\"2026-03-09T13:57:52+00:00\" \/>\n<meta property=\"og:image\" content=\"https:\/\/rondino.fr\/wp-content\/uploads\/2024\/12\/marquage-ce-min.png\" \/>\n\t<meta property=\"og:image:width\" content=\"600\" \/>\n\t<meta property=\"og:image:height\" content=\"449\" \/>\n\t<meta property=\"og:image:type\" content=\"image\/png\" \/>\n<meta name=\"twitter:card\" content=\"summary_large_image\" \/>\n<meta name=\"twitter:label1\" content=\"Tiempo de lectura\" \/>\n\t<meta name=\"twitter:data1\" content=\"1 minuto\" \/>\n<script type=\"application\/ld+json\" class=\"yoast-schema-graph\">{\"@context\":\"https:\\\/\\\/schema.org\",\"@graph\":[{\"@type\":\"WebPage\",\"@id\":\"https:\\\/\\\/rondino.fr\\\/es\\\/marca-ce\\\/\",\"url\":\"https:\\\/\\\/rondino.fr\\\/es\\\/marca-ce\\\/\",\"name\":\"MARCA CE - Rondino\",\"isPartOf\":{\"@id\":\"https:\\\/\\\/rondino.fr\\\/es\\\/#website\"},\"primaryImageOfPage\":{\"@id\":\"https:\\\/\\\/rondino.fr\\\/es\\\/marca-ce\\\/#primaryimage\"},\"image\":{\"@id\":\"https:\\\/\\\/rondino.fr\\\/es\\\/marca-ce\\\/#primaryimage\"},\"thumbnailUrl\":\"https:\\\/\\\/rondino.fr\\\/wp-content\\\/uploads\\\/2024\\\/12\\\/marquage-ce-min.png\",\"datePublished\":\"2024-09-13T12:14:40+00:00\",\"dateModified\":\"2026-03-09T13:57:52+00:00\",\"breadcrumb\":{\"@id\":\"https:\\\/\\\/rondino.fr\\\/es\\\/marca-ce\\\/#breadcrumb\"},\"inLanguage\":\"es\",\"potentialAction\":[{\"@type\":\"ReadAction\",\"target\":[\"https:\\\/\\\/rondino.fr\\\/es\\\/marca-ce\\\/\"]}]},{\"@type\":\"ImageObject\",\"inLanguage\":\"es\",\"@id\":\"https:\\\/\\\/rondino.fr\\\/es\\\/marca-ce\\\/#primaryimage\",\"url\":\"https:\\\/\\\/rondino.fr\\\/wp-content\\\/uploads\\\/2024\\\/12\\\/marquage-ce-min.png\",\"contentUrl\":\"https:\\\/\\\/rondino.fr\\\/wp-content\\\/uploads\\\/2024\\\/12\\\/marquage-ce-min.png\"},{\"@type\":\"BreadcrumbList\",\"@id\":\"https:\\\/\\\/rondino.fr\\\/es\\\/marca-ce\\\/#breadcrumb\",\"itemListElement\":[{\"@type\":\"ListItem\",\"position\":1,\"name\":\"Accueil\",\"item\":\"https:\\\/\\\/rondino.fr\\\/es\\\/inicio\\\/\"},{\"@type\":\"ListItem\",\"position\":2,\"name\":\"MARCA CE\"}]},{\"@type\":\"WebSite\",\"@id\":\"https:\\\/\\\/rondino.fr\\\/es\\\/#website\",\"url\":\"https:\\\/\\\/rondino.fr\\\/es\\\/\",\"name\":\"Rondino\",\"description\":\"La solution bois pour vos am\u00e9nagements ext\u00e9rieurs et routiers\",\"publisher\":{\"@id\":\"https:\\\/\\\/rondino.fr\\\/es\\\/#organization\"},\"potentialAction\":[{\"@type\":\"SearchAction\",\"target\":{\"@type\":\"EntryPoint\",\"urlTemplate\":\"https:\\\/\\\/rondino.fr\\\/es\\\/?s={search_term_string}\"},\"query-input\":{\"@type\":\"PropertyValueSpecification\",\"valueRequired\":true,\"valueName\":\"search_term_string\"}}],\"inLanguage\":\"es\"},{\"@type\":\"Organization\",\"@id\":\"https:\\\/\\\/rondino.fr\\\/es\\\/#organization\",\"name\":\"Rondino\",\"url\":\"https:\\\/\\\/rondino.fr\\\/es\\\/\",\"logo\":{\"@type\":\"ImageObject\",\"inLanguage\":\"es\",\"@id\":\"https:\\\/\\\/rondino.fr\\\/es\\\/#\\\/schema\\\/logo\\\/image\\\/\",\"url\":\"https:\\\/\\\/rondino.fr\\\/wp-content\\\/uploads\\\/2023\\\/06\\\/Rondino-Logo.png\",\"contentUrl\":\"https:\\\/\\\/rondino.fr\\\/wp-content\\\/uploads\\\/2023\\\/06\\\/Rondino-Logo.png\",\"width\":394,\"height\":132,\"caption\":\"Rondino\"},\"image\":{\"@id\":\"https:\\\/\\\/rondino.fr\\\/es\\\/#\\\/schema\\\/logo\\\/image\\\/\"},\"sameAs\":[\"https:\\\/\\\/www.facebook.com\\\/gaillardrondino\\\/\",\"https:\\\/\\\/www.linkedin.com\\\/company\\\/rondino\",\"https:\\\/\\\/www.instagram.com\\\/rondino.fr\\\/\"],\"email\":\"info@rondino.fr\",\"legalName\":\"GAILLARD RONDINO\",\"numberOfEmployees\":{\"@type\":\"QuantitativeValue\",\"minValue\":\"51\",\"maxValue\":\"200\"}}]}<\/script>\n<!-- \/ Yoast SEO Premium plugin. -->","yoast_head_json":{"title":"MARCA CE - Rondino","robots":{"index":"index","follow":"follow","max-snippet":"max-snippet:-1","max-image-preview":"max-image-preview:large","max-video-preview":"max-video-preview:-1"},"canonical":"https:\/\/rondino.fr\/es\/marca-ce\/","og_locale":"es_ES","og_type":"article","og_title":"MARCA CE","og_description":"MARCA CE Nuestras barreras de seguridad est\u00e1n certificadas CE seg\u00fan la norma europea EN1317.Certificaci\u00f3n CE otorgada por ASCQUER.El marcado CE garantiza la conformidad del producto seg\u00fan:\u2022 Un nivel de contenci\u00f3n\u2022 Criterios de rendimientoEl marcado CE asegura la trazabilidad y el marcado del producto.El marcado CE no garantiza la calidad del producto en t\u00e9rminos de durabilidad. [&hellip;]","og_url":"https:\/\/rondino.fr\/es\/marca-ce\/","og_site_name":"Rondino","article_publisher":"https:\/\/www.facebook.com\/gaillardrondino\/","article_modified_time":"2026-03-09T13:57:52+00:00","og_image":[{"width":600,"height":449,"url":"https:\/\/rondino.fr\/wp-content\/uploads\/2024\/12\/marquage-ce-min.png","type":"image\/png"}],"twitter_card":"summary_large_image","twitter_misc":{"Tiempo de lectura":"1 minuto"},"schema":{"@context":"https:\/\/schema.org","@graph":[{"@type":"WebPage","@id":"https:\/\/rondino.fr\/es\/marca-ce\/","url":"https:\/\/rondino.fr\/es\/marca-ce\/","name":"MARCA CE - Rondino","isPartOf":{"@id":"https:\/\/rondino.fr\/es\/#website"},"primaryImageOfPage":{"@id":"https:\/\/rondino.fr\/es\/marca-ce\/#primaryimage"},"image":{"@id":"https:\/\/rondino.fr\/es\/marca-ce\/#primaryimage"},"thumbnailUrl":"https:\/\/rondino.fr\/wp-content\/uploads\/2024\/12\/marquage-ce-min.png","datePublished":"2024-09-13T12:14:40+00:00","dateModified":"2026-03-09T13:57:52+00:00","breadcrumb":{"@id":"https:\/\/rondino.fr\/es\/marca-ce\/#breadcrumb"},"inLanguage":"es","potentialAction":[{"@type":"ReadAction","target":["https:\/\/rondino.fr\/es\/marca-ce\/"]}]},{"@type":"ImageObject","inLanguage":"es","@id":"https:\/\/rondino.fr\/es\/marca-ce\/#primaryimage","url":"https:\/\/rondino.fr\/wp-content\/uploads\/2024\/12\/marquage-ce-min.png","contentUrl":"https:\/\/rondino.fr\/wp-content\/uploads\/2024\/12\/marquage-ce-min.png"},{"@type":"BreadcrumbList","@id":"https:\/\/rondino.fr\/es\/marca-ce\/#breadcrumb","itemListElement":[{"@type":"ListItem","position":1,"name":"Accueil","item":"https:\/\/rondino.fr\/es\/inicio\/"},{"@type":"ListItem","position":2,"name":"MARCA CE"}]},{"@type":"WebSite","@id":"https:\/\/rondino.fr\/es\/#website","url":"https:\/\/rondino.fr\/es\/","name":"Rondino","description":"La solution bois pour vos am\u00e9nagements ext\u00e9rieurs et routiers","publisher":{"@id":"https:\/\/rondino.fr\/es\/#organization"},"potentialAction":[{"@type":"SearchAction","target":{"@type":"EntryPoint","urlTemplate":"https:\/\/rondino.fr\/es\/?s={search_term_string}"},"query-input":{"@type":"PropertyValueSpecification","valueRequired":true,"valueName":"search_term_string"}}],"inLanguage":"es"},{"@type":"Organization","@id":"https:\/\/rondino.fr\/es\/#organization","name":"Rondino","url":"https:\/\/rondino.fr\/es\/","logo":{"@type":"ImageObject","inLanguage":"es","@id":"https:\/\/rondino.fr\/es\/#\/schema\/logo\/image\/","url":"https:\/\/rondino.fr\/wp-content\/uploads\/2023\/06\/Rondino-Logo.png","contentUrl":"https:\/\/rondino.fr\/wp-content\/uploads\/2023\/06\/Rondino-Logo.png","width":394,"height":132,"caption":"Rondino"},"image":{"@id":"https:\/\/rondino.fr\/es\/#\/schema\/logo\/image\/"},"sameAs":["https:\/\/www.facebook.com\/gaillardrondino\/","https:\/\/www.linkedin.com\/company\/rondino","https:\/\/www.instagram.com\/rondino.fr\/"],"email":"info@rondino.fr","legalName":"GAILLARD RONDINO","numberOfEmployees":{"@type":"QuantitativeValue","minValue":"51","maxValue":"200"}}]}},"_links":{"self":[{"href":"https:\/\/rondino.fr\/es\/wp-json\/wp\/v2\/pages\/22259","targetHints":{"allow":["GET"]}}],"collection":[{"href":"https:\/\/rondino.fr\/es\/wp-json\/wp\/v2\/pages"}],"about":[{"href":"https:\/\/rondino.fr\/es\/wp-json\/wp\/v2\/types\/page"}],"author":[{"embeddable":true,"href":"https:\/\/rondino.fr\/es\/wp-json\/wp\/v2\/users\/1"}],"replies":[{"embeddable":true,"href":"https:\/\/rondino.fr\/es\/wp-json\/wp\/v2\/comments?post=22259"}],"version-history":[{"count":1,"href":"https:\/\/rondino.fr\/es\/wp-json\/wp\/v2\/pages\/22259\/revisions"}],"predecessor-version":[{"id":22261,"href":"https:\/\/rondino.fr\/es\/wp-json\/wp\/v2\/pages\/22259\/revisions\/22261"}],"wp:attachment":[{"href":"https:\/\/rondino.fr\/es\/wp-json\/wp\/v2\/media?parent=22259"}],"curies":[{"name":"wp","href":"https:\/\/api.w.org\/{rel}","templated":true}]}}