{"id":22241,"date":"2025-01-14T09:49:49","date_gmt":"2025-01-14T08:49:49","guid":{"rendered":"https:\/\/rondino.fr\/certificaciones\/"},"modified":"2026-03-09T14:44:17","modified_gmt":"2026-03-09T13:44:17","slug":"certificaciones","status":"publish","type":"page","link":"https:\/\/rondino.fr\/es\/certificaciones\/","title":{"rendered":"CERTIFICACIONES"},"content":{"rendered":"\t\t<div data-elementor-type=\"wp-page\" data-elementor-id=\"22241\" class=\"elementor elementor-22241 elementor-17071\" data-elementor-post-type=\"page\">\n\t\t\t\t<div class=\"elementor-element elementor-element-640dbfa e-con-full e-flex e-con e-parent\" data-id=\"640dbfa\" data-element_type=\"container\" data-e-type=\"container\">\n\t\t\t\t<div class=\"elementor-element elementor-element-f3c9df5 elementor-widget elementor-widget-heading\" data-id=\"f3c9df5\" data-element_type=\"widget\" data-e-type=\"widget\" data-widget_type=\"heading.default\">\n\t\t\t\t<div class=\"elementor-widget-container\">\n\t\t\t\t\t<h1 class=\"elementor-heading-title elementor-size-default\">CERTIFICACIONES<\/h1>\t\t\t\t<\/div>\n\t\t\t\t<\/div>\n\t\t\t\t<\/div>\n\t\t<div class=\"elementor-element elementor-element-5d76192f e-con-full e-flex e-con e-parent\" data-id=\"5d76192f\" data-element_type=\"container\" data-e-type=\"container\">\n\t\t<div class=\"elementor-element elementor-element-ce8d6b6 e-con-full e-flex e-con e-child\" data-id=\"ce8d6b6\" data-element_type=\"container\" data-e-type=\"container\">\n\t\t\t\t<div class=\"elementor-element elementor-element-98b01d5 elementor-position-top elementor-widget elementor-widget-image-box\" data-id=\"98b01d5\" data-element_type=\"widget\" data-e-type=\"widget\" data-widget_type=\"image-box.default\">\n\t\t\t\t<div class=\"elementor-widget-container\">\n\t\t\t\t\t<div class=\"elementor-image-box-wrapper\"><figure class=\"elementor-image-box-img\"><img fetchpriority=\"high\" decoding=\"async\" width=\"332\" height=\"175\" src=\"https:\/\/rondino.fr\/wp-content\/uploads\/2025\/01\/logo-certification-veritas.png\" class=\"attachment-full size-full wp-image-22243\" alt=\"Logo certification ISO 9001\" \/><\/figure><div class=\"elementor-image-box-content\"><h3 class=\"elementor-image-box-title\">Certificaci\u00f3n ISO 9001<\/h3><p class=\"elementor-image-box-description\">Todos nuestros centros est\u00e1n certificados ISO 9001.<\/p><\/div><\/div>\t\t\t\t<\/div>\n\t\t\t\t<\/div>\n\t\t\t\t<\/div>\n\t\t<div class=\"elementor-element elementor-element-82b744f e-con-full e-flex e-con e-child\" data-id=\"82b744f\" data-element_type=\"container\" data-e-type=\"container\">\n\t\t\t\t<div class=\"elementor-element elementor-element-1b820cc elementor-position-top elementor-widget elementor-widget-image-box\" data-id=\"1b820cc\" data-element_type=\"widget\" data-e-type=\"widget\" data-widget_type=\"image-box.default\">\n\t\t\t\t<div class=\"elementor-widget-container\">\n\t\t\t\t\t<div class=\"elementor-image-box-wrapper\"><figure class=\"elementor-image-box-img\"><img decoding=\"async\" width=\"321\" height=\"175\" src=\"https:\/\/rondino.fr\/wp-content\/uploads\/2025\/01\/logo-certification-boisdefrance.png\" class=\"attachment-full size-full wp-image-22244\" alt=\"Logo certification Bois de France\" \/><\/figure><div class=\"elementor-image-box-content\"><h3 class=\"elementor-image-box-title\">Certificaci\u00f3n Bois de France<\/h3><p class=\"elementor-image-box-description\">La etiqueta BOIS DE FRANCE garantiza el origen Y \nel lugar de transformaci\u00f3n de la madera.<\/p><\/div><\/div>\t\t\t\t<\/div>\n\t\t\t\t<\/div>\n\t\t\t\t<\/div>\n\t\t<div class=\"elementor-element elementor-element-609b34a e-con-full e-flex e-con e-child\" data-id=\"609b34a\" data-element_type=\"container\" data-e-type=\"container\">\n\t\t\t\t<div class=\"elementor-element elementor-element-4ef4c2b elementor-position-top elementor-widget elementor-widget-image-box\" data-id=\"4ef4c2b\" data-element_type=\"widget\" data-e-type=\"widget\" data-widget_type=\"image-box.default\">\n\t\t\t\t<div class=\"elementor-widget-container\">\n\t\t\t\t\t<div class=\"elementor-image-box-wrapper\"><figure class=\"elementor-image-box-img\"><img decoding=\"async\" width=\"291\" height=\"175\" src=\"https:\/\/rondino.fr\/wp-content\/uploads\/2025\/01\/logo-certification-pefc.png\" class=\"attachment-full size-full wp-image-22242\" alt=\"Logo certification PEFC\" \/><\/figure><div class=\"elementor-image-box-content\"><h3 class=\"elementor-image-box-title\">PEFC<\/h3><p class=\"elementor-image-box-description\">La certificaci\u00f3n PEFC es una iniciativa voluntaria que ofrece una garant\u00eda sobre el origen de la madera procedente de bosques gestionados de forma sostenible.<\/p><\/div><\/div>\t\t\t\t<\/div>\n\t\t\t\t<\/div>\n\t\t\t\t<\/div>\n\t\t\t\t<\/div>\n\t\t<div class=\"elementor-element elementor-element-93a7f42 e-con-full e-flex e-con e-parent\" data-id=\"93a7f42\" data-element_type=\"container\" data-e-type=\"container\">\n\t\t<div class=\"elementor-element elementor-element-c9ec9d5 e-con-full e-flex e-con e-child\" data-id=\"c9ec9d5\" data-element_type=\"container\" data-e-type=\"container\">\n\t\t\t\t<div class=\"elementor-element elementor-element-39dc140 elementor-widget elementor-widget-image\" data-id=\"39dc140\" data-element_type=\"widget\" data-e-type=\"widget\" data-widget_type=\"image.default\">\n\t\t\t\t<div class=\"elementor-widget-container\">\n\t\t\t\t\t\t\t\t\t\t\t\t\t\t\t<img loading=\"lazy\" decoding=\"async\" width=\"259\" height=\"117\" src=\"https:\/\/rondino.fr\/wp-content\/uploads\/2025\/01\/logo-ctbb.png\" class=\"attachment-large size-large wp-image-22245\" alt=\"Logo certification CTBB+\" \/>\t\t\t\t\t\t\t\t\t\t\t\t\t\t\t<\/div>\n\t\t\t\t<\/div>\n\t\t\t\t<\/div>\n\t\t<div class=\"elementor-element elementor-element-665e08d e-con-full e-flex e-con e-child\" data-id=\"665e08d\" data-element_type=\"container\" data-e-type=\"container\">\n\t\t\t\t<div class=\"elementor-element elementor-element-0b32293 elementor-widget elementor-widget-heading\" data-id=\"0b32293\" data-element_type=\"widget\" data-e-type=\"widget\" data-widget_type=\"heading.default\">\n\t\t\t\t<div class=\"elementor-widget-container\">\n\t\t\t\t\t<h3 class=\"elementor-heading-title elementor-size-default\">CTB B+<\/h3>\t\t\t\t<\/div>\n\t\t\t\t<\/div>\n\t\t\t\t<div class=\"elementor-element elementor-element-303511b elementor-widget elementor-widget-text-editor\" data-id=\"303511b\" data-element_type=\"widget\" data-e-type=\"widget\" data-widget_type=\"text-editor.default\">\n\t\t\t\t<div class=\"elementor-widget-container\">\n\t\t\t\t\t\t\t\t\t<p>La certificaci\u00f3n CTB B+ es una garant\u00eda adicional de calidad y de la correcta preservaci\u00f3n de la madera. Esta certificaci\u00f3n es otorgada por el FCBA tras controles de calidad realizados en nuestros centros de producci\u00f3n. <\/p><p>El certificado CTB B+ acredita la conformidad del proceso de preservaci\u00f3n y su eficacia, as\u00ed como la no toxicidad de la madera para el usuario y para su entorno.<\/p>\t\t\t\t\t\t\t\t<\/div>\n\t\t\t\t<\/div>\n\t\t\t\t<\/div>\n\t\t\t\t<\/div>\n\t\t\t\t<\/div>\n\t\t","protected":false},"excerpt":{"rendered":"<p>CERTIFICACIONES Certificaci\u00f3n ISO 9001 Todos nuestros centros est\u00e1n certificados ISO 9001. Certificaci\u00f3n Bois de France La etiqueta BOIS DE FRANCE garantiza el origen Y el lugar de transformaci\u00f3n de la madera. PEFC La certificaci\u00f3n PEFC es una iniciativa voluntaria que ofrece una garant\u00eda sobre el origen de la madera procedente de bosques gestionados de forma [&hellip;]<\/p>\n","protected":false},"author":1,"featured_media":0,"parent":0,"menu_order":0,"comment_status":"closed","ping_status":"closed","template":"elementor_header_footer","meta":{"footnotes":""},"class_list":["post-22241","page","type-page","status-publish","hentry"],"yoast_head":"<!-- This site is optimized with the Yoast SEO Premium plugin v27.4 (Yoast SEO v27.4) - https:\/\/yoast.com\/product\/yoast-seo-premium-wordpress\/ -->\n<title>CERTIFICACIONES - Rondino<\/title>\n<meta name=\"robots\" content=\"index, follow, max-snippet:-1, max-image-preview:large, max-video-preview:-1\" \/>\n<link rel=\"canonical\" href=\"https:\/\/rondino.fr\/es\/certificaciones\/\" \/>\n<meta property=\"og:locale\" content=\"es_ES\" \/>\n<meta property=\"og:type\" content=\"article\" \/>\n<meta property=\"og:title\" content=\"CERTIFICACIONES\" \/>\n<meta property=\"og:description\" content=\"CERTIFICACIONES Certificaci\u00f3n ISO 9001 Todos nuestros centros est\u00e1n certificados ISO 9001. Certificaci\u00f3n Bois de France La etiqueta BOIS DE FRANCE garantiza el origen Y el lugar de transformaci\u00f3n de la madera. PEFC La certificaci\u00f3n PEFC es una iniciativa voluntaria que ofrece una garant\u00eda sobre el origen de la madera procedente de bosques gestionados de forma [&hellip;]\" \/>\n<meta property=\"og:url\" content=\"https:\/\/rondino.fr\/es\/certificaciones\/\" \/>\n<meta property=\"og:site_name\" content=\"Rondino\" \/>\n<meta property=\"article:publisher\" content=\"https:\/\/www.facebook.com\/gaillardrondino\/\" \/>\n<meta property=\"article:modified_time\" content=\"2026-03-09T13:44:17+00:00\" \/>\n<meta property=\"og:image\" content=\"https:\/\/rondino.fr\/wp-content\/uploads\/2025\/01\/logo-certification-veritas.png\" \/>\n\t<meta property=\"og:image:width\" content=\"332\" \/>\n\t<meta property=\"og:image:height\" content=\"175\" \/>\n\t<meta property=\"og:image:type\" content=\"image\/png\" \/>\n<meta name=\"twitter:card\" content=\"summary_large_image\" \/>\n<meta name=\"twitter:label1\" content=\"Tiempo de lectura\" \/>\n\t<meta name=\"twitter:data1\" content=\"1 minuto\" \/>\n<script type=\"application\/ld+json\" class=\"yoast-schema-graph\">{\"@context\":\"https:\\\/\\\/schema.org\",\"@graph\":[{\"@type\":\"WebPage\",\"@id\":\"https:\\\/\\\/rondino.fr\\\/es\\\/certificaciones\\\/\",\"url\":\"https:\\\/\\\/rondino.fr\\\/es\\\/certificaciones\\\/\",\"name\":\"CERTIFICACIONES - Rondino\",\"isPartOf\":{\"@id\":\"https:\\\/\\\/rondino.fr\\\/es\\\/#website\"},\"primaryImageOfPage\":{\"@id\":\"https:\\\/\\\/rondino.fr\\\/es\\\/certificaciones\\\/#primaryimage\"},\"image\":{\"@id\":\"https:\\\/\\\/rondino.fr\\\/es\\\/certificaciones\\\/#primaryimage\"},\"thumbnailUrl\":\"https:\\\/\\\/rondino.fr\\\/wp-content\\\/uploads\\\/2025\\\/01\\\/logo-certification-veritas.png\",\"datePublished\":\"2025-01-14T08:49:49+00:00\",\"dateModified\":\"2026-03-09T13:44:17+00:00\",\"breadcrumb\":{\"@id\":\"https:\\\/\\\/rondino.fr\\\/es\\\/certificaciones\\\/#breadcrumb\"},\"inLanguage\":\"es\",\"potentialAction\":[{\"@type\":\"ReadAction\",\"target\":[\"https:\\\/\\\/rondino.fr\\\/es\\\/certificaciones\\\/\"]}]},{\"@type\":\"ImageObject\",\"inLanguage\":\"es\",\"@id\":\"https:\\\/\\\/rondino.fr\\\/es\\\/certificaciones\\\/#primaryimage\",\"url\":\"https:\\\/\\\/rondino.fr\\\/wp-content\\\/uploads\\\/2025\\\/01\\\/logo-certification-veritas.png\",\"contentUrl\":\"https:\\\/\\\/rondino.fr\\\/wp-content\\\/uploads\\\/2025\\\/01\\\/logo-certification-veritas.png\"},{\"@type\":\"BreadcrumbList\",\"@id\":\"https:\\\/\\\/rondino.fr\\\/es\\\/certificaciones\\\/#breadcrumb\",\"itemListElement\":[{\"@type\":\"ListItem\",\"position\":1,\"name\":\"Accueil\",\"item\":\"https:\\\/\\\/rondino.fr\\\/es\\\/inicio\\\/\"},{\"@type\":\"ListItem\",\"position\":2,\"name\":\"CERTIFICACIONES\"}]},{\"@type\":\"WebSite\",\"@id\":\"https:\\\/\\\/rondino.fr\\\/es\\\/#website\",\"url\":\"https:\\\/\\\/rondino.fr\\\/es\\\/\",\"name\":\"Rondino\",\"description\":\"La solution bois pour vos am\u00e9nagements ext\u00e9rieurs et routiers\",\"publisher\":{\"@id\":\"https:\\\/\\\/rondino.fr\\\/es\\\/#organization\"},\"potentialAction\":[{\"@type\":\"SearchAction\",\"target\":{\"@type\":\"EntryPoint\",\"urlTemplate\":\"https:\\\/\\\/rondino.fr\\\/es\\\/?s={search_term_string}\"},\"query-input\":{\"@type\":\"PropertyValueSpecification\",\"valueRequired\":true,\"valueName\":\"search_term_string\"}}],\"inLanguage\":\"es\"},{\"@type\":\"Organization\",\"@id\":\"https:\\\/\\\/rondino.fr\\\/es\\\/#organization\",\"name\":\"Rondino\",\"url\":\"https:\\\/\\\/rondino.fr\\\/es\\\/\",\"logo\":{\"@type\":\"ImageObject\",\"inLanguage\":\"es\",\"@id\":\"https:\\\/\\\/rondino.fr\\\/es\\\/#\\\/schema\\\/logo\\\/image\\\/\",\"url\":\"https:\\\/\\\/rondino.fr\\\/wp-content\\\/uploads\\\/2023\\\/06\\\/Rondino-Logo.png\",\"contentUrl\":\"https:\\\/\\\/rondino.fr\\\/wp-content\\\/uploads\\\/2023\\\/06\\\/Rondino-Logo.png\",\"width\":394,\"height\":132,\"caption\":\"Rondino\"},\"image\":{\"@id\":\"https:\\\/\\\/rondino.fr\\\/es\\\/#\\\/schema\\\/logo\\\/image\\\/\"},\"sameAs\":[\"https:\\\/\\\/www.facebook.com\\\/gaillardrondino\\\/\",\"https:\\\/\\\/www.linkedin.com\\\/company\\\/rondino\",\"https:\\\/\\\/www.instagram.com\\\/rondino.fr\\\/\"],\"email\":\"info@rondino.fr\",\"legalName\":\"GAILLARD RONDINO\",\"numberOfEmployees\":{\"@type\":\"QuantitativeValue\",\"minValue\":\"51\",\"maxValue\":\"200\"}}]}<\/script>\n<!-- \/ Yoast SEO Premium plugin. -->","yoast_head_json":{"title":"CERTIFICACIONES - Rondino","robots":{"index":"index","follow":"follow","max-snippet":"max-snippet:-1","max-image-preview":"max-image-preview:large","max-video-preview":"max-video-preview:-1"},"canonical":"https:\/\/rondino.fr\/es\/certificaciones\/","og_locale":"es_ES","og_type":"article","og_title":"CERTIFICACIONES","og_description":"CERTIFICACIONES Certificaci\u00f3n ISO 9001 Todos nuestros centros est\u00e1n certificados ISO 9001. Certificaci\u00f3n Bois de France La etiqueta BOIS DE FRANCE garantiza el origen Y el lugar de transformaci\u00f3n de la madera. PEFC La certificaci\u00f3n PEFC es una iniciativa voluntaria que ofrece una garant\u00eda sobre el origen de la madera procedente de bosques gestionados de forma [&hellip;]","og_url":"https:\/\/rondino.fr\/es\/certificaciones\/","og_site_name":"Rondino","article_publisher":"https:\/\/www.facebook.com\/gaillardrondino\/","article_modified_time":"2026-03-09T13:44:17+00:00","og_image":[{"width":332,"height":175,"url":"https:\/\/rondino.fr\/wp-content\/uploads\/2025\/01\/logo-certification-veritas.png","type":"image\/png"}],"twitter_card":"summary_large_image","twitter_misc":{"Tiempo de lectura":"1 minuto"},"schema":{"@context":"https:\/\/schema.org","@graph":[{"@type":"WebPage","@id":"https:\/\/rondino.fr\/es\/certificaciones\/","url":"https:\/\/rondino.fr\/es\/certificaciones\/","name":"CERTIFICACIONES - Rondino","isPartOf":{"@id":"https:\/\/rondino.fr\/es\/#website"},"primaryImageOfPage":{"@id":"https:\/\/rondino.fr\/es\/certificaciones\/#primaryimage"},"image":{"@id":"https:\/\/rondino.fr\/es\/certificaciones\/#primaryimage"},"thumbnailUrl":"https:\/\/rondino.fr\/wp-content\/uploads\/2025\/01\/logo-certification-veritas.png","datePublished":"2025-01-14T08:49:49+00:00","dateModified":"2026-03-09T13:44:17+00:00","breadcrumb":{"@id":"https:\/\/rondino.fr\/es\/certificaciones\/#breadcrumb"},"inLanguage":"es","potentialAction":[{"@type":"ReadAction","target":["https:\/\/rondino.fr\/es\/certificaciones\/"]}]},{"@type":"ImageObject","inLanguage":"es","@id":"https:\/\/rondino.fr\/es\/certificaciones\/#primaryimage","url":"https:\/\/rondino.fr\/wp-content\/uploads\/2025\/01\/logo-certification-veritas.png","contentUrl":"https:\/\/rondino.fr\/wp-content\/uploads\/2025\/01\/logo-certification-veritas.png"},{"@type":"BreadcrumbList","@id":"https:\/\/rondino.fr\/es\/certificaciones\/#breadcrumb","itemListElement":[{"@type":"ListItem","position":1,"name":"Accueil","item":"https:\/\/rondino.fr\/es\/inicio\/"},{"@type":"ListItem","position":2,"name":"CERTIFICACIONES"}]},{"@type":"WebSite","@id":"https:\/\/rondino.fr\/es\/#website","url":"https:\/\/rondino.fr\/es\/","name":"Rondino","description":"La solution bois pour vos am\u00e9nagements ext\u00e9rieurs et routiers","publisher":{"@id":"https:\/\/rondino.fr\/es\/#organization"},"potentialAction":[{"@type":"SearchAction","target":{"@type":"EntryPoint","urlTemplate":"https:\/\/rondino.fr\/es\/?s={search_term_string}"},"query-input":{"@type":"PropertyValueSpecification","valueRequired":true,"valueName":"search_term_string"}}],"inLanguage":"es"},{"@type":"Organization","@id":"https:\/\/rondino.fr\/es\/#organization","name":"Rondino","url":"https:\/\/rondino.fr\/es\/","logo":{"@type":"ImageObject","inLanguage":"es","@id":"https:\/\/rondino.fr\/es\/#\/schema\/logo\/image\/","url":"https:\/\/rondino.fr\/wp-content\/uploads\/2023\/06\/Rondino-Logo.png","contentUrl":"https:\/\/rondino.fr\/wp-content\/uploads\/2023\/06\/Rondino-Logo.png","width":394,"height":132,"caption":"Rondino"},"image":{"@id":"https:\/\/rondino.fr\/es\/#\/schema\/logo\/image\/"},"sameAs":["https:\/\/www.facebook.com\/gaillardrondino\/","https:\/\/www.linkedin.com\/company\/rondino","https:\/\/www.instagram.com\/rondino.fr\/"],"email":"info@rondino.fr","legalName":"GAILLARD RONDINO","numberOfEmployees":{"@type":"QuantitativeValue","minValue":"51","maxValue":"200"}}]}},"_links":{"self":[{"href":"https:\/\/rondino.fr\/es\/wp-json\/wp\/v2\/pages\/22241","targetHints":{"allow":["GET"]}}],"collection":[{"href":"https:\/\/rondino.fr\/es\/wp-json\/wp\/v2\/pages"}],"about":[{"href":"https:\/\/rondino.fr\/es\/wp-json\/wp\/v2\/types\/page"}],"author":[{"embeddable":true,"href":"https:\/\/rondino.fr\/es\/wp-json\/wp\/v2\/users\/1"}],"replies":[{"embeddable":true,"href":"https:\/\/rondino.fr\/es\/wp-json\/wp\/v2\/comments?post=22241"}],"version-history":[{"count":3,"href":"https:\/\/rondino.fr\/es\/wp-json\/wp\/v2\/pages\/22241\/revisions"}],"predecessor-version":[{"id":22248,"href":"https:\/\/rondino.fr\/es\/wp-json\/wp\/v2\/pages\/22241\/revisions\/22248"}],"wp:attachment":[{"href":"https:\/\/rondino.fr\/es\/wp-json\/wp\/v2\/media?parent=22241"}],"curies":[{"name":"wp","href":"https:\/\/api.w.org\/{rel}","templated":true}]}}