{"id":22125,"date":"2024-09-13T12:43:44","date_gmt":"2024-09-13T10:43:44","guid":{"rendered":"https:\/\/rondino.fr\/conexiones\/"},"modified":"2026-03-09T10:43:08","modified_gmt":"2026-03-09T09:43:08","slug":"conexiones","status":"publish","type":"page","link":"https:\/\/rondino.fr\/es\/conexiones\/","title":{"rendered":"CONEXIONES"},"content":{"rendered":"\t\t<div data-elementor-type=\"wp-page\" data-elementor-id=\"22125\" class=\"elementor elementor-22125 elementor-14935\" data-elementor-post-type=\"page\">\n\t\t\t\t<div class=\"elementor-element elementor-element-dfcb622 e-flex e-con-boxed e-con e-parent\" data-id=\"dfcb622\" data-element_type=\"container\" data-e-type=\"container\">\n\t\t\t\t\t<div class=\"e-con-inner\">\n\t\t\t\t<div class=\"elementor-element elementor-element-cbcb9bc elementor-widget elementor-widget-spacer\" data-id=\"cbcb9bc\" data-element_type=\"widget\" data-e-type=\"widget\" data-widget_type=\"spacer.default\">\n\t\t\t\t<div class=\"elementor-widget-container\">\n\t\t\t\t\t\t\t<div class=\"elementor-spacer\">\n\t\t\t<div class=\"elementor-spacer-inner\"><\/div>\n\t\t<\/div>\n\t\t\t\t\t\t<\/div>\n\t\t\t\t<\/div>\n\t\t\t\t\t<\/div>\n\t\t\t\t<\/div>\n\t\t<div class=\"elementor-element elementor-element-a605b3e e-flex e-con-boxed e-con e-parent\" data-id=\"a605b3e\" data-element_type=\"container\" data-e-type=\"container\">\n\t\t\t\t\t<div class=\"e-con-inner\">\n\t\t\t\t<div class=\"elementor-element elementor-element-ca97a85 elementor-widget elementor-widget-heading\" data-id=\"ca97a85\" data-element_type=\"widget\" data-e-type=\"widget\" data-widget_type=\"heading.default\">\n\t\t\t\t<div class=\"elementor-widget-container\">\n\t\t\t\t\t<h1 class=\"elementor-heading-title elementor-size-default\">CONEXIONES<\/h1>\t\t\t\t<\/div>\n\t\t\t\t<\/div>\n\t\t\t\t\t<\/div>\n\t\t\t\t<\/div>\n\t\t<div class=\"elementor-element elementor-element-54934e9 e-flex e-con-boxed e-con e-parent\" data-id=\"54934e9\" data-element_type=\"container\" data-e-type=\"container\">\n\t\t\t\t\t<div class=\"e-con-inner\">\n\t\t\t\t<div class=\"elementor-element elementor-element-29023f4 elementor-widget elementor-widget-text-editor\" data-id=\"29023f4\" data-element_type=\"widget\" data-e-type=\"widget\" data-widget_type=\"text-editor.default\">\n\t\t\t\t<div class=\"elementor-widget-container\">\n\t\t\t\t\t\t\t\t\t<p>En ausencia de norma europea y certificaci\u00f3n CE para las conexiones, Francia ha establecido la certificaci\u00f3n NF058 emitida por ASCQUER.<\/p>\t\t\t\t\t\t\t\t<\/div>\n\t\t\t\t<\/div>\n\t\t\t\t\t<\/div>\n\t\t\t\t<\/div>\n\t\t<div class=\"elementor-element elementor-element-550d16f e-flex e-con-boxed e-con e-parent\" data-id=\"550d16f\" data-element_type=\"container\" data-e-type=\"container\">\n\t\t\t\t\t<div class=\"e-con-inner\">\n\t\t<div class=\"elementor-element elementor-element-29b6960 e-con-full e-flex e-con e-child\" data-id=\"29b6960\" data-element_type=\"container\" data-e-type=\"container\">\n\t\t\t\t<div class=\"elementor-element elementor-element-df5f3f8 elementor-widget elementor-widget-image\" data-id=\"df5f3f8\" data-element_type=\"widget\" data-e-type=\"widget\" data-widget_type=\"image.default\">\n\t\t\t\t<div class=\"elementor-widget-container\">\n\t\t\t\t\t\t\t\t\t\t\t\t\t\t\t<img fetchpriority=\"high\" decoding=\"async\" width=\"600\" height=\"356\" src=\"https:\/\/rondino.fr\/wp-content\/uploads\/2025\/02\/Raccordement-GRP-sur-muret.jpg\" class=\"attachment-full size-full wp-image-22129\" alt=\"Conexi\u00f3n GRP sobre muro para barreras de seguridad de madera y metal para acondicionamiento vial\" srcset=\"https:\/\/rondino.fr\/wp-content\/uploads\/2025\/02\/Raccordement-GRP-sur-muret.jpg 600w, https:\/\/rondino.fr\/wp-content\/uploads\/2025\/02\/Raccordement-GRP-sur-muret-512x304.jpg 512w, https:\/\/rondino.fr\/wp-content\/uploads\/2025\/02\/Raccordement-GRP-sur-muret-522x310.jpg 522w\" sizes=\"(max-width: 600px) 100vw, 600px\" \/>\t\t\t\t\t\t\t\t\t\t\t\t\t\t\t<\/div>\n\t\t\t\t<\/div>\n\t\t\t\t<div class=\"elementor-element elementor-element-ef10e04 elementor-widget elementor-widget-text-editor\" data-id=\"ef10e04\" data-element_type=\"widget\" data-e-type=\"widget\" data-widget_type=\"text-editor.default\">\n\t\t\t\t<div class=\"elementor-widget-container\">\n\t\t\t\t\t\t\t\t\t<p><span style=\"color: #f57921;\"><strong>Conexi\u00f3n GRP sobre muro<\/strong><\/span><\/p><p>Ref : 860 060<\/p><p><em>Certificado NF058<\/em><\/p>\t\t\t\t\t\t\t\t<\/div>\n\t\t\t\t<\/div>\n\t\t\t\t<\/div>\n\t\t<div class=\"elementor-element elementor-element-45de4e5 e-con-full e-flex e-con e-child\" data-id=\"45de4e5\" data-element_type=\"container\" data-e-type=\"container\">\n\t\t\t\t<div class=\"elementor-element elementor-element-2cb2c26 elementor-widget elementor-widget-image\" data-id=\"2cb2c26\" data-element_type=\"widget\" data-e-type=\"widget\" data-widget_type=\"image.default\">\n\t\t\t\t<div class=\"elementor-widget-container\">\n\t\t\t\t\t\t\t\t\t\t\t\t\t\t\t<img decoding=\"async\" width=\"600\" height=\"356\" src=\"https:\/\/rondino.fr\/wp-content\/uploads\/2025\/02\/Raccordement-G-G-sur-muret.jpg\" class=\"attachment-full size-full wp-image-22130\" alt=\"Conexi\u00f3n sobre muro para barreras de seguridad de madera y metal para acondicionamiento vial\" srcset=\"https:\/\/rondino.fr\/wp-content\/uploads\/2025\/02\/Raccordement-G-G-sur-muret.jpg 600w, https:\/\/rondino.fr\/wp-content\/uploads\/2025\/02\/Raccordement-G-G-sur-muret-512x304.jpg 512w, https:\/\/rondino.fr\/wp-content\/uploads\/2025\/02\/Raccordement-G-G-sur-muret-522x310.jpg 522w\" sizes=\"(max-width: 600px) 100vw, 600px\" \/>\t\t\t\t\t\t\t\t\t\t\t\t\t\t\t<\/div>\n\t\t\t\t<\/div>\n\t\t\t\t<div class=\"elementor-element elementor-element-917f58b elementor-widget elementor-widget-text-editor\" data-id=\"917f58b\" data-element_type=\"widget\" data-e-type=\"widget\" data-widget_type=\"text-editor.default\">\n\t\t\t\t<div class=\"elementor-widget-container\">\n\t\t\t\t\t\t\t\t\t<p><span style=\"color: #f57921;\"><strong>Conexi\u00f3n G\/G+ sobre muro<\/strong><\/span><\/p><p>Ref : 800 460<\/p>\t\t\t\t\t\t\t\t<\/div>\n\t\t\t\t<\/div>\n\t\t\t\t<\/div>\n\t\t<div class=\"elementor-element elementor-element-6029988 e-con-full e-flex e-con e-child\" data-id=\"6029988\" data-element_type=\"container\" data-e-type=\"container\">\n\t\t\t\t<div class=\"elementor-element elementor-element-466d9e5 elementor-widget elementor-widget-image\" data-id=\"466d9e5\" data-element_type=\"widget\" data-e-type=\"widget\" data-widget_type=\"image.default\">\n\t\t\t\t<div class=\"elementor-widget-container\">\n\t\t\t\t\t\t\t\t\t\t\t\t\t\t\t<img decoding=\"async\" width=\"600\" height=\"356\" src=\"https:\/\/rondino.fr\/wp-content\/uploads\/2024\/09\/Raccordement-GRP-sur-GS-metal.jpg\" class=\"attachment-full size-full wp-image-22128\" alt=\"Conexiones de metal y madera para la seguridad vial y el acondicionamiento de carreteras.\" srcset=\"https:\/\/rondino.fr\/wp-content\/uploads\/2024\/09\/Raccordement-GRP-sur-GS-metal.jpg 600w, https:\/\/rondino.fr\/wp-content\/uploads\/2024\/09\/Raccordement-GRP-sur-GS-metal-512x304.jpg 512w, https:\/\/rondino.fr\/wp-content\/uploads\/2024\/09\/Raccordement-GRP-sur-GS-metal-522x310.jpg 522w\" sizes=\"(max-width: 600px) 100vw, 600px\" \/>\t\t\t\t\t\t\t\t\t\t\t\t\t\t\t<\/div>\n\t\t\t\t<\/div>\n\t\t\t\t<div class=\"elementor-element elementor-element-245d092 elementor-widget elementor-widget-text-editor\" data-id=\"245d092\" data-element_type=\"widget\" data-e-type=\"widget\" data-widget_type=\"text-editor.default\">\n\t\t\t\t<div class=\"elementor-widget-container\">\n\t\t\t\t\t\t\t\t\t<p><span style=\"color: #f57921;\"><strong>Conexi\u00f3n GRP sobre GS metal<br><\/strong><\/span><\/p><p>Ref : 860 070<\/p><p><em>Certificado NF058<\/em><\/p>\t\t\t\t\t\t\t\t<\/div>\n\t\t\t\t<\/div>\n\t\t\t\t<\/div>\n\t\t\t\t\t<\/div>\n\t\t\t\t<\/div>\n\t\t\t\t<section class=\"elementor-section elementor-top-section elementor-element elementor-element-4858d8f6 elementor-section-full_width elementor-section-height-default elementor-section-height-default\" data-id=\"4858d8f6\" data-element_type=\"section\" data-e-type=\"section\" data-settings=\"{&quot;background_background&quot;:&quot;classic&quot;}\">\n\t\t\t\t\t\t<div class=\"elementor-container elementor-column-gap-default\">\n\t\t\t\t\t<div class=\"elementor-column elementor-col-100 elementor-top-column elementor-element elementor-element-691e507e\" data-id=\"691e507e\" data-element_type=\"column\" data-e-type=\"column\" data-settings=\"{&quot;background_background&quot;:&quot;classic&quot;}\">\n\t\t\t<div class=\"elementor-widget-wrap elementor-element-populated\">\n\t\t\t\t\t\t<div class=\"elementor-element elementor-element-65e69f01 elementor-widget elementor-widget-heading\" data-id=\"65e69f01\" data-element_type=\"widget\" data-e-type=\"widget\" data-widget_type=\"heading.default\">\n\t\t\t\t<div class=\"elementor-widget-container\">\n\t\t\t\t\t<h2 class=\"elementor-heading-title elementor-size-default\">\u00bfNECESITA M\u00c1S INFORMACI\u00d3N?<br>\u00bfUN PROYECTO A MEDIDA?<\/h2>\t\t\t\t<\/div>\n\t\t\t\t<\/div>\n\t\t\t\t<div class=\"elementor-element elementor-element-6c10424f elementor-align-center elementor-widget elementor-widget-button\" data-id=\"6c10424f\" data-element_type=\"widget\" data-e-type=\"widget\" data-widget_type=\"button.default\">\n\t\t\t\t<div class=\"elementor-widget-container\">\n\t\t\t\t\t\t\t\t\t<div class=\"elementor-button-wrapper\">\n\t\t\t\t\t<a class=\"elementor-button elementor-button-link elementor-size-sm\" href=\"https:\/\/rondino.fr\/en\/contact\/\">\n\t\t\t\t\t\t<span class=\"elementor-button-content-wrapper\">\n\t\t\t\t\t\t<span class=\"elementor-button-icon\">\n\t\t\t\t<i aria-hidden=\"true\" class=\"fas fa-paper-plane\"><\/i>\t\t\t<\/span>\n\t\t\t\t\t\t\t\t\t<span class=\"elementor-button-text\">ESCR\u00cdBANOS<\/span>\n\t\t\t\t\t<\/span>\n\t\t\t\t\t<\/a>\n\t\t\t\t<\/div>\n\t\t\t\t\t\t\t\t<\/div>\n\t\t\t\t<\/div>\n\t\t\t\t\t<\/div>\n\t\t<\/div>\n\t\t\t\t\t<\/div>\n\t\t<\/section>\n\t\t\t\t<\/div>\n\t\t","protected":false},"excerpt":{"rendered":"<p>CONEXIONES En ausencia de norma europea y certificaci\u00f3n CE para las conexiones, Francia ha establecido la certificaci\u00f3n NF058 emitida por ASCQUER. Conexi\u00f3n GRP sobre muro Ref : 860 060 Certificado NF058 Conexi\u00f3n G\/G+ sobre muro Ref : 800 460 Conexi\u00f3n GRP sobre GS metal Ref : 860 070 Certificado NF058 \u00bfNECESITA M\u00c1S INFORMACI\u00d3N?\u00bfUN PROYECTO A [&hellip;]<\/p>\n","protected":false},"author":1,"featured_media":0,"parent":0,"menu_order":0,"comment_status":"closed","ping_status":"closed","template":"elementor_header_footer","meta":{"footnotes":""},"class_list":["post-22125","page","type-page","status-publish","hentry"],"yoast_head":"<!-- This site is optimized with the Yoast SEO Premium plugin v27.2 (Yoast SEO v27.4) - https:\/\/yoast.com\/product\/yoast-seo-premium-wordpress\/ -->\n<title>CONEXIONES - Rondino<\/title>\n<meta name=\"robots\" content=\"index, follow, max-snippet:-1, max-image-preview:large, max-video-preview:-1\" \/>\n<link rel=\"canonical\" href=\"https:\/\/rondino.fr\/es\/conexiones\/\" \/>\n<meta property=\"og:locale\" content=\"es_ES\" \/>\n<meta property=\"og:type\" content=\"article\" \/>\n<meta property=\"og:title\" content=\"CONEXIONES\" \/>\n<meta property=\"og:description\" content=\"CONEXIONES En ausencia de norma europea y certificaci\u00f3n CE para las conexiones, Francia ha establecido la certificaci\u00f3n NF058 emitida por ASCQUER. Conexi\u00f3n GRP sobre muro Ref : 860 060 Certificado NF058 Conexi\u00f3n G\/G+ sobre muro Ref : 800 460 Conexi\u00f3n GRP sobre GS metal Ref : 860 070 Certificado NF058 \u00bfNECESITA M\u00c1S INFORMACI\u00d3N?\u00bfUN PROYECTO A [&hellip;]\" \/>\n<meta property=\"og:url\" content=\"https:\/\/rondino.fr\/es\/conexiones\/\" \/>\n<meta property=\"og:site_name\" content=\"Rondino\" \/>\n<meta property=\"article:publisher\" content=\"https:\/\/www.facebook.com\/gaillardrondino\/\" \/>\n<meta property=\"article:modified_time\" content=\"2026-03-09T09:43:08+00:00\" \/>\n<meta property=\"og:image\" content=\"https:\/\/rondino.fr\/wp-content\/uploads\/2025\/02\/Raccordement-GRP-sur-muret.jpg\" \/>\n\t<meta property=\"og:image:width\" content=\"600\" \/>\n\t<meta property=\"og:image:height\" content=\"356\" \/>\n\t<meta property=\"og:image:type\" content=\"image\/jpeg\" \/>\n<meta name=\"twitter:card\" content=\"summary_large_image\" \/>\n<script type=\"application\/ld+json\" class=\"yoast-schema-graph\">{\"@context\":\"https:\\\/\\\/schema.org\",\"@graph\":[{\"@type\":\"WebPage\",\"@id\":\"https:\\\/\\\/rondino.fr\\\/es\\\/conexiones\\\/\",\"url\":\"https:\\\/\\\/rondino.fr\\\/es\\\/conexiones\\\/\",\"name\":\"CONEXIONES - Rondino\",\"isPartOf\":{\"@id\":\"https:\\\/\\\/rondino.fr\\\/es\\\/#website\"},\"primaryImageOfPage\":{\"@id\":\"https:\\\/\\\/rondino.fr\\\/es\\\/conexiones\\\/#primaryimage\"},\"image\":{\"@id\":\"https:\\\/\\\/rondino.fr\\\/es\\\/conexiones\\\/#primaryimage\"},\"thumbnailUrl\":\"https:\\\/\\\/rondino.fr\\\/wp-content\\\/uploads\\\/2025\\\/02\\\/Raccordement-GRP-sur-muret.jpg\",\"datePublished\":\"2024-09-13T10:43:44+00:00\",\"dateModified\":\"2026-03-09T09:43:08+00:00\",\"breadcrumb\":{\"@id\":\"https:\\\/\\\/rondino.fr\\\/es\\\/conexiones\\\/#breadcrumb\"},\"inLanguage\":\"es\",\"potentialAction\":[{\"@type\":\"ReadAction\",\"target\":[\"https:\\\/\\\/rondino.fr\\\/es\\\/conexiones\\\/\"]}]},{\"@type\":\"ImageObject\",\"inLanguage\":\"es\",\"@id\":\"https:\\\/\\\/rondino.fr\\\/es\\\/conexiones\\\/#primaryimage\",\"url\":\"https:\\\/\\\/rondino.fr\\\/wp-content\\\/uploads\\\/2025\\\/02\\\/Raccordement-GRP-sur-muret.jpg\",\"contentUrl\":\"https:\\\/\\\/rondino.fr\\\/wp-content\\\/uploads\\\/2025\\\/02\\\/Raccordement-GRP-sur-muret.jpg\"},{\"@type\":\"BreadcrumbList\",\"@id\":\"https:\\\/\\\/rondino.fr\\\/es\\\/conexiones\\\/#breadcrumb\",\"itemListElement\":[{\"@type\":\"ListItem\",\"position\":1,\"name\":\"Accueil\",\"item\":\"https:\\\/\\\/rondino.fr\\\/es\\\/inicio\\\/\"},{\"@type\":\"ListItem\",\"position\":2,\"name\":\"CONEXIONES\"}]},{\"@type\":\"WebSite\",\"@id\":\"https:\\\/\\\/rondino.fr\\\/es\\\/#website\",\"url\":\"https:\\\/\\\/rondino.fr\\\/es\\\/\",\"name\":\"Rondino\",\"description\":\"La solution bois pour vos am\u00e9nagements ext\u00e9rieurs et routiers\",\"publisher\":{\"@id\":\"https:\\\/\\\/rondino.fr\\\/es\\\/#organization\"},\"potentialAction\":[{\"@type\":\"SearchAction\",\"target\":{\"@type\":\"EntryPoint\",\"urlTemplate\":\"https:\\\/\\\/rondino.fr\\\/es\\\/?s={search_term_string}\"},\"query-input\":{\"@type\":\"PropertyValueSpecification\",\"valueRequired\":true,\"valueName\":\"search_term_string\"}}],\"inLanguage\":\"es\"},{\"@type\":\"Organization\",\"@id\":\"https:\\\/\\\/rondino.fr\\\/es\\\/#organization\",\"name\":\"Rondino\",\"url\":\"https:\\\/\\\/rondino.fr\\\/es\\\/\",\"logo\":{\"@type\":\"ImageObject\",\"inLanguage\":\"es\",\"@id\":\"https:\\\/\\\/rondino.fr\\\/es\\\/#\\\/schema\\\/logo\\\/image\\\/\",\"url\":\"https:\\\/\\\/rondino.fr\\\/wp-content\\\/uploads\\\/2023\\\/06\\\/Rondino-Logo.png\",\"contentUrl\":\"https:\\\/\\\/rondino.fr\\\/wp-content\\\/uploads\\\/2023\\\/06\\\/Rondino-Logo.png\",\"width\":394,\"height\":132,\"caption\":\"Rondino\"},\"image\":{\"@id\":\"https:\\\/\\\/rondino.fr\\\/es\\\/#\\\/schema\\\/logo\\\/image\\\/\"},\"sameAs\":[\"https:\\\/\\\/www.facebook.com\\\/gaillardrondino\\\/\",\"https:\\\/\\\/www.linkedin.com\\\/company\\\/rondino\",\"https:\\\/\\\/www.instagram.com\\\/rondino.fr\\\/\"],\"email\":\"info@rondino.fr\",\"legalName\":\"GAILLARD RONDINO\",\"numberOfEmployees\":{\"@type\":\"QuantitativeValue\",\"minValue\":\"51\",\"maxValue\":\"200\"}}]}<\/script>\n<!-- \/ Yoast SEO Premium plugin. -->","yoast_head_json":{"title":"CONEXIONES - Rondino","robots":{"index":"index","follow":"follow","max-snippet":"max-snippet:-1","max-image-preview":"max-image-preview:large","max-video-preview":"max-video-preview:-1"},"canonical":"https:\/\/rondino.fr\/es\/conexiones\/","og_locale":"es_ES","og_type":"article","og_title":"CONEXIONES","og_description":"CONEXIONES En ausencia de norma europea y certificaci\u00f3n CE para las conexiones, Francia ha establecido la certificaci\u00f3n NF058 emitida por ASCQUER. Conexi\u00f3n GRP sobre muro Ref : 860 060 Certificado NF058 Conexi\u00f3n G\/G+ sobre muro Ref : 800 460 Conexi\u00f3n GRP sobre GS metal Ref : 860 070 Certificado NF058 \u00bfNECESITA M\u00c1S INFORMACI\u00d3N?\u00bfUN PROYECTO A [&hellip;]","og_url":"https:\/\/rondino.fr\/es\/conexiones\/","og_site_name":"Rondino","article_publisher":"https:\/\/www.facebook.com\/gaillardrondino\/","article_modified_time":"2026-03-09T09:43:08+00:00","og_image":[{"width":600,"height":356,"url":"https:\/\/rondino.fr\/wp-content\/uploads\/2025\/02\/Raccordement-GRP-sur-muret.jpg","type":"image\/jpeg"}],"twitter_card":"summary_large_image","schema":{"@context":"https:\/\/schema.org","@graph":[{"@type":"WebPage","@id":"https:\/\/rondino.fr\/es\/conexiones\/","url":"https:\/\/rondino.fr\/es\/conexiones\/","name":"CONEXIONES - Rondino","isPartOf":{"@id":"https:\/\/rondino.fr\/es\/#website"},"primaryImageOfPage":{"@id":"https:\/\/rondino.fr\/es\/conexiones\/#primaryimage"},"image":{"@id":"https:\/\/rondino.fr\/es\/conexiones\/#primaryimage"},"thumbnailUrl":"https:\/\/rondino.fr\/wp-content\/uploads\/2025\/02\/Raccordement-GRP-sur-muret.jpg","datePublished":"2024-09-13T10:43:44+00:00","dateModified":"2026-03-09T09:43:08+00:00","breadcrumb":{"@id":"https:\/\/rondino.fr\/es\/conexiones\/#breadcrumb"},"inLanguage":"es","potentialAction":[{"@type":"ReadAction","target":["https:\/\/rondino.fr\/es\/conexiones\/"]}]},{"@type":"ImageObject","inLanguage":"es","@id":"https:\/\/rondino.fr\/es\/conexiones\/#primaryimage","url":"https:\/\/rondino.fr\/wp-content\/uploads\/2025\/02\/Raccordement-GRP-sur-muret.jpg","contentUrl":"https:\/\/rondino.fr\/wp-content\/uploads\/2025\/02\/Raccordement-GRP-sur-muret.jpg"},{"@type":"BreadcrumbList","@id":"https:\/\/rondino.fr\/es\/conexiones\/#breadcrumb","itemListElement":[{"@type":"ListItem","position":1,"name":"Accueil","item":"https:\/\/rondino.fr\/es\/inicio\/"},{"@type":"ListItem","position":2,"name":"CONEXIONES"}]},{"@type":"WebSite","@id":"https:\/\/rondino.fr\/es\/#website","url":"https:\/\/rondino.fr\/es\/","name":"Rondino","description":"La solution bois pour vos am\u00e9nagements ext\u00e9rieurs et routiers","publisher":{"@id":"https:\/\/rondino.fr\/es\/#organization"},"potentialAction":[{"@type":"SearchAction","target":{"@type":"EntryPoint","urlTemplate":"https:\/\/rondino.fr\/es\/?s={search_term_string}"},"query-input":{"@type":"PropertyValueSpecification","valueRequired":true,"valueName":"search_term_string"}}],"inLanguage":"es"},{"@type":"Organization","@id":"https:\/\/rondino.fr\/es\/#organization","name":"Rondino","url":"https:\/\/rondino.fr\/es\/","logo":{"@type":"ImageObject","inLanguage":"es","@id":"https:\/\/rondino.fr\/es\/#\/schema\/logo\/image\/","url":"https:\/\/rondino.fr\/wp-content\/uploads\/2023\/06\/Rondino-Logo.png","contentUrl":"https:\/\/rondino.fr\/wp-content\/uploads\/2023\/06\/Rondino-Logo.png","width":394,"height":132,"caption":"Rondino"},"image":{"@id":"https:\/\/rondino.fr\/es\/#\/schema\/logo\/image\/"},"sameAs":["https:\/\/www.facebook.com\/gaillardrondino\/","https:\/\/www.linkedin.com\/company\/rondino","https:\/\/www.instagram.com\/rondino.fr\/"],"email":"info@rondino.fr","legalName":"GAILLARD RONDINO","numberOfEmployees":{"@type":"QuantitativeValue","minValue":"51","maxValue":"200"}}]}},"_links":{"self":[{"href":"https:\/\/rondino.fr\/es\/wp-json\/wp\/v2\/pages\/22125","targetHints":{"allow":["GET"]}}],"collection":[{"href":"https:\/\/rondino.fr\/es\/wp-json\/wp\/v2\/pages"}],"about":[{"href":"https:\/\/rondino.fr\/es\/wp-json\/wp\/v2\/types\/page"}],"author":[{"embeddable":true,"href":"https:\/\/rondino.fr\/es\/wp-json\/wp\/v2\/users\/1"}],"replies":[{"embeddable":true,"href":"https:\/\/rondino.fr\/es\/wp-json\/wp\/v2\/comments?post=22125"}],"version-history":[{"count":1,"href":"https:\/\/rondino.fr\/es\/wp-json\/wp\/v2\/pages\/22125\/revisions"}],"predecessor-version":[{"id":22131,"href":"https:\/\/rondino.fr\/es\/wp-json\/wp\/v2\/pages\/22125\/revisions\/22131"}],"wp:attachment":[{"href":"https:\/\/rondino.fr\/es\/wp-json\/wp\/v2\/media?parent=22125"}],"curies":[{"name":"wp","href":"https:\/\/api.w.org\/{rel}","templated":true}]}}