{"id":22077,"date":"2024-09-10T16:50:31","date_gmt":"2024-09-10T14:50:31","guid":{"rendered":"https:\/\/rondino.fr\/barreras-mixtas-madera-metal\/"},"modified":"2026-03-09T09:35:21","modified_gmt":"2026-03-09T08:35:21","slug":"barreras-mixtas-madera-metal","status":"publish","type":"page","link":"https:\/\/rondino.fr\/es\/barreras-mixtas-madera-metal\/","title":{"rendered":"BARRERAS MIXTAS MADERA-METAL"},"content":{"rendered":"\t\t<div data-elementor-type=\"wp-page\" data-elementor-id=\"22077\" class=\"elementor elementor-22077 elementor-14778\" data-elementor-post-type=\"page\">\n\t\t\t\t<div class=\"elementor-element elementor-element-dfcb622 e-flex e-con-boxed e-con e-parent\" data-id=\"dfcb622\" data-element_type=\"container\" data-e-type=\"container\">\n\t\t\t\t\t<div class=\"e-con-inner\">\n\t\t\t\t<div class=\"elementor-element elementor-element-cbcb9bc elementor-widget elementor-widget-spacer\" data-id=\"cbcb9bc\" data-element_type=\"widget\" data-e-type=\"widget\" data-widget_type=\"spacer.default\">\n\t\t\t\t<div class=\"elementor-widget-container\">\n\t\t\t\t\t\t\t<div class=\"elementor-spacer\">\n\t\t\t<div class=\"elementor-spacer-inner\"><\/div>\n\t\t<\/div>\n\t\t\t\t\t\t<\/div>\n\t\t\t\t<\/div>\n\t\t\t\t\t<\/div>\n\t\t\t\t<\/div>\n\t\t<div class=\"elementor-element elementor-element-a605b3e e-flex e-con-boxed e-con e-parent\" data-id=\"a605b3e\" data-element_type=\"container\" data-e-type=\"container\">\n\t\t\t\t\t<div class=\"e-con-inner\">\n\t\t\t\t<div class=\"elementor-element elementor-element-ca97a85 elementor-widget elementor-widget-heading\" data-id=\"ca97a85\" data-element_type=\"widget\" data-e-type=\"widget\" data-widget_type=\"heading.default\">\n\t\t\t\t<div class=\"elementor-widget-container\">\n\t\t\t\t\t<h1 class=\"elementor-heading-title elementor-size-default\">BARRERAS MIXTAS MADERA-METAL<\/h1>\t\t\t\t<\/div>\n\t\t\t\t<\/div>\n\t\t\t\t\t<\/div>\n\t\t\t\t<\/div>\n\t\t<div class=\"elementor-element elementor-element-79f7202 e-flex e-con-boxed e-con e-parent\" data-id=\"79f7202\" data-element_type=\"container\" data-e-type=\"container\">\n\t\t\t\t\t<div class=\"e-con-inner\">\n\t\t\t\t<div class=\"elementor-element elementor-element-f015e64 elementor-widget elementor-widget-heading\" data-id=\"f015e64\" data-element_type=\"widget\" data-e-type=\"widget\" data-widget_type=\"heading.default\">\n\t\t\t\t<div class=\"elementor-widget-container\">\n\t\t\t\t\t<h2 class=\"elementor-heading-title elementor-size-default\">GAMA GRP<\/h2>\t\t\t\t<\/div>\n\t\t\t\t<\/div>\n\t\t\t\t\t<\/div>\n\t\t\t\t<\/div>\n\t\t<div class=\"elementor-element elementor-element-550d16f e-flex e-con-boxed e-con e-parent\" data-id=\"550d16f\" data-element_type=\"container\" data-e-type=\"container\">\n\t\t\t\t\t<div class=\"e-con-inner\">\n\t\t<div class=\"elementor-element elementor-element-29b6960 e-con-full e-flex e-con e-child\" data-id=\"29b6960\" data-element_type=\"container\" data-e-type=\"container\">\n\t\t\t\t<div class=\"elementor-element elementor-element-2c66257 elementor-widget elementor-widget-text-editor\" data-id=\"2c66257\" data-element_type=\"widget\" data-e-type=\"widget\" data-widget_type=\"text-editor.default\">\n\t\t\t\t<div class=\"elementor-widget-container\">\n\t\t\t\t\t\t\t\t\t<p>Estas barreras est\u00e1n especialmente dise\u00f1adas para proteger obst\u00e1culos y desniveles, combinando rendimiento, seguridad y est\u00e9tica.<\/p><p>Descubra nuestra gama de barreras GRP de alto rendimiento, del W1 al W5, con un \u00edndice de severidad (ASI) igual a A, la mejor clasificaci\u00f3n en t\u00e9rminos de seguridad para los ocupantes de los veh\u00edculos.<\/p><p>Alta durabilidad de la madera, PINO clase 4 \u2013 Certificaci\u00f3n de calidad CTB B+ \u2013 Madera 100 % francesa<\/p>\t\t\t\t\t\t\t\t<\/div>\n\t\t\t\t<\/div>\n\t\t\t\t<div class=\"elementor-element elementor-element-9bf70cd elementor-widget elementor-widget-image\" data-id=\"9bf70cd\" data-element_type=\"widget\" data-e-type=\"widget\" data-widget_type=\"image.default\">\n\t\t\t\t<div class=\"elementor-widget-container\">\n\t\t\t\t\t\t\t\t\t\t\t\t\t\t\t<img fetchpriority=\"high\" decoding=\"async\" width=\"400\" height=\"301\" src=\"https:\/\/rondino.fr\/wp-content\/uploads\/2024\/09\/Glissieremixte2.jpg\" class=\"attachment-large size-large wp-image-22085\" alt=\"Barreras mixtas madera-metal para la seguridad de las carreteras y el acondicionamiento vial.\" \/>\t\t\t\t\t\t\t\t\t\t\t\t\t\t\t<\/div>\n\t\t\t\t<\/div>\n\t\t\t\t<\/div>\n\t\t<div class=\"elementor-element elementor-element-7d45d60 e-con-full e-flex e-con e-child\" data-id=\"7d45d60\" data-element_type=\"container\" data-e-type=\"container\">\n\t\t\t\t<div class=\"elementor-element elementor-element-21f8035 elementor-widget elementor-widget-image\" data-id=\"21f8035\" data-element_type=\"widget\" data-e-type=\"widget\" data-widget_type=\"image.default\">\n\t\t\t\t<div class=\"elementor-widget-container\">\n\t\t\t\t\t\t\t\t\t\t\t\t\t\t\t<img decoding=\"async\" width=\"800\" height=\"600\" src=\"https:\/\/rondino.fr\/wp-content\/uploads\/2024\/09\/Glissieremixte.jpg\" class=\"attachment-large size-large wp-image-22078\" alt=\"Barreras mixtas madera-metal para la seguridad de las carreteras y el acondicionamiento vial.\" srcset=\"https:\/\/rondino.fr\/wp-content\/uploads\/2024\/09\/Glissieremixte.jpg 800w, https:\/\/rondino.fr\/wp-content\/uploads\/2024\/09\/Glissieremixte-512x384.jpg 512w, https:\/\/rondino.fr\/wp-content\/uploads\/2024\/09\/Glissieremixte-768x576.jpg 768w, https:\/\/rondino.fr\/wp-content\/uploads\/2024\/09\/Glissieremixte-522x392.jpg 522w\" sizes=\"(max-width: 800px) 100vw, 800px\" \/>\t\t\t\t\t\t\t\t\t\t\t\t\t\t\t<\/div>\n\t\t\t\t<\/div>\n\t\t\t\t<\/div>\n\t\t\t\t\t<\/div>\n\t\t\t\t<\/div>\n\t\t<div class=\"elementor-element elementor-element-dc4d274 e-flex e-con-boxed e-con e-parent\" data-id=\"dc4d274\" data-element_type=\"container\" data-e-type=\"container\">\n\t\t\t\t\t<div class=\"e-con-inner\">\n\t\t<div class=\"elementor-element elementor-element-4be85e1 e-grid e-con-full e-con e-child\" data-id=\"4be85e1\" data-element_type=\"container\" data-e-type=\"container\">\n\t\t\t\t<div class=\"elementor-element elementor-element-69abe95 elementor-widget elementor-widget-image\" data-id=\"69abe95\" data-element_type=\"widget\" data-e-type=\"widget\" data-widget_type=\"image.default\">\n\t\t\t\t<div class=\"elementor-widget-container\">\n\t\t\t\t\t\t\t\t\t\t\t\t\t\t\t<img decoding=\"async\" width=\"137\" height=\"60\" src=\"https:\/\/rondino.fr\/wp-content\/uploads\/2024\/09\/FF.png\" class=\"attachment-full size-full wp-image-22082\" alt=\"logo Fabriqu\u00e9 en France\" \/>\t\t\t\t\t\t\t\t\t\t\t\t\t\t\t<\/div>\n\t\t\t\t<\/div>\n\t\t\t\t<div class=\"elementor-element elementor-element-8745725 elementor-widget elementor-widget-image\" data-id=\"8745725\" data-element_type=\"widget\" data-e-type=\"widget\" data-widget_type=\"image.default\">\n\t\t\t\t<div class=\"elementor-widget-container\">\n\t\t\t\t\t\t\t\t\t\t\t\t\t\t\t<img loading=\"lazy\" decoding=\"async\" width=\"149\" height=\"80\" src=\"https:\/\/rondino.fr\/wp-content\/uploads\/2023\/06\/logo-bois-de-france.png\" class=\"attachment-large size-large wp-image-22087\" alt=\"Logo certification Bois de France\" \/>\t\t\t\t\t\t\t\t\t\t\t\t\t\t\t<\/div>\n\t\t\t\t<\/div>\n\t\t\t\t<div class=\"elementor-element elementor-element-2e4f2f7 elementor-widget elementor-widget-image\" data-id=\"2e4f2f7\" data-element_type=\"widget\" data-e-type=\"widget\" data-widget_type=\"image.default\">\n\t\t\t\t<div class=\"elementor-widget-container\">\n\t\t\t\t\t\t\t\t\t\t\t\t\t\t\t<img loading=\"lazy\" decoding=\"async\" width=\"85\" height=\"60\" src=\"https:\/\/rondino.fr\/wp-content\/uploads\/2024\/09\/CE-1.png\" class=\"attachment-large size-large wp-image-22080\" alt=\"logo CE\" \/>\t\t\t\t\t\t\t\t\t\t\t\t\t\t\t<\/div>\n\t\t\t\t<\/div>\n\t\t\t\t<div class=\"elementor-element elementor-element-11997be elementor-widget elementor-widget-image\" data-id=\"11997be\" data-element_type=\"widget\" data-e-type=\"widget\" data-widget_type=\"image.default\">\n\t\t\t\t<div class=\"elementor-widget-container\">\n\t\t\t\t\t\t\t\t\t\t\t\t\t\t\t<img decoding=\"async\" src=\"https:\/\/rondino.fr\/wp-content\/uploads\/elementor\/thumbs\/pefc-label-pefc10-31-575-logo-certificat-pefc-groupe-gallien-paysage-r7s0xmxl9m9z1f0jjyx4jgffwk1fc7w65taszmup2i.png\" title=\"Certificat PEFC\" alt=\"Certificat PEFC\" loading=\"lazy\" \/>\t\t\t\t\t\t\t\t\t\t\t\t\t\t\t<\/div>\n\t\t\t\t<\/div>\n\t\t\t\t<div class=\"elementor-element elementor-element-7af4816 elementor-widget elementor-widget-image\" data-id=\"7af4816\" data-element_type=\"widget\" data-e-type=\"widget\" data-widget_type=\"image.default\">\n\t\t\t\t<div class=\"elementor-widget-container\">\n\t\t\t\t\t\t\t\t\t\t\t\t\t\t\t<img loading=\"lazy\" decoding=\"async\" width=\"152\" height=\"60\" src=\"https:\/\/rondino.fr\/wp-content\/uploads\/2024\/09\/ascquer.png\" class=\"attachment-large size-large wp-image-22079\" alt=\"logo ascquer\" \/>\t\t\t\t\t\t\t\t\t\t\t\t\t\t\t<\/div>\n\t\t\t\t<\/div>\n\t\t\t\t<div class=\"elementor-element elementor-element-f3a49ca elementor-widget elementor-widget-image\" data-id=\"f3a49ca\" data-element_type=\"widget\" data-e-type=\"widget\" data-widget_type=\"image.default\">\n\t\t\t\t<div class=\"elementor-widget-container\">\n\t\t\t\t\t\t\t\t\t\t\t\t\t\t\t<img loading=\"lazy\" decoding=\"async\" width=\"120\" height=\"60\" src=\"https:\/\/rondino.fr\/wp-content\/uploads\/2024\/09\/CTB.png\" class=\"attachment-large size-large wp-image-22081\" alt=\"logo CTB\" \/>\t\t\t\t\t\t\t\t\t\t\t\t\t\t\t<\/div>\n\t\t\t\t<\/div>\n\t\t\t\t<\/div>\n\t\t\t\t\t<\/div>\n\t\t\t\t<\/div>\n\t\t\t\t<\/div>\n\t\t","protected":false},"excerpt":{"rendered":"<p>BARRERAS MIXTAS MADERA-METAL GAMA GRP Estas barreras est\u00e1n especialmente dise\u00f1adas para proteger obst\u00e1culos y desniveles, combinando rendimiento, seguridad y est\u00e9tica. Descubra nuestra gama de barreras GRP de alto rendimiento, del W1 al W5, con un \u00edndice de severidad (ASI) igual a A, la mejor clasificaci\u00f3n en t\u00e9rminos de seguridad para los ocupantes de los veh\u00edculos. [&hellip;]<\/p>\n","protected":false},"author":1,"featured_media":0,"parent":0,"menu_order":0,"comment_status":"closed","ping_status":"closed","template":"elementor_header_footer","meta":{"footnotes":""},"class_list":["post-22077","page","type-page","status-publish","hentry"],"yoast_head":"<!-- This site is optimized with the Yoast SEO Premium plugin v27.2 (Yoast SEO v27.4) - https:\/\/yoast.com\/product\/yoast-seo-premium-wordpress\/ -->\n<title>BARRERAS MIXTAS MADERA-METAL - Rondino<\/title>\n<meta name=\"robots\" content=\"index, follow, max-snippet:-1, max-image-preview:large, max-video-preview:-1\" \/>\n<link rel=\"canonical\" href=\"https:\/\/rondino.fr\/es\/barreras-mixtas-madera-metal\/\" \/>\n<meta property=\"og:locale\" content=\"es_ES\" \/>\n<meta property=\"og:type\" content=\"article\" \/>\n<meta property=\"og:title\" content=\"BARRERAS MIXTAS MADERA-METAL\" \/>\n<meta property=\"og:description\" content=\"BARRERAS MIXTAS MADERA-METAL GAMA GRP Estas barreras est\u00e1n especialmente dise\u00f1adas para proteger obst\u00e1culos y desniveles, combinando rendimiento, seguridad y est\u00e9tica. Descubra nuestra gama de barreras GRP de alto rendimiento, del W1 al W5, con un \u00edndice de severidad (ASI) igual a A, la mejor clasificaci\u00f3n en t\u00e9rminos de seguridad para los ocupantes de los veh\u00edculos. [&hellip;]\" \/>\n<meta property=\"og:url\" content=\"https:\/\/rondino.fr\/es\/barreras-mixtas-madera-metal\/\" \/>\n<meta property=\"og:site_name\" content=\"Rondino\" \/>\n<meta property=\"article:publisher\" content=\"https:\/\/www.facebook.com\/gaillardrondino\/\" \/>\n<meta property=\"article:modified_time\" content=\"2026-03-09T08:35:21+00:00\" \/>\n<meta property=\"og:image\" content=\"https:\/\/rondino.fr\/wp-content\/uploads\/2024\/09\/Glissieremixte2.jpg\" \/>\n\t<meta property=\"og:image:width\" content=\"400\" \/>\n\t<meta property=\"og:image:height\" content=\"301\" \/>\n\t<meta property=\"og:image:type\" content=\"image\/jpeg\" \/>\n<meta name=\"twitter:card\" content=\"summary_large_image\" \/>\n<script type=\"application\/ld+json\" class=\"yoast-schema-graph\">{\"@context\":\"https:\\\/\\\/schema.org\",\"@graph\":[{\"@type\":\"WebPage\",\"@id\":\"https:\\\/\\\/rondino.fr\\\/es\\\/barreras-mixtas-madera-metal\\\/\",\"url\":\"https:\\\/\\\/rondino.fr\\\/es\\\/barreras-mixtas-madera-metal\\\/\",\"name\":\"BARRERAS MIXTAS MADERA-METAL - Rondino\",\"isPartOf\":{\"@id\":\"https:\\\/\\\/rondino.fr\\\/es\\\/#website\"},\"primaryImageOfPage\":{\"@id\":\"https:\\\/\\\/rondino.fr\\\/es\\\/barreras-mixtas-madera-metal\\\/#primaryimage\"},\"image\":{\"@id\":\"https:\\\/\\\/rondino.fr\\\/es\\\/barreras-mixtas-madera-metal\\\/#primaryimage\"},\"thumbnailUrl\":\"https:\\\/\\\/rondino.fr\\\/wp-content\\\/uploads\\\/2024\\\/09\\\/Glissieremixte2.jpg\",\"datePublished\":\"2024-09-10T14:50:31+00:00\",\"dateModified\":\"2026-03-09T08:35:21+00:00\",\"breadcrumb\":{\"@id\":\"https:\\\/\\\/rondino.fr\\\/es\\\/barreras-mixtas-madera-metal\\\/#breadcrumb\"},\"inLanguage\":\"es\",\"potentialAction\":[{\"@type\":\"ReadAction\",\"target\":[\"https:\\\/\\\/rondino.fr\\\/es\\\/barreras-mixtas-madera-metal\\\/\"]}]},{\"@type\":\"ImageObject\",\"inLanguage\":\"es\",\"@id\":\"https:\\\/\\\/rondino.fr\\\/es\\\/barreras-mixtas-madera-metal\\\/#primaryimage\",\"url\":\"https:\\\/\\\/rondino.fr\\\/wp-content\\\/uploads\\\/2024\\\/09\\\/Glissieremixte2.jpg\",\"contentUrl\":\"https:\\\/\\\/rondino.fr\\\/wp-content\\\/uploads\\\/2024\\\/09\\\/Glissieremixte2.jpg\"},{\"@type\":\"BreadcrumbList\",\"@id\":\"https:\\\/\\\/rondino.fr\\\/es\\\/barreras-mixtas-madera-metal\\\/#breadcrumb\",\"itemListElement\":[{\"@type\":\"ListItem\",\"position\":1,\"name\":\"Accueil\",\"item\":\"https:\\\/\\\/rondino.fr\\\/es\\\/inicio\\\/\"},{\"@type\":\"ListItem\",\"position\":2,\"name\":\"BARRERAS MIXTAS MADERA-METAL\"}]},{\"@type\":\"WebSite\",\"@id\":\"https:\\\/\\\/rondino.fr\\\/es\\\/#website\",\"url\":\"https:\\\/\\\/rondino.fr\\\/es\\\/\",\"name\":\"Rondino\",\"description\":\"La solution bois pour vos am\u00e9nagements ext\u00e9rieurs et routiers\",\"publisher\":{\"@id\":\"https:\\\/\\\/rondino.fr\\\/es\\\/#organization\"},\"potentialAction\":[{\"@type\":\"SearchAction\",\"target\":{\"@type\":\"EntryPoint\",\"urlTemplate\":\"https:\\\/\\\/rondino.fr\\\/es\\\/?s={search_term_string}\"},\"query-input\":{\"@type\":\"PropertyValueSpecification\",\"valueRequired\":true,\"valueName\":\"search_term_string\"}}],\"inLanguage\":\"es\"},{\"@type\":\"Organization\",\"@id\":\"https:\\\/\\\/rondino.fr\\\/es\\\/#organization\",\"name\":\"Rondino\",\"url\":\"https:\\\/\\\/rondino.fr\\\/es\\\/\",\"logo\":{\"@type\":\"ImageObject\",\"inLanguage\":\"es\",\"@id\":\"https:\\\/\\\/rondino.fr\\\/es\\\/#\\\/schema\\\/logo\\\/image\\\/\",\"url\":\"https:\\\/\\\/rondino.fr\\\/wp-content\\\/uploads\\\/2023\\\/06\\\/Rondino-Logo.png\",\"contentUrl\":\"https:\\\/\\\/rondino.fr\\\/wp-content\\\/uploads\\\/2023\\\/06\\\/Rondino-Logo.png\",\"width\":394,\"height\":132,\"caption\":\"Rondino\"},\"image\":{\"@id\":\"https:\\\/\\\/rondino.fr\\\/es\\\/#\\\/schema\\\/logo\\\/image\\\/\"},\"sameAs\":[\"https:\\\/\\\/www.facebook.com\\\/gaillardrondino\\\/\",\"https:\\\/\\\/www.linkedin.com\\\/company\\\/rondino\",\"https:\\\/\\\/www.instagram.com\\\/rondino.fr\\\/\"],\"email\":\"info@rondino.fr\",\"legalName\":\"GAILLARD RONDINO\",\"numberOfEmployees\":{\"@type\":\"QuantitativeValue\",\"minValue\":\"51\",\"maxValue\":\"200\"}}]}<\/script>\n<!-- \/ Yoast SEO Premium plugin. -->","yoast_head_json":{"title":"BARRERAS MIXTAS MADERA-METAL - Rondino","robots":{"index":"index","follow":"follow","max-snippet":"max-snippet:-1","max-image-preview":"max-image-preview:large","max-video-preview":"max-video-preview:-1"},"canonical":"https:\/\/rondino.fr\/es\/barreras-mixtas-madera-metal\/","og_locale":"es_ES","og_type":"article","og_title":"BARRERAS MIXTAS MADERA-METAL","og_description":"BARRERAS MIXTAS MADERA-METAL GAMA GRP Estas barreras est\u00e1n especialmente dise\u00f1adas para proteger obst\u00e1culos y desniveles, combinando rendimiento, seguridad y est\u00e9tica. Descubra nuestra gama de barreras GRP de alto rendimiento, del W1 al W5, con un \u00edndice de severidad (ASI) igual a A, la mejor clasificaci\u00f3n en t\u00e9rminos de seguridad para los ocupantes de los veh\u00edculos. [&hellip;]","og_url":"https:\/\/rondino.fr\/es\/barreras-mixtas-madera-metal\/","og_site_name":"Rondino","article_publisher":"https:\/\/www.facebook.com\/gaillardrondino\/","article_modified_time":"2026-03-09T08:35:21+00:00","og_image":[{"width":400,"height":301,"url":"https:\/\/rondino.fr\/wp-content\/uploads\/2024\/09\/Glissieremixte2.jpg","type":"image\/jpeg"}],"twitter_card":"summary_large_image","schema":{"@context":"https:\/\/schema.org","@graph":[{"@type":"WebPage","@id":"https:\/\/rondino.fr\/es\/barreras-mixtas-madera-metal\/","url":"https:\/\/rondino.fr\/es\/barreras-mixtas-madera-metal\/","name":"BARRERAS MIXTAS MADERA-METAL - Rondino","isPartOf":{"@id":"https:\/\/rondino.fr\/es\/#website"},"primaryImageOfPage":{"@id":"https:\/\/rondino.fr\/es\/barreras-mixtas-madera-metal\/#primaryimage"},"image":{"@id":"https:\/\/rondino.fr\/es\/barreras-mixtas-madera-metal\/#primaryimage"},"thumbnailUrl":"https:\/\/rondino.fr\/wp-content\/uploads\/2024\/09\/Glissieremixte2.jpg","datePublished":"2024-09-10T14:50:31+00:00","dateModified":"2026-03-09T08:35:21+00:00","breadcrumb":{"@id":"https:\/\/rondino.fr\/es\/barreras-mixtas-madera-metal\/#breadcrumb"},"inLanguage":"es","potentialAction":[{"@type":"ReadAction","target":["https:\/\/rondino.fr\/es\/barreras-mixtas-madera-metal\/"]}]},{"@type":"ImageObject","inLanguage":"es","@id":"https:\/\/rondino.fr\/es\/barreras-mixtas-madera-metal\/#primaryimage","url":"https:\/\/rondino.fr\/wp-content\/uploads\/2024\/09\/Glissieremixte2.jpg","contentUrl":"https:\/\/rondino.fr\/wp-content\/uploads\/2024\/09\/Glissieremixte2.jpg"},{"@type":"BreadcrumbList","@id":"https:\/\/rondino.fr\/es\/barreras-mixtas-madera-metal\/#breadcrumb","itemListElement":[{"@type":"ListItem","position":1,"name":"Accueil","item":"https:\/\/rondino.fr\/es\/inicio\/"},{"@type":"ListItem","position":2,"name":"BARRERAS MIXTAS MADERA-METAL"}]},{"@type":"WebSite","@id":"https:\/\/rondino.fr\/es\/#website","url":"https:\/\/rondino.fr\/es\/","name":"Rondino","description":"La solution bois pour vos am\u00e9nagements ext\u00e9rieurs et routiers","publisher":{"@id":"https:\/\/rondino.fr\/es\/#organization"},"potentialAction":[{"@type":"SearchAction","target":{"@type":"EntryPoint","urlTemplate":"https:\/\/rondino.fr\/es\/?s={search_term_string}"},"query-input":{"@type":"PropertyValueSpecification","valueRequired":true,"valueName":"search_term_string"}}],"inLanguage":"es"},{"@type":"Organization","@id":"https:\/\/rondino.fr\/es\/#organization","name":"Rondino","url":"https:\/\/rondino.fr\/es\/","logo":{"@type":"ImageObject","inLanguage":"es","@id":"https:\/\/rondino.fr\/es\/#\/schema\/logo\/image\/","url":"https:\/\/rondino.fr\/wp-content\/uploads\/2023\/06\/Rondino-Logo.png","contentUrl":"https:\/\/rondino.fr\/wp-content\/uploads\/2023\/06\/Rondino-Logo.png","width":394,"height":132,"caption":"Rondino"},"image":{"@id":"https:\/\/rondino.fr\/es\/#\/schema\/logo\/image\/"},"sameAs":["https:\/\/www.facebook.com\/gaillardrondino\/","https:\/\/www.linkedin.com\/company\/rondino","https:\/\/www.instagram.com\/rondino.fr\/"],"email":"info@rondino.fr","legalName":"GAILLARD RONDINO","numberOfEmployees":{"@type":"QuantitativeValue","minValue":"51","maxValue":"200"}}]}},"_links":{"self":[{"href":"https:\/\/rondino.fr\/es\/wp-json\/wp\/v2\/pages\/22077","targetHints":{"allow":["GET"]}}],"collection":[{"href":"https:\/\/rondino.fr\/es\/wp-json\/wp\/v2\/pages"}],"about":[{"href":"https:\/\/rondino.fr\/es\/wp-json\/wp\/v2\/types\/page"}],"author":[{"embeddable":true,"href":"https:\/\/rondino.fr\/es\/wp-json\/wp\/v2\/users\/1"}],"replies":[{"embeddable":true,"href":"https:\/\/rondino.fr\/es\/wp-json\/wp\/v2\/comments?post=22077"}],"version-history":[{"count":1,"href":"https:\/\/rondino.fr\/es\/wp-json\/wp\/v2\/pages\/22077\/revisions"}],"predecessor-version":[{"id":22088,"href":"https:\/\/rondino.fr\/es\/wp-json\/wp\/v2\/pages\/22077\/revisions\/22088"}],"wp:attachment":[{"href":"https:\/\/rondino.fr\/es\/wp-json\/wp\/v2\/media?parent=22077"}],"curies":[{"name":"wp","href":"https:\/\/api.w.org\/{rel}","templated":true}]}}