{"id":22231,"date":"2024-09-18T14:55:41","date_gmt":"2024-09-18T12:55:41","guid":{"rendered":"https:\/\/rondino.fr\/en1317-standard\/"},"modified":"2026-03-09T14:12:31","modified_gmt":"2026-03-09T13:12:31","slug":"en1317-standard","status":"publish","type":"page","link":"https:\/\/rondino.fr\/en\/en1317-standard\/","title":{"rendered":"EN1317 STANDARD"},"content":{"rendered":"\t\t<div data-elementor-type=\"wp-page\" data-elementor-id=\"22231\" class=\"elementor elementor-22231 elementor-15031\" data-elementor-post-type=\"page\">\n\t\t\t\t<div class=\"elementor-element elementor-element-dfcb622 e-flex e-con-boxed e-con e-parent\" data-id=\"dfcb622\" data-element_type=\"container\" data-e-type=\"container\">\n\t\t\t\t\t<div class=\"e-con-inner\">\n\t\t\t\t<div class=\"elementor-element elementor-element-cbcb9bc elementor-widget elementor-widget-spacer\" data-id=\"cbcb9bc\" data-element_type=\"widget\" data-e-type=\"widget\" data-widget_type=\"spacer.default\">\n\t\t\t\t<div class=\"elementor-widget-container\">\n\t\t\t\t\t\t\t<div class=\"elementor-spacer\">\n\t\t\t<div class=\"elementor-spacer-inner\"><\/div>\n\t\t<\/div>\n\t\t\t\t\t\t<\/div>\n\t\t\t\t<\/div>\n\t\t\t\t\t<\/div>\n\t\t\t\t<\/div>\n\t\t<div class=\"elementor-element elementor-element-a605b3e e-flex e-con-boxed e-con e-parent\" data-id=\"a605b3e\" data-element_type=\"container\" data-e-type=\"container\">\n\t\t\t\t\t<div class=\"e-con-inner\">\n\t\t\t\t<div class=\"elementor-element elementor-element-ca97a85 elementor-widget elementor-widget-heading\" data-id=\"ca97a85\" data-element_type=\"widget\" data-e-type=\"widget\" data-widget_type=\"heading.default\">\n\t\t\t\t<div class=\"elementor-widget-container\">\n\t\t\t\t\t<h1 class=\"elementor-heading-title elementor-size-default\">EN1317 STANDARD<\/h1>\t\t\t\t<\/div>\n\t\t\t\t<\/div>\n\t\t\t\t\t<\/div>\n\t\t\t\t<\/div>\n\t\t<div class=\"elementor-element elementor-element-50433c2 e-con-full e-flex e-con e-parent\" data-id=\"50433c2\" data-element_type=\"container\" data-e-type=\"container\">\n\t\t\t\t<div class=\"elementor-element elementor-element-2cdf9c4 elementor-widget elementor-widget-text-editor\" data-id=\"2cdf9c4\" data-element_type=\"widget\" data-e-type=\"widget\" data-widget_type=\"text-editor.default\">\n\t\t\t\t<div class=\"elementor-widget-container\">\n\t\t\t\t\t\t\t\t\t<p>Safety guardrails must comply with the EN1317 standard and must be CE certified by an approved certification body (ASCQUER or equivalent).<\/p><p>The CE marking guarantees the product\u2019s compliance with the EN1317 standard in terms of performance criteria and traceability. The CE marking does not guarantee the product\u2019s durability; only the manufacturer is authorized to provide its own warranty. Rondino offers high-durability safety products. Our wood is Class 4 Pine, and the high-performance steel is hot-dip galvanized to ensure the highest quality.  <\/p>\t\t\t\t\t\t\t\t<\/div>\n\t\t\t\t<\/div>\n\t\t\t\t<\/div>\n\t\t<div class=\"elementor-element elementor-element-54934e9 e-con-full e-flex e-con e-parent\" data-id=\"54934e9\" data-element_type=\"container\" data-e-type=\"container\">\n\t\t\t\t<div class=\"elementor-element elementor-element-e0efab5 elementor-widget elementor-widget-heading\" data-id=\"e0efab5\" data-element_type=\"widget\" data-e-type=\"widget\" data-widget_type=\"heading.default\">\n\t\t\t\t<div class=\"elementor-widget-container\">\n\t\t\t\t\t<h2 class=\"elementor-heading-title elementor-size-default\">Road Restraint Systems (RRS) are evaluated according to three criteria. <\/h2>\t\t\t\t<\/div>\n\t\t\t\t<\/div>\n\t\t\t\t<div class=\"elementor-element elementor-element-32691fe elementor-widget elementor-widget-heading\" data-id=\"32691fe\" data-element_type=\"widget\" data-e-type=\"widget\" data-widget_type=\"heading.default\">\n\t\t\t\t<div class=\"elementor-widget-container\">\n\t\t\t\t\t<h3 class=\"elementor-heading-title elementor-size-default\">A) Containment Level<\/h3>\t\t\t\t<\/div>\n\t\t\t\t<\/div>\n\t\t\t\t<div class=\"elementor-element elementor-element-9a43c32 elementor-widget elementor-widget-image\" data-id=\"9a43c32\" data-element_type=\"widget\" data-e-type=\"widget\" data-widget_type=\"image.default\">\n\t\t\t\t<div class=\"elementor-widget-container\">\n\t\t\t\t\t\t\t\t\t\t\t\t\t\t\t<img fetchpriority=\"high\" decoding=\"async\" width=\"618\" height=\"376\" src=\"https:\/\/rondino.fr\/wp-content\/uploads\/2024\/12\/niveau-retenue.png\" class=\"attachment-large size-large wp-image-22234\" alt=\"Niveau retenue Glissi\u00e8res de s\u00e9curit\u00e9\" srcset=\"https:\/\/rondino.fr\/wp-content\/uploads\/2024\/12\/niveau-retenue.png 618w, https:\/\/rondino.fr\/wp-content\/uploads\/2024\/12\/niveau-retenue-512x312.png 512w, https:\/\/rondino.fr\/wp-content\/uploads\/2024\/12\/niveau-retenue-522x318.png 522w\" sizes=\"(max-width: 618px) 100vw, 618px\" \/>\t\t\t\t\t\t\t\t\t\t\t\t\t\t\t<\/div>\n\t\t\t\t<\/div>\n\t\t\t\t<div class=\"elementor-element elementor-element-fb2ea97 elementor-widget elementor-widget-heading\" data-id=\"fb2ea97\" data-element_type=\"widget\" data-e-type=\"widget\" data-widget_type=\"heading.default\">\n\t\t\t\t<div class=\"elementor-widget-container\">\n\t\t\t\t\t<h3 class=\"elementor-heading-title elementor-size-default\">B) Impact Severity Index<\/h3>\t\t\t\t<\/div>\n\t\t\t\t<\/div>\n\t\t\t\t<div class=\"elementor-element elementor-element-ccabf44 elementor-widget elementor-widget-text-editor\" data-id=\"ccabf44\" data-element_type=\"widget\" data-e-type=\"widget\" data-widget_type=\"text-editor.default\">\n\t\t\t\t<div class=\"elementor-widget-container\">\n\t\t\t\t\t\t\t\t\t<p>The ASI (Acceleration Severity Index) measures the severity of the impact for vehicle occupants.<br>Level A provides the highest level of safety.<\/p>\t\t\t\t\t\t\t\t<\/div>\n\t\t\t\t<\/div>\n\t\t\t\t<div class=\"elementor-element elementor-element-960be0d elementor-widget elementor-widget-html\" data-id=\"960be0d\" data-element_type=\"widget\" data-e-type=\"widget\" id=\"table-glissiere\" data-widget_type=\"html.default\">\n\t\t\t\t<div class=\"elementor-widget-container\">\n\t\t\t\t\t<table>\r\n  <tr style=\"color:#f57921; text-align:center\">\r\n    <td style=\"text-align:center; padding:5px\">CLASS<\/td>\r\n<td style=\"text-align:center; padding:5px\">ASI<\/td>\r\n<td style=\"text-align:center; padding:5px\">VALUE<\/td>\r\n  <\/tr>\r\n  <tr>\r\n    <td style=\"text-align:center; padding:5px\">A<\/td>\r\n<td style=\"text-align:center; padding:5px\">LOW<\/td>\r\n<td style=\"text-align:center; padding:5px\">ASI \u2264 1,0<\/td>\r\n  <\/tr>\r\n  <tr>\r\n    <td style=\"text-align:center; padding:5px\">B<\/td>\r\n<td style=\"text-align:center; padding:5px\">MEDIUM<\/td>\r\n<td style=\"text-align:center; padding:5px\">1 &lt; ASI \u2264 1,4<\/td>\r\n  <\/tr>\r\n   <tr>\r\n    <td style=\"text-align:center; padding:5px\">C<\/td>\r\n<td style=\"text-align:center; padding:5px\">HIGH<\/td>\r\n<td style=\"text-align:center; padding:5px\">1,4 &lt; ASI \u2264 1,9<\/td>\r\n  <\/tr> \r\n<\/table>\t\t\t\t<\/div>\n\t\t\t\t<\/div>\n\t\t\t\t<div class=\"elementor-element elementor-element-bb15570 elementor-widget elementor-widget-heading\" data-id=\"bb15570\" data-element_type=\"widget\" data-e-type=\"widget\" data-widget_type=\"heading.default\">\n\t\t\t\t<div class=\"elementor-widget-container\">\n\t\t\t\t\t<h3 class=\"elementor-heading-title elementor-size-default\">C) System Deformation<\/h3>\t\t\t\t<\/div>\n\t\t\t\t<\/div>\n\t\t\t\t<div class=\"elementor-element elementor-element-fb8fc14 elementor-widget elementor-widget-text-editor\" data-id=\"fb8fc14\" data-element_type=\"widget\" data-e-type=\"widget\" data-widget_type=\"text-editor.default\">\n\t\t\t\t<div class=\"elementor-widget-container\">\n\t\t\t\t\t\t\t\t\t<p>Working width (Wn), Dynamic deflection (Dn), Vehicle intrusion (Vin)<\/p>\t\t\t\t\t\t\t\t<\/div>\n\t\t\t\t<\/div>\n\t\t\t\t<div class=\"elementor-element elementor-element-2c549c8 elementor-widget elementor-widget-image\" data-id=\"2c549c8\" data-element_type=\"widget\" data-e-type=\"widget\" data-widget_type=\"image.default\">\n\t\t\t\t<div class=\"elementor-widget-container\">\n\t\t\t\t\t\t\t\t\t\t\t\t\t\t\t<img decoding=\"async\" width=\"284\" height=\"131\" src=\"https:\/\/rondino.fr\/wp-content\/uploads\/2025\/01\/deformation-dispositif-min.png\" class=\"attachment-large size-large wp-image-22235\" alt=\"Norme dispositif de d\u00e9formation pour glissi\u00e8re de s\u00e9curit\u00e9 en bois et m\u00e9tal.\" \/>\t\t\t\t\t\t\t\t\t\t\t\t\t\t\t<\/div>\n\t\t\t\t<\/div>\n\t\t\t\t<div class=\"elementor-element elementor-element-0fc4f5a elementor-widget elementor-widget-heading\" data-id=\"0fc4f5a\" data-element_type=\"widget\" data-e-type=\"widget\" data-widget_type=\"heading.default\">\n\t\t\t\t<div class=\"elementor-widget-container\">\n\t\t\t\t\t<h3 class=\"elementor-heading-title elementor-size-default\">D) Vehicle intrusion (VIn)<\/h3>\t\t\t\t<\/div>\n\t\t\t\t<\/div>\n\t\t\t\t<div class=\"elementor-element elementor-element-78b8b3f elementor-widget elementor-widget-text-editor\" data-id=\"78b8b3f\" data-element_type=\"widget\" data-e-type=\"widget\" data-widget_type=\"text-editor.default\">\n\t\t\t\t<div class=\"elementor-widget-container\">\n\t\t\t\t\t\t\t\t\t<p>Vehicle intrusion represents the maximum dynamic lateral position of the vehicle relative to the traffic-facing side of the barrier. <br>The European standard classifies Vi values into different classes from VI1 to VI9.<\/p>\t\t\t\t\t\t\t\t<\/div>\n\t\t\t\t<\/div>\n\t\t\t\t<\/div>\n\t\t<div class=\"elementor-element elementor-element-99fafaf e-con-full e-flex e-con e-parent\" data-id=\"99fafaf\" data-element_type=\"container\" data-e-type=\"container\">\n\t\t<div class=\"elementor-element elementor-element-0f738eb e-con-full e-flex e-con e-child\" data-id=\"0f738eb\" data-element_type=\"container\" data-e-type=\"container\">\n\t\t\t\t<div class=\"elementor-element elementor-element-86928ac elementor-widget elementor-widget-html\" data-id=\"86928ac\" data-element_type=\"widget\" data-e-type=\"widget\" data-widget_type=\"html.default\">\n\t\t\t\t<div class=\"elementor-widget-container\">\n\t\t\t\t\t<table style=\"margin-bottom:0\">\r\n  <tr style=\"color:#f57921\">\r\n    <td style=\"padding:5px\">Standardised vehicle intrusion level classes<\/td>\r\n<td style=\"padding:5px\">Standardised vehicle intrusion levels (m)<\/td>\r\n  <\/tr>\r\n  <tr>\r\n    <td style=\"padding:5px\">VI1<\/td>\r\n<td style=\"padding:5px\">VIn \u2264 0,6<\/td>\r\n  <\/tr>\r\n  <tr>\r\n    <td style=\"padding:5px\">VI2<\/td>\r\n<td style=\"padding:5px\">VIn \u2264 0,8<\/td>\r\n  <\/tr>\r\n   <tr>\r\n    <td style=\"padding:5px\">VI3<\/td>\r\n<td style=\"padding:5px\">VIn \u2264 1,0<\/td>\r\n  <\/tr>\r\n  <tr>\r\n    <td style=\"padding:5px\">VI4<\/td>\r\n<td style=\"padding:5px\">VIn \u2264 1,3<\/td>\r\n  <\/tr>\r\n  <tr>\r\n    <td style=\"padding:5px\">VI5<\/td>\r\n<td style=\"padding:5px\">VIn \u2264 1,7<\/td>\r\n  <\/tr>\r\n  <tr>\r\n    <td style=\"padding:5px\">VI6<\/td>\r\n<td style=\"padding:5px\">VIn \u2264 2,1<\/td>\r\n  <\/tr>\r\n  <tr>\r\n    <td style=\"padding:5px\">VI7<\/td>\r\n <td style=\"padding:5px\">VIn \u2264 2,5<\/td>\r\n  <\/tr>\r\n  <tr>\r\n    <td style=\"padding:5px\">VI8<\/td>\r\n<td style=\"padding:5px\">VIn \u2264 3,5<\/td>\r\n  <\/tr>\r\n  <tr>\r\n    <td style=\"padding:5px\">VI9<\/td>\r\n<td style=\"padding:5px\">VIn \u2265 3,5<\/td>\r\n  <\/tr>\r\n<\/table>\t\t\t\t<\/div>\n\t\t\t\t<\/div>\n\t\t\t\t<\/div>\n\t\t<div class=\"elementor-element elementor-element-3d2e8df e-con-full e-flex e-con e-child\" data-id=\"3d2e8df\" data-element_type=\"container\" data-e-type=\"container\">\n\t\t\t\t<div class=\"elementor-element elementor-element-e30d42b elementor-widget elementor-widget-image\" data-id=\"e30d42b\" data-element_type=\"widget\" data-e-type=\"widget\" data-widget_type=\"image.default\">\n\t\t\t\t<div class=\"elementor-widget-container\">\n\t\t\t\t\t\t\t\t\t\t\t\t\t\t\t<img decoding=\"async\" width=\"701\" height=\"421\" src=\"https:\/\/rondino.fr\/wp-content\/uploads\/2024\/09\/intrusion-vehicule.png\" class=\"attachment-full size-full wp-image-22233\" alt=\"norme intrusion vehicule\" srcset=\"https:\/\/rondino.fr\/wp-content\/uploads\/2024\/09\/intrusion-vehicule.png 701w, https:\/\/rondino.fr\/wp-content\/uploads\/2024\/09\/intrusion-vehicule-512x307.png 512w, https:\/\/rondino.fr\/wp-content\/uploads\/2024\/09\/intrusion-vehicule-522x313.png 522w\" sizes=\"(max-width: 701px) 100vw, 701px\" \/>\t\t\t\t\t\t\t\t\t\t\t\t\t\t\t<\/div>\n\t\t\t\t<\/div>\n\t\t\t\t<\/div>\n\t\t\t\t<\/div>\n\t\t<div class=\"elementor-element elementor-element-040e008 e-flex e-con-boxed e-con e-parent\" data-id=\"040e008\" data-element_type=\"container\" data-e-type=\"container\">\n\t\t\t\t\t<div class=\"e-con-inner\">\n\t\t\t\t<div class=\"elementor-element elementor-element-012d020 elementor-widget elementor-widget-text-editor\" data-id=\"012d020\" data-element_type=\"widget\" data-e-type=\"widget\" data-widget_type=\"text-editor.default\">\n\t\t\t\t<div class=\"elementor-widget-container\">\n\t\t\t\t\t\t\t\t\t<p>NOTE 1: In specific cases, a vehicle intrusion level class lower than VI1 may be specified.<\/p><p>NOTE 2: Dynamic deflection, working width, and vehicle intrusion make it possible to determine the installation conditions for safety barriers and to define the distances to be maintained in front of obstacles.<\/p><p><strong>RONDINO is a member of the French standardization committee at BNTRA \u2013 Road restraint systems (RRS).<\/strong><br><br><strong>RONDINO also participates in the working group of the European Commission TC226\/WG1 for the development and revision of the European EN1317 standards.<\/strong><\/p>\t\t\t\t\t\t\t\t<\/div>\n\t\t\t\t<\/div>\n\t\t\t\t\t<\/div>\n\t\t\t\t<\/div>\n\t\t\t\t<\/div>\n\t\t","protected":false},"excerpt":{"rendered":"<p>EN1317 STANDARD Safety guardrails must comply with the EN1317 standard and must be CE certified by an approved certification body (ASCQUER or equivalent). The CE marking guarantees the product\u2019s compliance with the EN1317 standard in terms of performance criteria and traceability. The CE marking does not guarantee the product\u2019s durability; only the manufacturer is authorized [&hellip;]<\/p>\n","protected":false},"author":1,"featured_media":0,"parent":0,"menu_order":0,"comment_status":"closed","ping_status":"closed","template":"elementor_header_footer","meta":{"footnotes":""},"class_list":["post-22231","page","type-page","status-publish","hentry"],"yoast_head":"<!-- This site is optimized with the Yoast SEO Premium plugin v27.4 (Yoast SEO v27.4) - https:\/\/yoast.com\/product\/yoast-seo-premium-wordpress\/ -->\n<title>EN1317 STANDARD - Rondino<\/title>\n<meta name=\"robots\" content=\"index, follow, max-snippet:-1, max-image-preview:large, max-video-preview:-1\" \/>\n<link rel=\"canonical\" href=\"https:\/\/rondino.fr\/en\/en1317-standard\/\" \/>\n<meta property=\"og:locale\" content=\"en_US\" \/>\n<meta property=\"og:type\" content=\"article\" \/>\n<meta property=\"og:title\" content=\"EN1317 STANDARD\" \/>\n<meta property=\"og:description\" content=\"EN1317 STANDARD Safety guardrails must comply with the EN1317 standard and must be CE certified by an approved certification body (ASCQUER or equivalent). The CE marking guarantees the product\u2019s compliance with the EN1317 standard in terms of performance criteria and traceability. The CE marking does not guarantee the product\u2019s durability; only the manufacturer is authorized [&hellip;]\" \/>\n<meta property=\"og:url\" content=\"https:\/\/rondino.fr\/en\/en1317-standard\/\" \/>\n<meta property=\"og:site_name\" content=\"Rondino\" \/>\n<meta property=\"article:publisher\" content=\"https:\/\/www.facebook.com\/gaillardrondino\/\" \/>\n<meta property=\"article:modified_time\" content=\"2026-03-09T13:12:31+00:00\" \/>\n<meta property=\"og:image\" content=\"https:\/\/rondino.fr\/wp-content\/uploads\/2024\/12\/niveau-retenue.png\" \/>\n\t<meta property=\"og:image:width\" content=\"618\" \/>\n\t<meta property=\"og:image:height\" content=\"376\" \/>\n\t<meta property=\"og:image:type\" content=\"image\/png\" \/>\n<meta name=\"twitter:card\" content=\"summary_large_image\" \/>\n<meta name=\"twitter:label1\" content=\"Est. reading time\" \/>\n\t<meta name=\"twitter:data1\" content=\"1 minute\" \/>\n<script type=\"application\/ld+json\" class=\"yoast-schema-graph\">{\"@context\":\"https:\\\/\\\/schema.org\",\"@graph\":[{\"@type\":\"WebPage\",\"@id\":\"https:\\\/\\\/rondino.fr\\\/en\\\/en1317-standard\\\/\",\"url\":\"https:\\\/\\\/rondino.fr\\\/en\\\/en1317-standard\\\/\",\"name\":\"EN1317 STANDARD - Rondino\",\"isPartOf\":{\"@id\":\"https:\\\/\\\/rondino.fr\\\/en\\\/#website\"},\"primaryImageOfPage\":{\"@id\":\"https:\\\/\\\/rondino.fr\\\/en\\\/en1317-standard\\\/#primaryimage\"},\"image\":{\"@id\":\"https:\\\/\\\/rondino.fr\\\/en\\\/en1317-standard\\\/#primaryimage\"},\"thumbnailUrl\":\"https:\\\/\\\/rondino.fr\\\/wp-content\\\/uploads\\\/2024\\\/12\\\/niveau-retenue.png\",\"datePublished\":\"2024-09-18T12:55:41+00:00\",\"dateModified\":\"2026-03-09T13:12:31+00:00\",\"breadcrumb\":{\"@id\":\"https:\\\/\\\/rondino.fr\\\/en\\\/en1317-standard\\\/#breadcrumb\"},\"inLanguage\":\"en-US\",\"potentialAction\":[{\"@type\":\"ReadAction\",\"target\":[\"https:\\\/\\\/rondino.fr\\\/en\\\/en1317-standard\\\/\"]}]},{\"@type\":\"ImageObject\",\"inLanguage\":\"en-US\",\"@id\":\"https:\\\/\\\/rondino.fr\\\/en\\\/en1317-standard\\\/#primaryimage\",\"url\":\"https:\\\/\\\/rondino.fr\\\/wp-content\\\/uploads\\\/2024\\\/12\\\/niveau-retenue.png\",\"contentUrl\":\"https:\\\/\\\/rondino.fr\\\/wp-content\\\/uploads\\\/2024\\\/12\\\/niveau-retenue.png\"},{\"@type\":\"BreadcrumbList\",\"@id\":\"https:\\\/\\\/rondino.fr\\\/en\\\/en1317-standard\\\/#breadcrumb\",\"itemListElement\":[{\"@type\":\"ListItem\",\"position\":1,\"name\":\"Accueil\",\"item\":\"https:\\\/\\\/rondino.fr\\\/en\\\/home\\\/\"},{\"@type\":\"ListItem\",\"position\":2,\"name\":\"EN1317 STANDARD\"}]},{\"@type\":\"WebSite\",\"@id\":\"https:\\\/\\\/rondino.fr\\\/en\\\/#website\",\"url\":\"https:\\\/\\\/rondino.fr\\\/en\\\/\",\"name\":\"Rondino\",\"description\":\"La solution bois pour vos am\u00e9nagements ext\u00e9rieurs et routiers\",\"publisher\":{\"@id\":\"https:\\\/\\\/rondino.fr\\\/en\\\/#organization\"},\"potentialAction\":[{\"@type\":\"SearchAction\",\"target\":{\"@type\":\"EntryPoint\",\"urlTemplate\":\"https:\\\/\\\/rondino.fr\\\/en\\\/?s={search_term_string}\"},\"query-input\":{\"@type\":\"PropertyValueSpecification\",\"valueRequired\":true,\"valueName\":\"search_term_string\"}}],\"inLanguage\":\"en-US\"},{\"@type\":\"Organization\",\"@id\":\"https:\\\/\\\/rondino.fr\\\/en\\\/#organization\",\"name\":\"Rondino\",\"url\":\"https:\\\/\\\/rondino.fr\\\/en\\\/\",\"logo\":{\"@type\":\"ImageObject\",\"inLanguage\":\"en-US\",\"@id\":\"https:\\\/\\\/rondino.fr\\\/en\\\/#\\\/schema\\\/logo\\\/image\\\/\",\"url\":\"https:\\\/\\\/rondino.fr\\\/wp-content\\\/uploads\\\/2023\\\/06\\\/Rondino-Logo.png\",\"contentUrl\":\"https:\\\/\\\/rondino.fr\\\/wp-content\\\/uploads\\\/2023\\\/06\\\/Rondino-Logo.png\",\"width\":394,\"height\":132,\"caption\":\"Rondino\"},\"image\":{\"@id\":\"https:\\\/\\\/rondino.fr\\\/en\\\/#\\\/schema\\\/logo\\\/image\\\/\"},\"sameAs\":[\"https:\\\/\\\/www.facebook.com\\\/gaillardrondino\\\/\",\"https:\\\/\\\/www.linkedin.com\\\/company\\\/rondino\",\"https:\\\/\\\/www.instagram.com\\\/rondino.fr\\\/\"],\"email\":\"info@rondino.fr\",\"legalName\":\"GAILLARD RONDINO\",\"numberOfEmployees\":{\"@type\":\"QuantitativeValue\",\"minValue\":\"51\",\"maxValue\":\"200\"}}]}<\/script>\n<!-- \/ Yoast SEO Premium plugin. -->","yoast_head_json":{"title":"EN1317 STANDARD - Rondino","robots":{"index":"index","follow":"follow","max-snippet":"max-snippet:-1","max-image-preview":"max-image-preview:large","max-video-preview":"max-video-preview:-1"},"canonical":"https:\/\/rondino.fr\/en\/en1317-standard\/","og_locale":"en_US","og_type":"article","og_title":"EN1317 STANDARD","og_description":"EN1317 STANDARD Safety guardrails must comply with the EN1317 standard and must be CE certified by an approved certification body (ASCQUER or equivalent). The CE marking guarantees the product\u2019s compliance with the EN1317 standard in terms of performance criteria and traceability. The CE marking does not guarantee the product\u2019s durability; only the manufacturer is authorized [&hellip;]","og_url":"https:\/\/rondino.fr\/en\/en1317-standard\/","og_site_name":"Rondino","article_publisher":"https:\/\/www.facebook.com\/gaillardrondino\/","article_modified_time":"2026-03-09T13:12:31+00:00","og_image":[{"width":618,"height":376,"url":"https:\/\/rondino.fr\/wp-content\/uploads\/2024\/12\/niveau-retenue.png","type":"image\/png"}],"twitter_card":"summary_large_image","twitter_misc":{"Est. reading time":"1 minute"},"schema":{"@context":"https:\/\/schema.org","@graph":[{"@type":"WebPage","@id":"https:\/\/rondino.fr\/en\/en1317-standard\/","url":"https:\/\/rondino.fr\/en\/en1317-standard\/","name":"EN1317 STANDARD - Rondino","isPartOf":{"@id":"https:\/\/rondino.fr\/en\/#website"},"primaryImageOfPage":{"@id":"https:\/\/rondino.fr\/en\/en1317-standard\/#primaryimage"},"image":{"@id":"https:\/\/rondino.fr\/en\/en1317-standard\/#primaryimage"},"thumbnailUrl":"https:\/\/rondino.fr\/wp-content\/uploads\/2024\/12\/niveau-retenue.png","datePublished":"2024-09-18T12:55:41+00:00","dateModified":"2026-03-09T13:12:31+00:00","breadcrumb":{"@id":"https:\/\/rondino.fr\/en\/en1317-standard\/#breadcrumb"},"inLanguage":"en-US","potentialAction":[{"@type":"ReadAction","target":["https:\/\/rondino.fr\/en\/en1317-standard\/"]}]},{"@type":"ImageObject","inLanguage":"en-US","@id":"https:\/\/rondino.fr\/en\/en1317-standard\/#primaryimage","url":"https:\/\/rondino.fr\/wp-content\/uploads\/2024\/12\/niveau-retenue.png","contentUrl":"https:\/\/rondino.fr\/wp-content\/uploads\/2024\/12\/niveau-retenue.png"},{"@type":"BreadcrumbList","@id":"https:\/\/rondino.fr\/en\/en1317-standard\/#breadcrumb","itemListElement":[{"@type":"ListItem","position":1,"name":"Accueil","item":"https:\/\/rondino.fr\/en\/home\/"},{"@type":"ListItem","position":2,"name":"EN1317 STANDARD"}]},{"@type":"WebSite","@id":"https:\/\/rondino.fr\/en\/#website","url":"https:\/\/rondino.fr\/en\/","name":"Rondino","description":"La solution bois pour vos am\u00e9nagements ext\u00e9rieurs et routiers","publisher":{"@id":"https:\/\/rondino.fr\/en\/#organization"},"potentialAction":[{"@type":"SearchAction","target":{"@type":"EntryPoint","urlTemplate":"https:\/\/rondino.fr\/en\/?s={search_term_string}"},"query-input":{"@type":"PropertyValueSpecification","valueRequired":true,"valueName":"search_term_string"}}],"inLanguage":"en-US"},{"@type":"Organization","@id":"https:\/\/rondino.fr\/en\/#organization","name":"Rondino","url":"https:\/\/rondino.fr\/en\/","logo":{"@type":"ImageObject","inLanguage":"en-US","@id":"https:\/\/rondino.fr\/en\/#\/schema\/logo\/image\/","url":"https:\/\/rondino.fr\/wp-content\/uploads\/2023\/06\/Rondino-Logo.png","contentUrl":"https:\/\/rondino.fr\/wp-content\/uploads\/2023\/06\/Rondino-Logo.png","width":394,"height":132,"caption":"Rondino"},"image":{"@id":"https:\/\/rondino.fr\/en\/#\/schema\/logo\/image\/"},"sameAs":["https:\/\/www.facebook.com\/gaillardrondino\/","https:\/\/www.linkedin.com\/company\/rondino","https:\/\/www.instagram.com\/rondino.fr\/"],"email":"info@rondino.fr","legalName":"GAILLARD RONDINO","numberOfEmployees":{"@type":"QuantitativeValue","minValue":"51","maxValue":"200"}}]}},"_links":{"self":[{"href":"https:\/\/rondino.fr\/en\/wp-json\/wp\/v2\/pages\/22231","targetHints":{"allow":["GET"]}}],"collection":[{"href":"https:\/\/rondino.fr\/en\/wp-json\/wp\/v2\/pages"}],"about":[{"href":"https:\/\/rondino.fr\/en\/wp-json\/wp\/v2\/types\/page"}],"author":[{"embeddable":true,"href":"https:\/\/rondino.fr\/en\/wp-json\/wp\/v2\/users\/1"}],"replies":[{"embeddable":true,"href":"https:\/\/rondino.fr\/en\/wp-json\/wp\/v2\/comments?post=22231"}],"version-history":[{"count":1,"href":"https:\/\/rondino.fr\/en\/wp-json\/wp\/v2\/pages\/22231\/revisions"}],"predecessor-version":[{"id":22236,"href":"https:\/\/rondino.fr\/en\/wp-json\/wp\/v2\/pages\/22231\/revisions\/22236"}],"wp:attachment":[{"href":"https:\/\/rondino.fr\/en\/wp-json\/wp\/v2\/media?parent=22231"}],"curies":[{"name":"wp","href":"https:\/\/api.w.org\/{rel}","templated":true}]}}