{"id":22220,"date":"2024-09-13T13:36:57","date_gmt":"2024-09-13T11:36:57","guid":{"rendered":"https:\/\/rondino.fr\/motorcycle-protection\/"},"modified":"2026-03-09T11:38:34","modified_gmt":"2026-03-09T10:38:34","slug":"motorcycle-protection","status":"publish","type":"page","link":"https:\/\/rondino.fr\/en\/motorcycle-protection\/","title":{"rendered":"MOTORCYCLE PROTECTION"},"content":{"rendered":"\t\t<div data-elementor-type=\"wp-page\" data-elementor-id=\"22220\" class=\"elementor elementor-22220 elementor-14965\" data-elementor-post-type=\"page\">\n\t\t\t\t<div class=\"elementor-element elementor-element-dfcb622 e-flex e-con-boxed e-con e-parent\" data-id=\"dfcb622\" data-element_type=\"container\" data-e-type=\"container\">\n\t\t\t\t\t<div class=\"e-con-inner\">\n\t\t\t\t<div class=\"elementor-element elementor-element-cbcb9bc elementor-widget elementor-widget-spacer\" data-id=\"cbcb9bc\" data-element_type=\"widget\" data-e-type=\"widget\" data-widget_type=\"spacer.default\">\n\t\t\t\t<div class=\"elementor-widget-container\">\n\t\t\t\t\t\t\t<div class=\"elementor-spacer\">\n\t\t\t<div class=\"elementor-spacer-inner\"><\/div>\n\t\t<\/div>\n\t\t\t\t\t\t<\/div>\n\t\t\t\t<\/div>\n\t\t\t\t\t<\/div>\n\t\t\t\t<\/div>\n\t\t<div class=\"elementor-element elementor-element-a605b3e e-flex e-con-boxed e-con e-parent\" data-id=\"a605b3e\" data-element_type=\"container\" data-e-type=\"container\">\n\t\t\t\t\t<div class=\"e-con-inner\">\n\t\t\t\t<div class=\"elementor-element elementor-element-ca97a85 elementor-widget elementor-widget-heading\" data-id=\"ca97a85\" data-element_type=\"widget\" data-e-type=\"widget\" data-widget_type=\"heading.default\">\n\t\t\t\t<div class=\"elementor-widget-container\">\n\t\t\t\t\t<h1 class=\"elementor-heading-title elementor-size-default\">MOTORCYCLE PROTECTION<\/h1>\t\t\t\t<\/div>\n\t\t\t\t<\/div>\n\t\t\t\t\t<\/div>\n\t\t\t\t<\/div>\n\t\t<div class=\"elementor-element elementor-element-54934e9 e-flex e-con-boxed e-con e-parent\" data-id=\"54934e9\" data-element_type=\"container\" data-e-type=\"container\">\n\t\t\t\t\t<div class=\"e-con-inner\">\n\t\t<div class=\"elementor-element elementor-element-d4fcf87 e-con-full e-flex e-con e-child\" data-id=\"d4fcf87\" data-element_type=\"container\" data-e-type=\"container\">\n\t\t\t\t<div class=\"elementor-element elementor-element-922ccc2 elementor-widget elementor-widget-image\" data-id=\"922ccc2\" data-element_type=\"widget\" data-e-type=\"widget\" data-widget_type=\"image.default\">\n\t\t\t\t<div class=\"elementor-widget-container\">\n\t\t\t\t\t\t\t\t\t\t\t\t\t\t\t<img fetchpriority=\"high\" decoding=\"async\" width=\"600\" height=\"450\" src=\"https:\/\/rondino.fr\/wp-content\/uploads\/2024\/09\/Protection-motocyclistes.jpg\" class=\"attachment-large size-large wp-image-22221\" alt=\"Protection pour motocycliste en m\u00e9tal pour s\u00e9curisation des routes et am\u00e9nagement de voirie.\" srcset=\"https:\/\/rondino.fr\/wp-content\/uploads\/2024\/09\/Protection-motocyclistes.jpg 600w, https:\/\/rondino.fr\/wp-content\/uploads\/2024\/09\/Protection-motocyclistes-512x384.jpg 512w, https:\/\/rondino.fr\/wp-content\/uploads\/2024\/09\/Protection-motocyclistes-522x392.jpg 522w\" sizes=\"(max-width: 600px) 100vw, 600px\" \/>\t\t\t\t\t\t\t\t\t\t\t\t\t\t\t<\/div>\n\t\t\t\t<\/div>\n\t\t\t\t<\/div>\n\t\t<div class=\"elementor-element elementor-element-8f4f68d e-con-full e-flex e-con e-child\" data-id=\"8f4f68d\" data-element_type=\"container\" data-e-type=\"container\">\n\t\t\t\t<div class=\"elementor-element elementor-element-7493ca0 elementor-widget elementor-widget-text-editor\" data-id=\"7493ca0\" data-element_type=\"widget\" data-e-type=\"widget\" data-widget_type=\"text-editor.default\">\n\t\t\t\t<div class=\"elementor-widget-container\">\n\t\t\t\t\t\t\t\t\t<p>Motorcycle protection barrier with years of proven experience on French roads.<br>Same system applied to standard metal guardrails.<\/p><p>Moto Screen installed on guardrails of 4\u202fm or 2\u202fm length.<br>Moto Screen for G2M\/G2M+ | Ref: 800\u202f405<br>Moto Screen for G4M\/G4M+ | Ref: 800\u202f404<br>Moto Screen for GRP | Ref: 860\u202f705<br>End Piece | Ref: 800\u202f454<\/p><p>Product Not CE Certified<\/p>\t\t\t\t\t\t\t\t<\/div>\n\t\t\t\t<\/div>\n\t\t\t\t<div class=\"elementor-element elementor-element-b515798 elementor-widget elementor-widget-heading\" data-id=\"b515798\" data-element_type=\"widget\" data-e-type=\"widget\" data-widget_type=\"heading.default\">\n\t\t\t\t<div class=\"elementor-widget-container\">\n\t\t\t\t\t<h2 class=\"elementor-heading-title elementor-size-default\">Quality - Durability<\/h2>\t\t\t\t<\/div>\n\t\t\t\t<\/div>\n\t\t\t\t<div class=\"elementor-element elementor-element-a2cc237 elementor-widget elementor-widget-text-editor\" data-id=\"a2cc237\" data-element_type=\"widget\" data-e-type=\"widget\" data-widget_type=\"text-editor.default\">\n\t\t\t\t<div class=\"elementor-widget-container\">\n\t\t\t\t\t\t\t\t\t<ul><li>Hot-Dip Galvanization and Powder Coating<\/li><li>Height 37\u202fcm \u2013 Length 4.32\u202fm<\/li><\/ul>\t\t\t\t\t\t\t\t<\/div>\n\t\t\t\t<\/div>\n\t\t\t\t<\/div>\n\t\t\t\t\t<\/div>\n\t\t\t\t<\/div>\n\t\t\t\t<section class=\"elementor-section elementor-top-section elementor-element elementor-element-11a49b83 elementor-section-full_width elementor-section-height-default elementor-section-height-default\" data-id=\"11a49b83\" data-element_type=\"section\" data-e-type=\"section\" data-settings=\"{&quot;background_background&quot;:&quot;classic&quot;}\">\n\t\t\t\t\t\t<div class=\"elementor-container elementor-column-gap-default\">\n\t\t\t\t\t<div class=\"elementor-column elementor-col-100 elementor-top-column elementor-element elementor-element-42d6a7fd\" data-id=\"42d6a7fd\" data-element_type=\"column\" data-e-type=\"column\" data-settings=\"{&quot;background_background&quot;:&quot;classic&quot;}\">\n\t\t\t<div class=\"elementor-widget-wrap elementor-element-populated\">\n\t\t\t\t\t\t<div class=\"elementor-element elementor-element-3735c2d8 elementor-widget elementor-widget-heading\" data-id=\"3735c2d8\" data-element_type=\"widget\" data-e-type=\"widget\" data-widget_type=\"heading.default\">\n\t\t\t\t<div class=\"elementor-widget-container\">\n\t\t\t\t\t<h2 class=\"elementor-heading-title elementor-size-default\">NEED MORE INFORMATION?<br>A CUSTOM PROJECT?<\/h2>\t\t\t\t<\/div>\n\t\t\t\t<\/div>\n\t\t\t\t<div class=\"elementor-element elementor-element-28625b4a elementor-align-center elementor-widget elementor-widget-button\" data-id=\"28625b4a\" data-element_type=\"widget\" data-e-type=\"widget\" data-widget_type=\"button.default\">\n\t\t\t\t<div class=\"elementor-widget-container\">\n\t\t\t\t\t\t\t\t\t<div class=\"elementor-button-wrapper\">\n\t\t\t\t\t<a class=\"elementor-button elementor-button-link elementor-size-sm\" href=\"https:\/\/rondino.fr\/en\/contact\/\">\n\t\t\t\t\t\t<span class=\"elementor-button-content-wrapper\">\n\t\t\t\t\t\t<span class=\"elementor-button-icon\">\n\t\t\t\t<i aria-hidden=\"true\" class=\"fas fa-paper-plane\"><\/i>\t\t\t<\/span>\n\t\t\t\t\t\t\t\t\t<span class=\"elementor-button-text\">WRITE TO US<\/span>\n\t\t\t\t\t<\/span>\n\t\t\t\t\t<\/a>\n\t\t\t\t<\/div>\n\t\t\t\t\t\t\t\t<\/div>\n\t\t\t\t<\/div>\n\t\t\t\t\t<\/div>\n\t\t<\/div>\n\t\t\t\t\t<\/div>\n\t\t<\/section>\n\t\t\t\t<\/div>\n\t\t","protected":false},"excerpt":{"rendered":"<p>MOTORCYCLE PROTECTION Motorcycle protection barrier with years of proven experience on French roads.Same system applied to standard metal guardrails. Moto Screen installed on guardrails of 4\u202fm or 2\u202fm length.Moto Screen for G2M\/G2M+ | Ref: 800\u202f405Moto Screen for G4M\/G4M+ | Ref: 800\u202f404Moto Screen for GRP | Ref: 860\u202f705End Piece | Ref: 800\u202f454 Product Not CE Certified [&hellip;]<\/p>\n","protected":false},"author":1,"featured_media":0,"parent":0,"menu_order":0,"comment_status":"closed","ping_status":"closed","template":"elementor_header_footer","meta":{"footnotes":""},"class_list":["post-22220","page","type-page","status-publish","hentry"],"yoast_head":"<!-- This site is optimized with the Yoast SEO Premium plugin v27.2 (Yoast SEO v27.4) - https:\/\/yoast.com\/product\/yoast-seo-premium-wordpress\/ -->\n<title>MOTORCYCLE PROTECTION - Rondino<\/title>\n<meta name=\"robots\" content=\"index, follow, max-snippet:-1, max-image-preview:large, max-video-preview:-1\" \/>\n<link rel=\"canonical\" href=\"https:\/\/rondino.fr\/en\/motorcycle-protection\/\" \/>\n<meta property=\"og:locale\" content=\"en_US\" \/>\n<meta property=\"og:type\" content=\"article\" \/>\n<meta property=\"og:title\" content=\"MOTORCYCLE PROTECTION\" \/>\n<meta property=\"og:description\" content=\"MOTORCYCLE PROTECTION Motorcycle protection barrier with years of proven experience on French roads.Same system applied to standard metal guardrails. Moto Screen installed on guardrails of 4\u202fm or 2\u202fm length.Moto Screen for G2M\/G2M+ | Ref: 800\u202f405Moto Screen for G4M\/G4M+ | Ref: 800\u202f404Moto Screen for GRP | Ref: 860\u202f705End Piece | Ref: 800\u202f454 Product Not CE Certified [&hellip;]\" \/>\n<meta property=\"og:url\" content=\"https:\/\/rondino.fr\/en\/motorcycle-protection\/\" \/>\n<meta property=\"og:site_name\" content=\"Rondino\" \/>\n<meta property=\"article:publisher\" content=\"https:\/\/www.facebook.com\/gaillardrondino\/\" \/>\n<meta property=\"article:modified_time\" content=\"2026-03-09T10:38:34+00:00\" \/>\n<meta property=\"og:image\" content=\"https:\/\/rondino.fr\/wp-content\/uploads\/2024\/09\/Protection-motocyclistes.jpg\" \/>\n\t<meta property=\"og:image:width\" content=\"600\" \/>\n\t<meta property=\"og:image:height\" content=\"450\" \/>\n\t<meta property=\"og:image:type\" content=\"image\/jpeg\" \/>\n<meta name=\"twitter:card\" content=\"summary_large_image\" \/>\n<script type=\"application\/ld+json\" class=\"yoast-schema-graph\">{\"@context\":\"https:\\\/\\\/schema.org\",\"@graph\":[{\"@type\":\"WebPage\",\"@id\":\"https:\\\/\\\/rondino.fr\\\/en\\\/motorcycle-protection\\\/\",\"url\":\"https:\\\/\\\/rondino.fr\\\/en\\\/motorcycle-protection\\\/\",\"name\":\"MOTORCYCLE PROTECTION - Rondino\",\"isPartOf\":{\"@id\":\"https:\\\/\\\/rondino.fr\\\/en\\\/#website\"},\"primaryImageOfPage\":{\"@id\":\"https:\\\/\\\/rondino.fr\\\/en\\\/motorcycle-protection\\\/#primaryimage\"},\"image\":{\"@id\":\"https:\\\/\\\/rondino.fr\\\/en\\\/motorcycle-protection\\\/#primaryimage\"},\"thumbnailUrl\":\"https:\\\/\\\/rondino.fr\\\/wp-content\\\/uploads\\\/2024\\\/09\\\/Protection-motocyclistes.jpg\",\"datePublished\":\"2024-09-13T11:36:57+00:00\",\"dateModified\":\"2026-03-09T10:38:34+00:00\",\"breadcrumb\":{\"@id\":\"https:\\\/\\\/rondino.fr\\\/en\\\/motorcycle-protection\\\/#breadcrumb\"},\"inLanguage\":\"en-US\",\"potentialAction\":[{\"@type\":\"ReadAction\",\"target\":[\"https:\\\/\\\/rondino.fr\\\/en\\\/motorcycle-protection\\\/\"]}]},{\"@type\":\"ImageObject\",\"inLanguage\":\"en-US\",\"@id\":\"https:\\\/\\\/rondino.fr\\\/en\\\/motorcycle-protection\\\/#primaryimage\",\"url\":\"https:\\\/\\\/rondino.fr\\\/wp-content\\\/uploads\\\/2024\\\/09\\\/Protection-motocyclistes.jpg\",\"contentUrl\":\"https:\\\/\\\/rondino.fr\\\/wp-content\\\/uploads\\\/2024\\\/09\\\/Protection-motocyclistes.jpg\"},{\"@type\":\"BreadcrumbList\",\"@id\":\"https:\\\/\\\/rondino.fr\\\/en\\\/motorcycle-protection\\\/#breadcrumb\",\"itemListElement\":[{\"@type\":\"ListItem\",\"position\":1,\"name\":\"Accueil\",\"item\":\"https:\\\/\\\/rondino.fr\\\/en\\\/home\\\/\"},{\"@type\":\"ListItem\",\"position\":2,\"name\":\"MOTORCYCLE PROTECTION\"}]},{\"@type\":\"WebSite\",\"@id\":\"https:\\\/\\\/rondino.fr\\\/en\\\/#website\",\"url\":\"https:\\\/\\\/rondino.fr\\\/en\\\/\",\"name\":\"Rondino\",\"description\":\"La solution bois pour vos am\u00e9nagements ext\u00e9rieurs et routiers\",\"publisher\":{\"@id\":\"https:\\\/\\\/rondino.fr\\\/en\\\/#organization\"},\"potentialAction\":[{\"@type\":\"SearchAction\",\"target\":{\"@type\":\"EntryPoint\",\"urlTemplate\":\"https:\\\/\\\/rondino.fr\\\/en\\\/?s={search_term_string}\"},\"query-input\":{\"@type\":\"PropertyValueSpecification\",\"valueRequired\":true,\"valueName\":\"search_term_string\"}}],\"inLanguage\":\"en-US\"},{\"@type\":\"Organization\",\"@id\":\"https:\\\/\\\/rondino.fr\\\/en\\\/#organization\",\"name\":\"Rondino\",\"url\":\"https:\\\/\\\/rondino.fr\\\/en\\\/\",\"logo\":{\"@type\":\"ImageObject\",\"inLanguage\":\"en-US\",\"@id\":\"https:\\\/\\\/rondino.fr\\\/en\\\/#\\\/schema\\\/logo\\\/image\\\/\",\"url\":\"https:\\\/\\\/rondino.fr\\\/wp-content\\\/uploads\\\/2023\\\/06\\\/Rondino-Logo.png\",\"contentUrl\":\"https:\\\/\\\/rondino.fr\\\/wp-content\\\/uploads\\\/2023\\\/06\\\/Rondino-Logo.png\",\"width\":394,\"height\":132,\"caption\":\"Rondino\"},\"image\":{\"@id\":\"https:\\\/\\\/rondino.fr\\\/en\\\/#\\\/schema\\\/logo\\\/image\\\/\"},\"sameAs\":[\"https:\\\/\\\/www.facebook.com\\\/gaillardrondino\\\/\",\"https:\\\/\\\/www.linkedin.com\\\/company\\\/rondino\",\"https:\\\/\\\/www.instagram.com\\\/rondino.fr\\\/\"],\"email\":\"info@rondino.fr\",\"legalName\":\"GAILLARD RONDINO\",\"numberOfEmployees\":{\"@type\":\"QuantitativeValue\",\"minValue\":\"51\",\"maxValue\":\"200\"}}]}<\/script>\n<!-- \/ Yoast SEO Premium plugin. -->","yoast_head_json":{"title":"MOTORCYCLE PROTECTION - Rondino","robots":{"index":"index","follow":"follow","max-snippet":"max-snippet:-1","max-image-preview":"max-image-preview:large","max-video-preview":"max-video-preview:-1"},"canonical":"https:\/\/rondino.fr\/en\/motorcycle-protection\/","og_locale":"en_US","og_type":"article","og_title":"MOTORCYCLE PROTECTION","og_description":"MOTORCYCLE PROTECTION Motorcycle protection barrier with years of proven experience on French roads.Same system applied to standard metal guardrails. Moto Screen installed on guardrails of 4\u202fm or 2\u202fm length.Moto Screen for G2M\/G2M+ | Ref: 800\u202f405Moto Screen for G4M\/G4M+ | Ref: 800\u202f404Moto Screen for GRP | Ref: 860\u202f705End Piece | Ref: 800\u202f454 Product Not CE Certified [&hellip;]","og_url":"https:\/\/rondino.fr\/en\/motorcycle-protection\/","og_site_name":"Rondino","article_publisher":"https:\/\/www.facebook.com\/gaillardrondino\/","article_modified_time":"2026-03-09T10:38:34+00:00","og_image":[{"width":600,"height":450,"url":"https:\/\/rondino.fr\/wp-content\/uploads\/2024\/09\/Protection-motocyclistes.jpg","type":"image\/jpeg"}],"twitter_card":"summary_large_image","schema":{"@context":"https:\/\/schema.org","@graph":[{"@type":"WebPage","@id":"https:\/\/rondino.fr\/en\/motorcycle-protection\/","url":"https:\/\/rondino.fr\/en\/motorcycle-protection\/","name":"MOTORCYCLE PROTECTION - Rondino","isPartOf":{"@id":"https:\/\/rondino.fr\/en\/#website"},"primaryImageOfPage":{"@id":"https:\/\/rondino.fr\/en\/motorcycle-protection\/#primaryimage"},"image":{"@id":"https:\/\/rondino.fr\/en\/motorcycle-protection\/#primaryimage"},"thumbnailUrl":"https:\/\/rondino.fr\/wp-content\/uploads\/2024\/09\/Protection-motocyclistes.jpg","datePublished":"2024-09-13T11:36:57+00:00","dateModified":"2026-03-09T10:38:34+00:00","breadcrumb":{"@id":"https:\/\/rondino.fr\/en\/motorcycle-protection\/#breadcrumb"},"inLanguage":"en-US","potentialAction":[{"@type":"ReadAction","target":["https:\/\/rondino.fr\/en\/motorcycle-protection\/"]}]},{"@type":"ImageObject","inLanguage":"en-US","@id":"https:\/\/rondino.fr\/en\/motorcycle-protection\/#primaryimage","url":"https:\/\/rondino.fr\/wp-content\/uploads\/2024\/09\/Protection-motocyclistes.jpg","contentUrl":"https:\/\/rondino.fr\/wp-content\/uploads\/2024\/09\/Protection-motocyclistes.jpg"},{"@type":"BreadcrumbList","@id":"https:\/\/rondino.fr\/en\/motorcycle-protection\/#breadcrumb","itemListElement":[{"@type":"ListItem","position":1,"name":"Accueil","item":"https:\/\/rondino.fr\/en\/home\/"},{"@type":"ListItem","position":2,"name":"MOTORCYCLE PROTECTION"}]},{"@type":"WebSite","@id":"https:\/\/rondino.fr\/en\/#website","url":"https:\/\/rondino.fr\/en\/","name":"Rondino","description":"La solution bois pour vos am\u00e9nagements ext\u00e9rieurs et routiers","publisher":{"@id":"https:\/\/rondino.fr\/en\/#organization"},"potentialAction":[{"@type":"SearchAction","target":{"@type":"EntryPoint","urlTemplate":"https:\/\/rondino.fr\/en\/?s={search_term_string}"},"query-input":{"@type":"PropertyValueSpecification","valueRequired":true,"valueName":"search_term_string"}}],"inLanguage":"en-US"},{"@type":"Organization","@id":"https:\/\/rondino.fr\/en\/#organization","name":"Rondino","url":"https:\/\/rondino.fr\/en\/","logo":{"@type":"ImageObject","inLanguage":"en-US","@id":"https:\/\/rondino.fr\/en\/#\/schema\/logo\/image\/","url":"https:\/\/rondino.fr\/wp-content\/uploads\/2023\/06\/Rondino-Logo.png","contentUrl":"https:\/\/rondino.fr\/wp-content\/uploads\/2023\/06\/Rondino-Logo.png","width":394,"height":132,"caption":"Rondino"},"image":{"@id":"https:\/\/rondino.fr\/en\/#\/schema\/logo\/image\/"},"sameAs":["https:\/\/www.facebook.com\/gaillardrondino\/","https:\/\/www.linkedin.com\/company\/rondino","https:\/\/www.instagram.com\/rondino.fr\/"],"email":"info@rondino.fr","legalName":"GAILLARD RONDINO","numberOfEmployees":{"@type":"QuantitativeValue","minValue":"51","maxValue":"200"}}]}},"_links":{"self":[{"href":"https:\/\/rondino.fr\/en\/wp-json\/wp\/v2\/pages\/22220","targetHints":{"allow":["GET"]}}],"collection":[{"href":"https:\/\/rondino.fr\/en\/wp-json\/wp\/v2\/pages"}],"about":[{"href":"https:\/\/rondino.fr\/en\/wp-json\/wp\/v2\/types\/page"}],"author":[{"embeddable":true,"href":"https:\/\/rondino.fr\/en\/wp-json\/wp\/v2\/users\/1"}],"replies":[{"embeddable":true,"href":"https:\/\/rondino.fr\/en\/wp-json\/wp\/v2\/comments?post=22220"}],"version-history":[{"count":1,"href":"https:\/\/rondino.fr\/en\/wp-json\/wp\/v2\/pages\/22220\/revisions"}],"predecessor-version":[{"id":22222,"href":"https:\/\/rondino.fr\/en\/wp-json\/wp\/v2\/pages\/22220\/revisions\/22222"}],"wp:attachment":[{"href":"https:\/\/rondino.fr\/en\/wp-json\/wp\/v2\/media?parent=22220"}],"curies":[{"name":"wp","href":"https:\/\/api.w.org\/{rel}","templated":true}]}}